{"id":42222,"date":"2021-08-30T22:46:08","date_gmt":"2021-08-30T20:46:08","guid":{"rendered":"https:\/\/leregardlibre.com\/?post_type=product&amp;p=42222"},"modified":"2021-08-30T22:46:08","modified_gmt":"2021-08-30T20:46:08","slug":"le-regard-libre-no-77","status":"publish","type":"product","link":"https:\/\/leregardlibre.sandbox-novadev.ch\/en\/product\/le-regard-libre-no-77\/","title":{"rendered":"Le Regard Libre &#8211; N\u00ba 77"},"content":{"rendered":"<p>Exemplaire papier<br \/>\nEdition de septembre 2021<br \/>\nFormat magazine papier chic (68 pages)<\/p>\n<hr \/>\n<p class=\"p1\"><strong>SOMMAIRE:<\/strong><\/p>\n<p class=\"p1\">5 | L\u2019\u00e9dito de Jonas Follonier: La fin d\u2019un consensus<br \/>\n7 | Le film de Roland Jaccard: Jacques Lecarme et moi<br \/>\n8 | Mathieu Bock-C\u00f4t\u00e9: \u00abIl y a aujourd\u2019hui une corruption intellectuelle des sciences sociales\u00bb<\/p>\n<p class=\"p2\"><strong>Politique, philosophie et d\u00e9bat d\u2019id\u00e9es<\/strong><br \/>\n16 | L\u2019empire-monde chinois: une ambition contrari\u00e9e?<br \/>\n20 | Grandeur et mis\u00e8re du patriotisme footeux<br \/>\n22 | Epicure, chantre du confinement et de la d\u00e9croissance<\/p>\n<p class=\"p2\"><strong>Litt\u00e9rature<\/strong><br \/>\n24 | La vie de Chevrolet racont\u00e9e par un Romand<br \/>\n26 | <span class=\"s1\"><i>Ma d\u00e9votion<\/i>: derri\u00e8re chaque grande femme se cache un homme<br \/>\n<\/span>28 | Metin Arditi et la peinture des \u00e2mes<\/p>\n<p class=\"p3\"><span class=\"s2\"><b>32 | <\/b><\/span><b>DOSSIER: Les arts face au pouvoir russe<br \/>\n<\/b>34 | Georges Nivat: \u00abLe larron peut devenir un saint\u00bb<br \/>\n39 | L\u2019art contemporain en pi\u00e8tre \u00e9tat par l\u2019activisme de Pavlenski<br \/>\n<span class=\"s3\">42 | Les d\u00e9chirements politiques de l\u2019auteur russe Zakhar Prilepine<br \/>\n<\/span>46 | Dmitri Chostakovitch, un funambule face au pouvoir<\/p>\n<p class=\"p2\"><strong>Gastronomie<\/strong><br \/>\n50 | <span class=\"s3\">Diversification des bi\u00e8res sans alcool: nous en avons d\u00e9gust\u00e9<\/span><\/p>\n<p class=\"p2\"><strong>Arts visuels<\/strong><br \/>\n52 | Un peintre lucernois \u00e0 la Fondation de l\u2019Ermitage<br \/>\n56 | Photographies de Nicolas Locatelli<br \/>\n60 | Le Vaudois Lo\u00efc Gasch en \u00e9l\u00e9vation\u00a0olympique<br \/>\n66 | Talon d\u2019abonnement et formulaire de m\u00e9c\u00e9nat<\/p>\n<p class=\"p1\">67 | Impressum<br \/>\n68 | Citations<\/p>","protected":false},"excerpt":{"rendered":"<p>Exemplaire papier Edition de septembre 2021 Format magazine papier chic (68 pages) SOMMAIRE: 5 | L\u2019\u00e9dito de Jonas Follonier: La fin d\u2019un consensus 7 | Le film de Roland Jaccard: Jacques Lecarme et moi 8 | Mathieu Bock-C\u00f4t\u00e9: \u00abIl y [&hellip;]<\/p>","protected":false},"featured_media":42223,"comment_status":"open","ping_status":"closed","template":"","meta":{"_acf_changed":false},"product_brand":[],"product_cat":[1228],"product_tag":[],"class_list":{"0":"post-42222","1":"product","2":"type-product","3":"status-publish","4":"has-post-thumbnail","6":"product_cat-numeros","8":"first","9":"instock","10":"shipping-taxable","11":"purchasable","12":"product-type-variable"},"acf":[],"_links":{"self":[{"href":"https:\/\/leregardlibre.sandbox-novadev.ch\/en\/wp-json\/wp\/v2\/product\/42222","targetHints":{"allow":["GET"]}}],"collection":[{"href":"https:\/\/leregardlibre.sandbox-novadev.ch\/en\/wp-json\/wp\/v2\/product"}],"about":[{"href":"https:\/\/leregardlibre.sandbox-novadev.ch\/en\/wp-json\/wp\/v2\/types\/product"}],"replies":[{"embeddable":true,"href":"https:\/\/leregardlibre.sandbox-novadev.ch\/en\/wp-json\/wp\/v2\/comments?post=42222"}],"wp:featuredmedia":[{"embeddable":true,"href":"https:\/\/leregardlibre.sandbox-novadev.ch\/en\/wp-json\/"}],"wp:attachment":[{"href":"https:\/\/leregardlibre.sandbox-novadev.ch\/en\/wp-json\/wp\/v2\/media?parent=42222"}],"wp:term":[{"taxonomy":"product_brand","embeddable":true,"href":"https:\/\/leregardlibre.sandbox-novadev.ch\/en\/wp-json\/wp\/v2\/product_brand?post=42222"},{"taxonomy":"product_cat","embeddable":true,"href":"https:\/\/leregardlibre.sandbox-novadev.ch\/en\/wp-json\/wp\/v2\/product_cat?post=42222"},{"taxonomy":"product_tag","embeddable":true,"href":"https:\/\/leregardlibre.sandbox-novadev.ch\/en\/wp-json\/wp\/v2\/product_tag?post=42222"}],"curies":[{"name":"wp","href":"https:\/\/api.w.org\/{rel}","templated":true}]}}