{"id":40997,"date":"2021-06-12T11:20:36","date_gmt":"2021-06-12T09:20:36","guid":{"rendered":"https:\/\/leregardlibre.com\/?post_type=product&amp;p=40997"},"modified":"2021-06-12T11:20:36","modified_gmt":"2021-06-12T09:20:36","slug":"le-regard-libre-no-75","status":"publish","type":"product","link":"https:\/\/leregardlibre.sandbox-novadev.ch\/en\/product\/le-regard-libre-no-75\/","title":{"rendered":"Le Regard Libre &#8211; N\u00ba 75"},"content":{"rendered":"<p>Exemplaire papier<br \/>\nEdition de juin 2021<br \/>\nFormat magazine papier chic (68 pages)<\/p>\n<hr \/>\n<p class=\"p1\"><strong>SOMMAIRE:<\/strong><\/p>\n<p class=\"p1\">5 | L\u2019\u00e9dito de Jonas Follonier<br \/>\n7 | La lecture de Pascal Couchepin<br \/>\n8 | <a href=\"https:\/\/fr.wikipedia.org\/wiki\/William_Sheller\">William Sheller<\/a> arr\u00eate la chanson et se livre: \u00abEn 2018, un autre moi est n\u00e9\u00bb<\/p>\n<p class=\"p2\"><strong>Politique<br \/>\n<\/strong>16 | L\u2019Allemagne a-t-elle accompli sa r\u00e9volution?<br \/>\n18 | Figure du Hirak alg\u00e9rien, Kaddour Chouicha t\u00e9moigne<br \/>\n20 | <span class=\"s1\">Les biocarburants et le r\u00f4le essentiel des Etats pour l\u2019avenir de la plan\u00e8te<br \/>\n<\/span>24 | Querelle sur les droits: l\u2019homme n\u2019est pas une abstraction<br \/>\n26 | Il y a individualisme et individualisme&#8230;<\/p>\n<p class=\"p2\"><strong>Litt\u00e9rature<\/strong><br \/>\n28 | L\u2019\u00e9crivain et ses mensonges: comment un auteur se cr\u00e9e une l\u00e9gende<br \/>\n34 | Quand une BD nous avertit sur cet Etat qui nous veut du bien<br \/>\n36 | <span class=\"s1\">Fl\u00e2neries et pens\u00e9es d\u2019un promeneur solitaire en temps de crise sanitaire<\/span><\/p>\n<p class=\"p2\"><strong><span class=\"s2\">Cin\u00e9ma<br \/>\n<\/span><\/strong>39 | Voir et revoir <i>Playtime<\/i>, vieux chef-d\u2019\u0153uvre de Jacques Tati<br \/>\n42 | Le choix du verre \u00e0 moiti\u00e9 vide dans <i>Drunk<br \/>\n<\/i>44 | <i>Adieu les cons<\/i> et bonjour le cin\u00e9ma frustrant<br \/>\n46 | <i>Sky Rojo<\/i> et nuages mena\u00e7ants<\/p>\n<p class=\"p2\"><strong>Arts visuels<\/strong><br \/>\n48 | Champ et hors-champ (carte blanche de Patrick Gilli\u00e9ron Lopreno)<br \/>\n50 | Smallville sort les griffes<br \/>\n52 | L\u2019acc\u00e8s \u00e0 l\u2019art<br \/>\n56 | Photographies d\u2019un ciel nocturne dans le canton de Fribourg<\/p>\n<p class=\"p2\">60 | Voile: Nils Theuninck, le Pulli\u00e9ran qui r\u00eavait d\u2019Enoshima<span class=\"Apple-converted-space\"><br \/>\n<\/span>66 | Talon d\u2019abonnement et formulaire de m\u00e9c\u00e9nat<br \/>\n67 | Impressum<br \/>\n68 | Citations<\/p>","protected":false},"excerpt":{"rendered":"<p>Exemplaire papier Edition de juin 2021 Format magazine papier chic (68 pages) SOMMAIRE: 5 | L\u2019\u00e9dito de Jonas Follonier 7 | La lecture de Pascal Couchepin 8 | William Sheller arr\u00eate la chanson et se livre: \u00abEn 2018, un autre [&hellip;]<\/p>","protected":false},"featured_media":40998,"comment_status":"open","ping_status":"closed","template":"","meta":{"_acf_changed":false},"product_brand":[],"product_cat":[1228],"product_tag":[],"class_list":{"0":"post-40997","1":"product","2":"type-product","3":"status-publish","4":"has-post-thumbnail","6":"product_cat-numeros","8":"first","9":"instock","10":"shipping-taxable","11":"purchasable","12":"product-type-variable"},"acf":[],"_links":{"self":[{"href":"https:\/\/leregardlibre.sandbox-novadev.ch\/en\/wp-json\/wp\/v2\/product\/40997","targetHints":{"allow":["GET"]}}],"collection":[{"href":"https:\/\/leregardlibre.sandbox-novadev.ch\/en\/wp-json\/wp\/v2\/product"}],"about":[{"href":"https:\/\/leregardlibre.sandbox-novadev.ch\/en\/wp-json\/wp\/v2\/types\/product"}],"replies":[{"embeddable":true,"href":"https:\/\/leregardlibre.sandbox-novadev.ch\/en\/wp-json\/wp\/v2\/comments?post=40997"}],"wp:featuredmedia":[{"embeddable":true,"href":"https:\/\/leregardlibre.sandbox-novadev.ch\/en\/wp-json\/"}],"wp:attachment":[{"href":"https:\/\/leregardlibre.sandbox-novadev.ch\/en\/wp-json\/wp\/v2\/media?parent=40997"}],"wp:term":[{"taxonomy":"product_brand","embeddable":true,"href":"https:\/\/leregardlibre.sandbox-novadev.ch\/en\/wp-json\/wp\/v2\/product_brand?post=40997"},{"taxonomy":"product_cat","embeddable":true,"href":"https:\/\/leregardlibre.sandbox-novadev.ch\/en\/wp-json\/wp\/v2\/product_cat?post=40997"},{"taxonomy":"product_tag","embeddable":true,"href":"https:\/\/leregardlibre.sandbox-novadev.ch\/en\/wp-json\/wp\/v2\/product_tag?post=40997"}],"curies":[{"name":"wp","href":"https:\/\/api.w.org\/{rel}","templated":true}]}}