{"id":40506,"date":"2021-05-12T09:43:11","date_gmt":"2021-05-12T07:43:11","guid":{"rendered":"https:\/\/leregardlibre.com\/?post_type=product&amp;p=40506"},"modified":"2021-05-12T09:43:11","modified_gmt":"2021-05-12T07:43:11","slug":"le-regard-libre-no-74","status":"publish","type":"product","link":"https:\/\/leregardlibre.sandbox-novadev.ch\/en\/product\/le-regard-libre-no-74\/","title":{"rendered":"Le Regard Libre &#8211; N\u00ba 74"},"content":{"rendered":"<p>Exemplaire papier<br \/>\nEdition de mai 2021<br \/>\nFormat magazine papier chic (68 pages)<\/p>\n<hr \/>\n<p class=\"p1\">SOMMAIRE:<\/p>\n<p class=\"p1\"><span class=\"s1\">4 | L\u2019\u00e9dito de Jonas Follonier: L\u2019\u00e9comodernisme, pour une \u00e9cologie joyeuse<\/span><\/p>\n<p class=\"p1\">7 | Au Liban avec Sophie Woeldgen: Petits arrangements affectifs<\/p>\n<p class=\"p1\">8 | Pascal Vandenberghe: \u00abLe livre forme l\u2019esprit critique et citoyen\u00bb<\/p>\n<p class=\"p1\">14 | Birmanie: la crainte d\u2019un Etat failli<\/p>\n<p class=\"p1\">16 | 1938: la Suisse, nid d\u2019espions nazis<\/p>\n<p class=\"p1\">20 | Qui n\u2019a jamais voulu coudre un soleil lorsque<br \/>\nla vie est trop sombre?<\/p>\n<p class=\"p1\">23 | Na\u00eetre et \u00eatre <i>Fille<\/i>, selon Camille Laurens<\/p>\n<p class=\"p1\">24 | <i>Champs<\/i>, une ode aux paysans suisses<\/p>\n<p class=\"p1\">28 | Tcha\u00efkovski, fragile et pourtant ma\u00eetre de son destin<\/p>\n<p class=\"p3\"><strong>32 | Dossier r\u00e9tro: la figure du musicien au cin\u00e9ma<br \/>\n<\/strong><i>Lara Jenkins<\/i>: l\u2019exigence ordinaire<br \/>\n<i>Only Lovers Left Alive<\/i>, la musique face au d\u00e9senchantement<br \/>\n<i>Chico &amp; Rita<\/i>: peinture sociale d\u2019un r\u00eave bris\u00e9<br \/>\n<i>Grand Piano<\/i>: de la musique, vraiment?<br \/>\n<i>La l\u00e9gende du pianiste sur l\u2019oc\u00e9an<\/i>, l\u00e9gendaire?<\/p>\n<p class=\"p1\">48 | Pol\u00e9mique \u00e0 <i>La Libert\u00e9<\/i>:\u00a0l\u2019\u00e8re de la repentance<\/p>\n<p class=\"p1\">50 | O\u00f9 va P\u00e2que(s)?<\/p>\n<p class=\"p1\">52 | Le mythe viking<\/p>\n<p class=\"p1\">56 | Hors cadre: Le dessin et les coutures de l\u2019image<\/p>\n<p class=\"p1\">60 | Les figures f\u00e9minines du marathon olympique de Sapporo<\/p>\n<p class=\"p1\"><span class=\"Apple-converted-space\">\u00a0<\/span>66 | Talon d\u2019abonnement et formulaire de m\u00e9c\u00e9nat<\/p>\n<p class=\"p1\">67 | Impressum<\/p>\n<p class=\"p1\">68 | Citations<\/p>","protected":false},"excerpt":{"rendered":"<p>Exemplaire papier Edition de mai 2021 Format magazine papier chic (68 pages) SOMMAIRE: 4 | L\u2019\u00e9dito de Jonas Follonier: L\u2019\u00e9comodernisme, pour une \u00e9cologie joyeuse 7 | Au Liban avec Sophie Woeldgen: Petits arrangements affectifs 8 | Pascal Vandenberghe: \u00abLe livre [&hellip;]<\/p>","protected":false},"featured_media":40507,"comment_status":"open","ping_status":"closed","template":"","meta":{"_acf_changed":false},"product_brand":[],"product_cat":[1228],"product_tag":[],"class_list":{"0":"post-40506","1":"product","2":"type-product","3":"status-publish","4":"has-post-thumbnail","6":"product_cat-numeros","8":"first","9":"instock","10":"shipping-taxable","11":"purchasable","12":"product-type-simple"},"acf":[],"_links":{"self":[{"href":"https:\/\/leregardlibre.sandbox-novadev.ch\/en\/wp-json\/wp\/v2\/product\/40506","targetHints":{"allow":["GET"]}}],"collection":[{"href":"https:\/\/leregardlibre.sandbox-novadev.ch\/en\/wp-json\/wp\/v2\/product"}],"about":[{"href":"https:\/\/leregardlibre.sandbox-novadev.ch\/en\/wp-json\/wp\/v2\/types\/product"}],"replies":[{"embeddable":true,"href":"https:\/\/leregardlibre.sandbox-novadev.ch\/en\/wp-json\/wp\/v2\/comments?post=40506"}],"wp:featuredmedia":[{"embeddable":true,"href":"https:\/\/leregardlibre.sandbox-novadev.ch\/en\/wp-json\/"}],"wp:attachment":[{"href":"https:\/\/leregardlibre.sandbox-novadev.ch\/en\/wp-json\/wp\/v2\/media?parent=40506"}],"wp:term":[{"taxonomy":"product_brand","embeddable":true,"href":"https:\/\/leregardlibre.sandbox-novadev.ch\/en\/wp-json\/wp\/v2\/product_brand?post=40506"},{"taxonomy":"product_cat","embeddable":true,"href":"https:\/\/leregardlibre.sandbox-novadev.ch\/en\/wp-json\/wp\/v2\/product_cat?post=40506"},{"taxonomy":"product_tag","embeddable":true,"href":"https:\/\/leregardlibre.sandbox-novadev.ch\/en\/wp-json\/wp\/v2\/product_tag?post=40506"}],"curies":[{"name":"wp","href":"https:\/\/api.w.org\/{rel}","templated":true}]}}