{"id":38577,"date":"2021-02-17T07:34:05","date_gmt":"2021-02-17T06:34:05","guid":{"rendered":"https:\/\/leregardlibre.com\/?post_type=product&amp;p=38577"},"modified":"2021-02-17T07:34:05","modified_gmt":"2021-02-17T06:34:05","slug":"le-regard-libre-no-71","status":"publish","type":"product","link":"https:\/\/leregardlibre.sandbox-novadev.ch\/en\/product\/le-regard-libre-no-71\/","title":{"rendered":"Le Regard Libre &#8211; N\u00ba 71"},"content":{"rendered":"<p>Exemplaire papier<br \/>\nEdition de f\u00e9vrier 2021<br \/>\nFormat magazine papier chic (68 pages)<\/p>\n<hr \/>\n<p class=\"p1\">SOMMAIRE:<\/p>\n<p class=\"p1\"><span class=\"s1\"><b>6<\/b><\/span><span class=\"s2\"><b> | <\/b>L\u2019\u00e9dito de Jonas Follonier: Le d\u00e9bat sur les visages aura \u00e9t\u00e9 couvert<\/span><\/p>\n<p class=\"p1\"><span class=\"s3\"><b>7<\/b><\/span><b> | <\/b>La lecture de Pascal Couchepin: <i>Le Choc d\u00e9mographique<\/i><\/p>\n<p class=\"p1\"><span class=\"s3\"><b>8<\/b><\/span><b> | <\/b>Ramuz aujourd\u2019hui: discussion avec St\u00e9phane P\u00e9termann<\/p>\n<p class=\"p1\"><span class=\"s3\"><b>14<\/b><\/span><b> | <\/b>La d\u00e9mocratie incomprise \u00e0 l\u2019ext\u00e9rieur comme \u00e0 l\u2019int\u00e9rieur<\/p>\n<p class=\"p1\"><span class=\"s3\"><b>16<\/b><\/span><b> | Dossier d\u00e9bats: Id\u00e9ologie \u00e0 l\u2019universit\u00e9<\/b><\/p>\n<p class=\"p1\">L\u2019id\u00e9ologie <i>woke<\/i>: des faveurs pour les d\u00e9favoris\u00e9s<br \/>\nLa peur de l\u2019intelligence s\u2019invite \u00e0 l\u2019universit\u00e9<br \/>\nDu \u00abnous\u00bb au \u00abmoi\u00bb: le suicide de la gauche am\u00e9ricaine<br \/>\nPost-colonialisme: la d\u00e9faite de l\u2019universit\u00e9<\/p>\n<p class=\"p1\"><span class=\"s4\"><b>34<\/b><\/span><b> | <\/b>Le corps au temps du Covid-19<\/p>\n<p class=\"p1\"><span class=\"s4\"><b>36<\/b><\/span><b> | <\/b>Viol et personnes de jadis: un malheureux <i>Soir de f\u00eate<\/i><\/p>\n<p class=\"p1\"><span class=\"s4\"><b>38<\/b><\/span><b> | <\/b>L\u2019orgie litt\u00e9raire de Max Lobe<\/p>\n<p class=\"p1\"><span class=\"s4\"><b>40<\/b><\/span><b> | Dossier Cin\u00e9ma: Xavier Dolan<br \/>\n<\/b>Les huit films du jeune r\u00e9alisateur canadien<br \/>\ncomment\u00e9s par nos critiques<\/p>\n<p class=\"p1\"><span class=\"s4\"><b>58<\/b><\/span><b> | <\/b>Hors cadre: L\u2019\u0153uvre comme lieu de m\u00e9moire<\/p>\n<p class=\"p1\"><span class=\"s5\"><b>61<\/b><\/span><span class=\"s6\"><b> | <\/b>Le sport pour lutter contre la d\u00e9linquance juv\u00e9nile en Ouganda<\/span><\/p>\n<p class=\"p1\"><span class=\"s4\"><b>66<\/b><\/span><b> | <\/b>Talon d\u2019abonnement et formulaire de m\u00e9c\u00e9nat<\/p>\n<p class=\"p1\"><span class=\"s4\"><b>67<\/b><\/span><b> | <\/b>Impressum<\/p>\n<p class=\"p1\"><span class=\"s4\"><b>68<\/b><\/span><b> | <\/b>Citations<\/p>","protected":false},"excerpt":{"rendered":"<p>Exemplaire papier Edition de f\u00e9vrier 2021 Format magazine papier chic (68 pages) SOMMAIRE: 6 | L\u2019\u00e9dito de Jonas Follonier: Le d\u00e9bat sur les visages aura \u00e9t\u00e9 couvert 7 | La lecture de Pascal Couchepin: Le Choc d\u00e9mographique 8 | Ramuz [&hellip;]<\/p>","protected":false},"featured_media":38578,"comment_status":"open","ping_status":"closed","template":"","meta":{"_acf_changed":false},"product_brand":[],"product_cat":[1228],"product_tag":[],"class_list":{"0":"post-38577","1":"product","2":"type-product","3":"status-publish","4":"has-post-thumbnail","6":"product_cat-numeros","8":"first","9":"instock","10":"shipping-taxable","11":"purchasable","12":"product-type-simple"},"acf":[],"_links":{"self":[{"href":"https:\/\/leregardlibre.sandbox-novadev.ch\/en\/wp-json\/wp\/v2\/product\/38577","targetHints":{"allow":["GET"]}}],"collection":[{"href":"https:\/\/leregardlibre.sandbox-novadev.ch\/en\/wp-json\/wp\/v2\/product"}],"about":[{"href":"https:\/\/leregardlibre.sandbox-novadev.ch\/en\/wp-json\/wp\/v2\/types\/product"}],"replies":[{"embeddable":true,"href":"https:\/\/leregardlibre.sandbox-novadev.ch\/en\/wp-json\/wp\/v2\/comments?post=38577"}],"wp:featuredmedia":[{"embeddable":true,"href":"https:\/\/leregardlibre.sandbox-novadev.ch\/en\/wp-json\/"}],"wp:attachment":[{"href":"https:\/\/leregardlibre.sandbox-novadev.ch\/en\/wp-json\/wp\/v2\/media?parent=38577"}],"wp:term":[{"taxonomy":"product_brand","embeddable":true,"href":"https:\/\/leregardlibre.sandbox-novadev.ch\/en\/wp-json\/wp\/v2\/product_brand?post=38577"},{"taxonomy":"product_cat","embeddable":true,"href":"https:\/\/leregardlibre.sandbox-novadev.ch\/en\/wp-json\/wp\/v2\/product_cat?post=38577"},{"taxonomy":"product_tag","embeddable":true,"href":"https:\/\/leregardlibre.sandbox-novadev.ch\/en\/wp-json\/wp\/v2\/product_tag?post=38577"}],"curies":[{"name":"wp","href":"https:\/\/api.w.org\/{rel}","templated":true}]}}