{"id":38025,"date":"2021-01-20T09:05:38","date_gmt":"2021-01-20T08:05:38","guid":{"rendered":"https:\/\/leregardlibre.com\/?post_type=product&amp;p=38025"},"modified":"2021-01-20T09:05:38","modified_gmt":"2021-01-20T08:05:38","slug":"le-regard-libre-no-70","status":"publish","type":"product","link":"https:\/\/leregardlibre.sandbox-novadev.ch\/en\/product\/le-regard-libre-no-70\/","title":{"rendered":"Le Regard Libre &#8211; N\u00ba 70"},"content":{"rendered":"<p>Exemplaire papier<br \/>\nEdition de janvier 2021<br \/>\nFormat magazine papier chic (68 pages)<\/p>\n<hr \/>\n<p class=\"p1\">SOMMAIRE:<\/p>\n<p class=\"p1\"><span class=\"s1\"><b>4<\/b><\/span><span class=\"s2\"><b> | <\/b>L\u2019\u00e9dito de Jonas Follonier: Le centre n\u2019a pas le monopole de la recherche d\u2019\u00e9quilibres<\/span><\/p>\n<p class=\"p1\"><span class=\"s3\"><b>5<\/b><\/span><b> | <\/b>Au Liban avec Sophie Woeldgen: Les silences de Beyrouth<\/p>\n<p class=\"p1\"><span class=\"s1\"><b>8<\/b><\/span><b> | <\/b>\u00abLe Centre\u00bb: d\u00e9bat entre deux jeunes centristes<\/p>\n<p class=\"p1\"><span class=\"s1\"><b>12<\/b><\/span><b> | <\/b>La majorit\u00e9 des cantons ringardis\u00e9e par les mauvais perdants<\/p>\n<p class=\"p1\"><span class=\"s2\"><b>14<\/b><\/span><b> | DOSSIER: Qu\u2019est-ce que la m\u00e9tapolitique\u2009?<br \/>\n<\/b><span class=\"s3\">Johan Rochel, le tireur de ficelles de l\u2019extr\u00eame centre<br \/>\n<\/span>Julien Rochedy: \u00abLa crise profonde que traverse l\u2019Occident r\u00e9sulte d\u2019une absence totale d\u2019id\u00e9al\u00bb<br \/>\nLes id\u00e9es de r\u00e9action et de progr\u00e8s chez Jean Starobinski<\/p>\n<p class=\"p1\"><span class=\"s2\"><b>30<\/b><\/span><b> | <\/b>S\u00e9lection de nos critiques litt\u00e9raires du mois<\/p>\n<p class=\"p1\"><span class=\"s4\"><b>34<\/b><\/span><span class=\"s5\"><b> | DOSSIER: Portrait d\u2019un \u00e9crivain \u00abau-del\u00e0 de la d\u00e9cadence\u00bb<br \/>\n<\/b><\/span><span class=\"s3\">Quentin Mouron: \u00abL\u2019art m\u2019a toujours sembl\u00e9 un artifice\u00bb<br \/>\n<\/span><span class=\"s3\">Franck, un h\u00e9ros \u00abhors du monde\u00bb<br \/>\n<\/span>En route pour Vesoul!<\/p>\n<p class=\"p1\"><span class=\"s2\"><b>50<\/b><\/span><b> | <\/b>Chansons de No\u00ebl: ent\u00eatantes ou attachantes?<span class=\"Apple-converted-space\">\u00a0<\/span><\/p>\n<p class=\"p1\"><span class=\"s2\"><b>52<\/b><\/span><b> | <\/b>Johannes Brahms, ours mal l\u00e9ch\u00e9 ou homme bless\u00e9?<\/p>\n<p class=\"p1\"><span class=\"s6\"><b>56<\/b><\/span><span class=\"s7\"><b> | <\/b><i>Le printemps de la vie. Venise<\/i>: souvenir d\u2019une rencontre<\/span><\/p>\n<p class=\"p1\"><span class=\"s2\"><b>60<\/b><\/span><b> | <\/b>Sofia Gonzalez aux portes des Jeux Paralympiques de Tokyo<\/p>\n<p class=\"p1\"><span class=\"s4\"><b>66<\/b><\/span><b> | <\/b>Talon d\u2019abonnement et formulaire de m\u00e9c\u00e9nat<\/p>\n<p class=\"p1\"><span class=\"s4\"><b>67<\/b><\/span><b> | <\/b>Impressum<\/p>","protected":false},"excerpt":{"rendered":"<p>Exemplaire papier Edition de janvier 2021 Format magazine papier chic (68 pages) SOMMAIRE: 4 | L\u2019\u00e9dito de Jonas Follonier: Le centre n\u2019a pas le monopole de la recherche d\u2019\u00e9quilibres 5 | Au Liban avec Sophie Woeldgen: Les silences de Beyrouth [&hellip;]<\/p>","protected":false},"featured_media":38038,"comment_status":"open","ping_status":"closed","template":"","meta":{"_acf_changed":false},"product_brand":[],"product_cat":[1228],"product_tag":[],"class_list":{"0":"post-38025","1":"product","2":"type-product","3":"status-publish","4":"has-post-thumbnail","6":"product_cat-numeros","8":"first","9":"instock","10":"sold-individually","11":"shipping-taxable","12":"purchasable","13":"product-type-simple"},"acf":[],"_links":{"self":[{"href":"https:\/\/leregardlibre.sandbox-novadev.ch\/en\/wp-json\/wp\/v2\/product\/38025","targetHints":{"allow":["GET"]}}],"collection":[{"href":"https:\/\/leregardlibre.sandbox-novadev.ch\/en\/wp-json\/wp\/v2\/product"}],"about":[{"href":"https:\/\/leregardlibre.sandbox-novadev.ch\/en\/wp-json\/wp\/v2\/types\/product"}],"replies":[{"embeddable":true,"href":"https:\/\/leregardlibre.sandbox-novadev.ch\/en\/wp-json\/wp\/v2\/comments?post=38025"}],"wp:featuredmedia":[{"embeddable":true,"href":"https:\/\/leregardlibre.sandbox-novadev.ch\/en\/wp-json\/"}],"wp:attachment":[{"href":"https:\/\/leregardlibre.sandbox-novadev.ch\/en\/wp-json\/wp\/v2\/media?parent=38025"}],"wp:term":[{"taxonomy":"product_brand","embeddable":true,"href":"https:\/\/leregardlibre.sandbox-novadev.ch\/en\/wp-json\/wp\/v2\/product_brand?post=38025"},{"taxonomy":"product_cat","embeddable":true,"href":"https:\/\/leregardlibre.sandbox-novadev.ch\/en\/wp-json\/wp\/v2\/product_cat?post=38025"},{"taxonomy":"product_tag","embeddable":true,"href":"https:\/\/leregardlibre.sandbox-novadev.ch\/en\/wp-json\/wp\/v2\/product_tag?post=38025"}],"curies":[{"name":"wp","href":"https:\/\/api.w.org\/{rel}","templated":true}]}}