{"id":37758,"date":"2021-01-03T12:51:01","date_gmt":"2021-01-03T11:51:01","guid":{"rendered":"https:\/\/leregardlibre.com\/?post_type=product&amp;p=37758"},"modified":"2021-01-03T12:51:01","modified_gmt":"2021-01-03T11:51:01","slug":"abonnement-standard-hors-ue","status":"publish","type":"product","link":"https:\/\/leregardlibre.sandbox-novadev.ch\/en\/product\/abonnement-standard-hors-ue\/","title":{"rendered":"Abonnement standard (hors UE)"},"content":{"rendered":"<p>Acc\u00e8s \u00e0 tous les articles du site et aux \u00e9ditions papier<br \/>\nAbonnement annuel (10 num\u00e9ros)<br \/>\nEnvoi hors de l&rsquo;Union europ\u00e9enne<\/p>\n<h4><strong><em>Prix : 175.- CHF\/an<\/em><\/strong><\/h4>\n<p>(Pour un envoi en Suisse, <a href=\"https:\/\/leregardlibre.sandbox-novadev.ch\/en\/product\/le-regard-libre-abonnement-annuel-a-la-version-papier\/\">cliquez ici<\/a>)<br \/>\n(Pour un envoi en UE, <a href=\"https:\/\/leregardlibre.sandbox-novadev.ch\/en\/product\/abonnement-standard-ue\/\">cliquez ici<\/a>)<\/p>\n<p>Pour voir les tarifs postaux que nous devons respecter et qui font partie du prix de l&rsquo;abonnement: <a href=\"https:\/\/www.post.ch\/fr\/expedier-des-lettres\/documents-international\">Documents \/ International<\/a><\/p>","protected":false},"excerpt":{"rendered":"<p>Acc\u00e8s \u00e0 tous les articles du site et aux \u00e9ditions papier Abonnement annuel (10 num\u00e9ros) Envoi hors de l&rsquo;Union europ\u00e9enne Prix : 175.- CHF\/an (Pour un envoi en Suisse, cliquez ici) (Pour un envoi en UE, cliquez ici) Pour voir [&hellip;]<\/p>","protected":false},"featured_media":531051,"comment_status":"open","ping_status":"closed","template":"","meta":{"_acf_changed":false},"product_brand":[],"product_cat":[1226],"product_tag":[],"class_list":{"0":"post-37758","1":"product","2":"type-product","3":"status-publish","4":"has-post-thumbnail","6":"product_cat-abonnements","8":"first","9":"instock","10":"shipping-taxable","11":"purchasable","12":"product-type-subscription"},"acf":[],"_links":{"self":[{"href":"https:\/\/leregardlibre.sandbox-novadev.ch\/en\/wp-json\/wp\/v2\/product\/37758","targetHints":{"allow":["GET"]}}],"collection":[{"href":"https:\/\/leregardlibre.sandbox-novadev.ch\/en\/wp-json\/wp\/v2\/product"}],"about":[{"href":"https:\/\/leregardlibre.sandbox-novadev.ch\/en\/wp-json\/wp\/v2\/types\/product"}],"replies":[{"embeddable":true,"href":"https:\/\/leregardlibre.sandbox-novadev.ch\/en\/wp-json\/wp\/v2\/comments?post=37758"}],"wp:featuredmedia":[{"embeddable":true,"href":"https:\/\/leregardlibre.sandbox-novadev.ch\/en\/wp-json\/wp\/v2\/media\/531051"}],"wp:attachment":[{"href":"https:\/\/leregardlibre.sandbox-novadev.ch\/en\/wp-json\/wp\/v2\/media?parent=37758"}],"wp:term":[{"taxonomy":"product_brand","embeddable":true,"href":"https:\/\/leregardlibre.sandbox-novadev.ch\/en\/wp-json\/wp\/v2\/product_brand?post=37758"},{"taxonomy":"product_cat","embeddable":true,"href":"https:\/\/leregardlibre.sandbox-novadev.ch\/en\/wp-json\/wp\/v2\/product_cat?post=37758"},{"taxonomy":"product_tag","embeddable":true,"href":"https:\/\/leregardlibre.sandbox-novadev.ch\/en\/wp-json\/wp\/v2\/product_tag?post=37758"}],"curies":[{"name":"wp","href":"https:\/\/api.w.org\/{rel}","templated":true}]}}