{"id":37513,"date":"2020-12-18T10:45:23","date_gmt":"2020-12-18T09:45:23","guid":{"rendered":"https:\/\/leregardlibre.com\/?post_type=product&amp;p=37513"},"modified":"2020-12-18T10:45:23","modified_gmt":"2020-12-18T09:45:23","slug":"le-regard-libre-no-69","status":"publish","type":"product","link":"https:\/\/leregardlibre.sandbox-novadev.ch\/en\/product\/le-regard-libre-no-69\/","title":{"rendered":"Le Regard Libre &#8211; N\u00ba 69"},"content":{"rendered":"<p>Exemplaire papier<br \/>\nEdition de d\u00e9cembre 2020<br \/>\nFormat magazine papier chic (68 pages)<\/p>\n<hr \/>\n<p class=\"p1\">SOMMAIRE:<\/p>\n<p class=\"p1\"><span class=\"s1\"><b>4<\/b><\/span><span class=\"s2\"><b> | <\/b>L\u2019\u00e9dito de Jonas Follonier: Le livre, plus qu\u2019un bien essentiel<\/span><\/p>\n<p class=\"p1\"><span class=\"s3\"><b>5<\/b><\/span><b> | <\/b>Le film de Roland Jaccard: Le suicide, une forme d\u2019asc\u00e8se<\/p>\n<p class=\"p1\"><strong><span class=\"s4\">6<\/span> | Entretien: Pomme, po\u00e9sie dans nos c\u0153urs<\/strong><\/p>\n<p class=\"p2\"><span class=\"s5\"><b>12<\/b><\/span><span class=\"s6\"><b> | <\/b>La voie bilat\u00e9rale, une impasse depuis toujours<\/span><\/p>\n<p class=\"p1\"><span class=\"s4\"><b>16<\/b><\/span><b> | Libert\u00e9 d\u2019expression, blasph\u00e8me et nouveaux droits <\/b><em>(dossier)<\/em><\/p>\n<p class=\"p1\"><span class=\"s6\">L\u2019\u00e9trange d\u00e9finition de la libert\u00e9 d\u2019expression selon Justin Trudeau<br \/>\n<\/span>Le droit au blasph\u00e8me, un concept contre-productif<br \/>\nL\u2019impossible droit au blasph\u00e8me<\/p>\n<p class=\"p1\"><span class=\"s5\"><b>24<\/b><\/span><span class=\"s6\"><b> | <\/b>Trump n\u2019a pas \u00e9t\u00e9 une erreur de l\u2019histoire<\/span><\/p>\n<p class=\"p1\"><span class=\"s7\"><b>26<\/b><\/span><span class=\"s8\"><b> | <\/b>Les oubli\u00e9s de la litt\u00e9rature auront-ils le roman qu\u2019ils m\u00e9ritent?<\/span><\/p>\n<p class=\"p1\"><span class=\"s4\"><b>30<\/b><\/span><b> | <\/b>S\u00e9lection de nos critiques litt\u00e9raires du mois<\/p>\n<p class=\"p1\"><span class=\"s9\"><b>38<\/b><\/span><span class=\"s10\"><b> | <\/b><i>Viceversa Litt\u00e9rature<\/i>, un pont entre les litt\u00e9ratures de Suisse<\/span><\/p>\n<p class=\"p1\"><span class=\"s4\"><b>41<\/b><\/span><b> | <\/b>Fr\u00e9d\u00e9ric Guerne, ing\u00e9nieur humanitaire<\/p>\n<p class=\"p1\"><span class=\"s4\"><b>44<\/b><\/span><b> | <\/b>Omar Porras nous entretient de la fonction du th\u00e9\u00e2tre<\/p>\n<p class=\"p1\"><span class=\"s11\"><b>50<\/b><\/span><span class=\"s2\"><b> | <\/b>Quelques pistes pour bien \u00e9couter le nouvel album de Cabrel<\/span><\/p>\n<p class=\"p1\"><span class=\"s4\"><b>53<\/b><\/span><b> | <\/b>Fr\u00e9d\u00e9ric Chopin, des armes parmi les roses<\/p>\n<p class=\"p1\"><span class=\"s9\"><b>56<\/b><\/span><span class=\"s10\"><b> | <\/b><i>Nick Cave Alone at Alexandra Palace<\/i>, la gr\u00e2ce comme horizon<\/span><\/p>\n<p class=\"p1\"><span class=\"s4\"><b>58<\/b><\/span><b> | <\/b>Les bi\u00e8res triples, patrimoine historique ou triple arnaque?<\/p>\n<p class=\"p1\"><span class=\"s4\"><b>60<\/b><\/span><b> | <\/b>On a tous quelque chose en nous de Klapzuba<\/p>\n<p class=\"p1\"><span class=\"s4\"><b>66<\/b><\/span><b> | <\/b>Talon d\u2019abonnement et formulaire de m\u00e9c\u00e9nat<\/p>\n<p class=\"p1\"><span class=\"s4\"><b>67<\/b><\/span><b> | <\/b>Impressum<\/p>","protected":false},"excerpt":{"rendered":"<p>Exemplaire papier Edition de d\u00e9cembre 2020 Format magazine papier chic (68 pages) SOMMAIRE: 4 | L\u2019\u00e9dito de Jonas Follonier: Le livre, plus qu\u2019un bien essentiel 5 | Le film de Roland Jaccard: Le suicide, une forme d\u2019asc\u00e8se 6 | Entretien: [&hellip;]<\/p>","protected":false},"featured_media":37514,"comment_status":"open","ping_status":"closed","template":"","meta":{"_acf_changed":false},"product_brand":[],"product_cat":[1228],"product_tag":[],"class_list":{"0":"post-37513","1":"product","2":"type-product","3":"status-publish","4":"has-post-thumbnail","6":"product_cat-numeros","8":"first","9":"instock","10":"shipping-taxable","11":"purchasable","12":"product-type-simple"},"acf":[],"_links":{"self":[{"href":"https:\/\/leregardlibre.sandbox-novadev.ch\/en\/wp-json\/wp\/v2\/product\/37513","targetHints":{"allow":["GET"]}}],"collection":[{"href":"https:\/\/leregardlibre.sandbox-novadev.ch\/en\/wp-json\/wp\/v2\/product"}],"about":[{"href":"https:\/\/leregardlibre.sandbox-novadev.ch\/en\/wp-json\/wp\/v2\/types\/product"}],"replies":[{"embeddable":true,"href":"https:\/\/leregardlibre.sandbox-novadev.ch\/en\/wp-json\/wp\/v2\/comments?post=37513"}],"wp:featuredmedia":[{"embeddable":true,"href":"https:\/\/leregardlibre.sandbox-novadev.ch\/en\/wp-json\/"}],"wp:attachment":[{"href":"https:\/\/leregardlibre.sandbox-novadev.ch\/en\/wp-json\/wp\/v2\/media?parent=37513"}],"wp:term":[{"taxonomy":"product_brand","embeddable":true,"href":"https:\/\/leregardlibre.sandbox-novadev.ch\/en\/wp-json\/wp\/v2\/product_brand?post=37513"},{"taxonomy":"product_cat","embeddable":true,"href":"https:\/\/leregardlibre.sandbox-novadev.ch\/en\/wp-json\/wp\/v2\/product_cat?post=37513"},{"taxonomy":"product_tag","embeddable":true,"href":"https:\/\/leregardlibre.sandbox-novadev.ch\/en\/wp-json\/wp\/v2\/product_tag?post=37513"}],"curies":[{"name":"wp","href":"https:\/\/api.w.org\/{rel}","templated":true}]}}