{"id":37023,"date":"2020-11-18T12:36:44","date_gmt":"2020-11-18T11:36:44","guid":{"rendered":"https:\/\/leregardlibre.com\/?post_type=product&amp;p=37023"},"modified":"2020-11-18T12:36:44","modified_gmt":"2020-11-18T11:36:44","slug":"le-regard-libre-no-68","status":"publish","type":"product","link":"https:\/\/leregardlibre.sandbox-novadev.ch\/en\/product\/le-regard-libre-no-68\/","title":{"rendered":"Le Regard Libre &#8211; N\u00ba 68"},"content":{"rendered":"<p>Exemplaire papier<br \/>\nEdition de novembre 2020<br \/>\nFormat magazine papier chic (68 pages)<\/p>\n<hr \/>\n<p>SOMMAIRE:<\/p>\n<p class=\"p1\"><span class=\"s1\"><b>5<\/b><\/span><span class=\"s2\"><b> | <\/b>L\u2019\u00e9dito de Jonas Follonier: L\u2019avertissement de Fran\u00e7ois Sureau<\/span><\/p>\n<p class=\"p1\"><span class=\"s3\"><b>7<\/b><\/span><b> | <\/b>Le monde vu par Laure Mi Hyun Croset\u2009: Les n\u00e9ologismes<\/p>\n<p class=\"p1\"><span class=\"s3\"><b>8<\/b><\/span><b> | <\/b>Courrier des lecteurs: L\u2019ind\u00e9cent enfermement de nos a\u00een\u00e9s<\/p>\n<p class=\"p1\"><span class=\"s4\"><b>10<\/b><\/span><span class=\"s5\"><b> | <\/b>Mohamed Hamdaoui: \u00abLa Suisse n\u2019est pas \u00e9pargn\u00e9e par l\u2019islamisme \u00e0 l\u2019\u00e9cole\u00bb<\/span><\/p>\n<p class=\"p1\"><span class=\"s6\"><b>16<\/b><\/span><b> | <\/b>Soyons unis contre l\u2019islamisme<\/p>\n<p class=\"p1\"><span class=\"s6\"><b>18<\/b><\/span><b> | <\/b>Derri\u00e8re la notion de souverainet\u00e9, la fin de la na\u00efvet\u00e9<\/p>\n<p class=\"p1\"><span class=\"s6\"><b>20<\/b><\/span><b> | <\/b>Formation professionnelle: une affaire de haute \u00e9cole?<\/p>\n<p class=\"p1\"><span class=\"s6\"><b>23<\/b><\/span><b> | <\/b>Les racines de la polarisation politique am\u00e9ricaine<\/p>\n<p class=\"p1\"><span class=\"s6\"><b>26<\/b><\/span><b> | <\/b>Bernard Campiche: \u00abJe ne suis pas \u00e9diteur pour la gloire\u00bb<\/p>\n<p class=\"p1\"><span class=\"s6\"><b>32<\/b><\/span><b> | <\/b><i>D\u00e9flagration<\/i>: la proph\u00e9tie de Serge Bimpage<\/p>\n<p class=\"p1\"><span class=\"s6\"><b>34<\/b><\/span><b> | <\/b>Fran\u00e7oise Sagan avait le diable au c\u0153ur<\/p>\n<p class=\"p1\"><span class=\"s6\"><b>36<\/b><\/span><b> | <\/b><i>Le fumoir<\/i>, une vir\u00e9e cauchemardesque au c\u0153ur de l\u2019asile<\/p>\n<p class=\"p1\"><span class=\"s6\"><b>38<\/b><\/span><b> | <\/b><i>Comme un empire dans un empire<\/i>, un r\u00e9cit \u00e0 contretemps<\/p>\n<p class=\"p1\"><span class=\"s6\"><b>41<\/b><\/span><b> | <\/b>Portrait: Brigitte Rosset, l\u2019ironie comme une \u00e9p\u00e9e<\/p>\n<p class=\"p1\"><span class=\"s6\"><b>44<\/b><\/span><b> | <\/b><i>Petite s\u0153ur<\/i>: quand la Suisse fait du cin\u00e9ma<\/p>\n<p class=\"p1\"><span class=\"s6\"><b>46<\/b><\/span><b> | <\/b>Snarky Puppy: rencontre au Montreux Palace<\/p>\n<p class=\"p1\"><span class=\"s6\"><b>54<\/b><\/span><b> | <\/b>Schumann \u00e9tait-il fou? Fou d\u2019amour, en tout cas!<\/p>\n<p class=\"p1\"><span class=\"s7\"><b>58<\/b><\/span><span class=\"s8\"><b> | <\/b>Morgoran \u00e0 la Case \u00e0 Chocs: pour quelques secondes de plus<\/span><\/p>\n<p class=\"p1\"><span class=\"s9\"><b>60<\/b><\/span><span class=\"s10\"><b> | <\/b>Emma Piffaretti, de la polyvalence sur les pistes comme dans la vie<\/span><\/p>\n<p class=\"p1\"><span class=\"s6\"><b>66<\/b><\/span><b> | <\/b>Talon d\u2019abonnement et formulaire de m\u00e9c\u00e9nat<\/p>\n<p class=\"p1\"><span class=\"s6\"><b>67<\/b><\/span><b> | <\/b>Impressum<\/p>\n<p class=\"p1\"><span class=\"s6\"><b>68<\/b><\/span><b> | <\/b>Citations<\/p>","protected":false},"excerpt":{"rendered":"<p>Exemplaire papier Edition de novembre 2020 Format magazine papier chic (68 pages) SOMMAIRE: 5 | L\u2019\u00e9dito de Jonas Follonier: L\u2019avertissement de Fran\u00e7ois Sureau 7 | Le monde vu par Laure Mi Hyun Croset\u2009: Les n\u00e9ologismes 8 | Courrier des lecteurs: [&hellip;]<\/p>","protected":false},"featured_media":37024,"comment_status":"open","ping_status":"closed","template":"","meta":{"_acf_changed":false},"product_brand":[],"product_cat":[1228],"product_tag":[],"class_list":{"0":"post-37023","1":"product","2":"type-product","3":"status-publish","4":"has-post-thumbnail","6":"product_cat-numeros","8":"first","9":"instock","10":"shipping-taxable","11":"purchasable","12":"product-type-simple"},"acf":[],"_links":{"self":[{"href":"https:\/\/leregardlibre.sandbox-novadev.ch\/en\/wp-json\/wp\/v2\/product\/37023","targetHints":{"allow":["GET"]}}],"collection":[{"href":"https:\/\/leregardlibre.sandbox-novadev.ch\/en\/wp-json\/wp\/v2\/product"}],"about":[{"href":"https:\/\/leregardlibre.sandbox-novadev.ch\/en\/wp-json\/wp\/v2\/types\/product"}],"replies":[{"embeddable":true,"href":"https:\/\/leregardlibre.sandbox-novadev.ch\/en\/wp-json\/wp\/v2\/comments?post=37023"}],"wp:featuredmedia":[{"embeddable":true,"href":"https:\/\/leregardlibre.sandbox-novadev.ch\/en\/wp-json\/"}],"wp:attachment":[{"href":"https:\/\/leregardlibre.sandbox-novadev.ch\/en\/wp-json\/wp\/v2\/media?parent=37023"}],"wp:term":[{"taxonomy":"product_brand","embeddable":true,"href":"https:\/\/leregardlibre.sandbox-novadev.ch\/en\/wp-json\/wp\/v2\/product_brand?post=37023"},{"taxonomy":"product_cat","embeddable":true,"href":"https:\/\/leregardlibre.sandbox-novadev.ch\/en\/wp-json\/wp\/v2\/product_cat?post=37023"},{"taxonomy":"product_tag","embeddable":true,"href":"https:\/\/leregardlibre.sandbox-novadev.ch\/en\/wp-json\/wp\/v2\/product_tag?post=37023"}],"curies":[{"name":"wp","href":"https:\/\/api.w.org\/{rel}","templated":true}]}}