{"id":36024,"date":"2020-09-15T19:24:56","date_gmt":"2020-09-15T17:24:56","guid":{"rendered":"https:\/\/leregardlibre.com\/?post_type=product&amp;p=36024"},"modified":"2020-09-15T19:24:56","modified_gmt":"2020-09-15T17:24:56","slug":"le-regard-libre-no-67","status":"publish","type":"product","link":"https:\/\/leregardlibre.sandbox-novadev.ch\/en\/product\/le-regard-libre-no-67\/","title":{"rendered":"Le Regard Libre &#8211; N\u00ba 67"},"content":{"rendered":"<p>Exemplaire papier<br \/>\nEdition d\u2019octobre 2020<br \/>\nFormat magazine papier chic (68 pages)<\/p>\n<hr \/>\n<p>SOMMAIRE:<\/p>\n<p class=\"p1\"><span class=\"s1\"><b>5<\/b><\/span><b> | <\/b>L\u2019\u00e9dito de Loris S. Musumeci: <i>Goodbye, my love, goodbye<\/i><\/p>\n<p class=\"p1\"><span class=\"s1\"><b>7<\/b><\/span><b> | <\/b>La lecture de Pascal Couchepin: <i>Le Coran des Historiens<\/i><\/p>\n<p class=\"p1\"><span class=\"s2\"><b>8<\/b><\/span><b> | <\/b>Andr\u00e9 Comte-Sponville: \u00abNe pas aimer la vie par peur de la mort est une contradiction\u00bb<\/p>\n<p class=\"p1\"><span class=\"s2\"><b>14<\/b><\/span><b> | <\/b>Jonathan Coe: \u00abC\u2019est fascinant comme n\u2019importe quoi peut devenir politique en un rien de temps!\u00bb<\/p>\n<p><span class=\"s2\"><b>20<\/b><\/span><b> | <\/b><em>La pluie avant qu\u2019elle tombe<\/em>: la vision du d\u00e9terminisme de Jonathan Coe<\/p>\n<p class=\"p1\"><span class=\"s2\"><b>22<\/b><\/span><b> | <\/b>Le questionnaire de \u00abTrousp\u00bb de Fr\u00e9d\u00e9ric Pajak<\/p>\n<p class=\"p1\"><span class=\"s2\"><b>26<\/b><\/span><b> | <\/b>En qu\u00eate de <i>Vladivostok Circus<\/i> et d\u2019Elisa Shua Dusapin<\/p>\n<p class=\"p1\"><span class=\"s2\"><b>30<\/b><\/span><b> | <\/b>Mona Ozouf livre un magnifique plaidoyer pour la litt\u00e9rature<\/p>\n<p class=\"p1\"><span class=\"s2\"><b>36<\/b><\/span><b> | <\/b><i>Poisson d\u2019or<\/i> et chienne de vie<\/p>\n<p class=\"p1\"><span class=\"s2\"><b>38<\/b><\/span><b> | <\/b>Parlez-moi <i>De l\u2019Ame<\/i><\/p>\n<p class=\"p1\"><span class=\"s2\"><b>40<\/b><\/span><b> | <\/b>Cette \u00e9trange dame qui aimait les toilettes propres<\/p>\n<p class=\"p1\"><span class=\"s3\"><b>42<\/b><\/span><span class=\"s4\"><b> | <\/b>Sexualit\u00e9 et genre chez Sappho: un nouveau po\u00e8me \u00e9rotique<\/span><\/p>\n<p class=\"p1\"><span class=\"s2\"><b>44<\/b><\/span><b> | <\/b>D\u00e9fis pour une nouvelle rentr\u00e9e th\u00e9\u00e2trale<\/p>\n<p class=\"p1\"><span class=\"s2\"><b>48<\/b><\/span><b> | <\/b>La fugue transpos\u00e9e au piano de Beethoven<\/p>\n<p class=\"p1\"><span class=\"s2\"><b>52<\/b><\/span><b> | <\/b>Snarky Puppy, sommet du jazz contemporain<\/p>\n<p class=\"p1\"><span class=\"s2\"><b>54<\/b><\/span><b> | <\/b><i>Wooosh!<\/i>: du Deep Purple condens\u00e9<\/p>\n<p class=\"p1\"><span class=\"s2\"><b>56<\/b><\/span><b> | <\/b>Les Foxes de Pully-Lausanne repartent de plus bas pour (r\u00e9)\u00e9crire leur histoire<\/p>\n<p class=\"p1\"><span class=\"s2\"><b>62<\/b><\/span><b> | <\/b>Photographies d\u2019Indra Crittin<\/p>\n<p class=\"p1\"><span class=\"s2\"><b>66<\/b><\/span><b> | <\/b>Talon d\u2019abonnement et formulaire de m\u00e9c\u00e9nat<\/p>\n<p class=\"p1\"><span class=\"s2\"><b>67<\/b><\/span><b> | <\/b>Impressum<\/p>\n<p class=\"p1\"><span class=\"s2\"><b>68<\/b><\/span><b> | <\/b>Citations<\/p>","protected":false},"excerpt":{"rendered":"<p>Exemplaire papier Edition d\u2019octobre 2020 Format magazine papier chic (68 pages) SOMMAIRE: 5 | L\u2019\u00e9dito de Loris S. Musumeci: Goodbye, my love, goodbye 7 | La lecture de Pascal Couchepin: Le Coran des Historiens 8 | Andr\u00e9 Comte-Sponville: \u00abNe pas [&hellip;]<\/p>","protected":false},"featured_media":36025,"comment_status":"open","ping_status":"closed","template":"","meta":{"_acf_changed":false},"product_brand":[],"product_cat":[1228],"product_tag":[],"class_list":{"0":"post-36024","1":"product","2":"type-product","3":"status-publish","4":"has-post-thumbnail","6":"product_cat-numeros","8":"first","9":"outofstock","10":"sold-individually","11":"shipping-taxable","12":"purchasable","13":"product-type-simple"},"acf":[],"_links":{"self":[{"href":"https:\/\/leregardlibre.sandbox-novadev.ch\/en\/wp-json\/wp\/v2\/product\/36024","targetHints":{"allow":["GET"]}}],"collection":[{"href":"https:\/\/leregardlibre.sandbox-novadev.ch\/en\/wp-json\/wp\/v2\/product"}],"about":[{"href":"https:\/\/leregardlibre.sandbox-novadev.ch\/en\/wp-json\/wp\/v2\/types\/product"}],"replies":[{"embeddable":true,"href":"https:\/\/leregardlibre.sandbox-novadev.ch\/en\/wp-json\/wp\/v2\/comments?post=36024"}],"wp:featuredmedia":[{"embeddable":true,"href":"https:\/\/leregardlibre.sandbox-novadev.ch\/en\/wp-json\/"}],"wp:attachment":[{"href":"https:\/\/leregardlibre.sandbox-novadev.ch\/en\/wp-json\/wp\/v2\/media?parent=36024"}],"wp:term":[{"taxonomy":"product_brand","embeddable":true,"href":"https:\/\/leregardlibre.sandbox-novadev.ch\/en\/wp-json\/wp\/v2\/product_brand?post=36024"},{"taxonomy":"product_cat","embeddable":true,"href":"https:\/\/leregardlibre.sandbox-novadev.ch\/en\/wp-json\/wp\/v2\/product_cat?post=36024"},{"taxonomy":"product_tag","embeddable":true,"href":"https:\/\/leregardlibre.sandbox-novadev.ch\/en\/wp-json\/wp\/v2\/product_tag?post=36024"}],"curies":[{"name":"wp","href":"https:\/\/api.w.org\/{rel}","templated":true}]}}