{"id":35953,"date":"2020-09-09T18:54:48","date_gmt":"2020-09-09T16:54:48","guid":{"rendered":"https:\/\/leregardlibre.com\/?post_type=product&amp;p=35953"},"modified":"2020-09-09T18:54:48","modified_gmt":"2020-09-09T16:54:48","slug":"le-regard-libre-no-66","status":"publish","type":"product","link":"https:\/\/leregardlibre.sandbox-novadev.ch\/en\/product\/le-regard-libre-no-66\/","title":{"rendered":"Le Regard Libre &#8211; N\u00ba 66"},"content":{"rendered":"<p>Exemplaire papier<br \/>\nEdition de septembre 2020<br \/>\nFormat magazine papier chic (68 pages)<\/p>\n<hr \/>\n<p>SOMMAIRE:<\/p>\n<p class=\"p1\"><span class=\"s1\"><b>7<\/b><\/span><b> | <\/b>Modes de vie et arts de vivre<\/p>\n<p class=\"p1\"><span class=\"s2\"><b>8<\/b><\/span><b> | <\/b>Sommelier suisse de la bi\u00e8re: d\u00e9finition<\/p>\n<p class=\"p1\"><span class=\"s2\"><b>10<\/b><\/span><b> | <\/b>Khaled Drareni, journaliste condamn\u00e9: son fr\u00e8re t\u00e9moigne<\/p>\n<p class=\"p1\"><span class=\"s2\"><b>12<\/b><\/span><b> | <\/b>Parti r\u00e9publicain post-Trump: l\u2019impossible retour en arri\u00e8re<\/p>\n<p class=\"p1\"><span class=\"s2\"><b>15<\/b><\/span><b> | <\/b>Civilisations europ\u00e9ennes<\/p>\n<p class=\"p1\"><span class=\"s2\"><b>18<\/b><\/span><b> | <\/b>Alain Soral: \u00abd\u2019extr\u00eame droite\u00bb et puis c\u2019est tout?<\/p>\n<p class=\"p1\"><span class=\"s2\"><b>20<\/b><\/span><b> | <\/b>Col\u00e8re et tristesse virales de BHL<\/p>\n<p class=\"p1\"><span class=\"s2\"><b>24<\/b><\/span><b> | <\/b>Le cin\u00e9ma et la Shoah: un regard sur l\u2019horreur<\/p>\n<p class=\"p1\"><span class=\"s2\"><b>28<\/b><\/span><b> | <\/b>Matthieu M\u00e9gevand: pourquoi les \u00eatres humains cr\u00e9ent-ils?<\/p>\n<p class=\"p1\"><span class=\"s2\"><b>34<\/b><\/span><b> | <\/b>L\u2019insignifiante lourdeur des petites gens oubli\u00e9es<\/p>\n<p class=\"p1\"><span class=\"s2\"><b>36<\/b><\/span><b> | <\/b><i>Flammes sur #Lesbos, <\/i>le livre que l\u2019on aurait voulu aimer<\/p>\n<p class=\"p1\"><span class=\"s2\"><b>38<\/b><\/span><b> | <\/b>Mikha\u00efl Boulgakov: l\u2019homme et l\u2019artiste<\/p>\n<p class=\"p1\"><span class=\"s2\"><b>40<\/b><\/span><b> | <\/b>Jon Ferguson d\u00e9zingue dans son <i>Journal du Corona<\/i><\/p>\n<p class=\"p1\"><span class=\"s2\"><b>41<\/b><\/span><b> |<\/b> Richard Wagner, pr\u00e9curseur du cin\u00e9ma<\/p>\n<p class=\"p1\"><span class=\"s2\"><b>44<\/b><\/span><b> | <\/b>Dossier sp\u00e9cial Woody Allen<\/p>\n<p class=\"p1\"><span class=\"s2\"><b>54<\/b><\/span><b> | <\/b>Le danger de la bulle<\/p>\n<p class=\"p1\"><span class=\"s2\"><b>56<\/b><\/span><b> | <\/b>Anti-racisme: le jour o\u00f9 le sport a perdu son innocence<\/p>\n<p class=\"p1\"><span class=\"s2\"><b>62<\/b><\/span><b> | <\/b>Photographies d\u2019Indra Crittin<\/p>\n<p class=\"p1\"><span class=\"s2\"><b>66<\/b><\/span><b> | <\/b>Talon d\u2019abonnement et formulaire de m\u00e9c\u00e9nat<\/p>\n<p class=\"p1\"><span class=\"s2\"><b>67<\/b><\/span><b> | <\/b>Impressum<\/p>\n<p class=\"p1\"><span class=\"s2\"><b>68<\/b><\/span><b> | <\/b>Citations<\/p>","protected":false},"excerpt":{"rendered":"<p>Exemplaire papier Edition de septembre 2020 Format magazine papier chic (68 pages) SOMMAIRE: 7 | Modes de vie et arts de vivre 8 | Sommelier suisse de la bi\u00e8re: d\u00e9finition 10 | Khaled Drareni, journaliste condamn\u00e9: son fr\u00e8re t\u00e9moigne 12 [&hellip;]<\/p>","protected":false},"featured_media":35955,"comment_status":"open","ping_status":"closed","template":"","meta":{"_acf_changed":false},"product_brand":[],"product_cat":[1228],"product_tag":[],"class_list":{"0":"post-35953","1":"product","2":"type-product","3":"status-publish","4":"has-post-thumbnail","6":"product_cat-numeros","8":"first","9":"instock","10":"shipping-taxable","11":"purchasable","12":"product-type-simple"},"acf":[],"_links":{"self":[{"href":"https:\/\/leregardlibre.sandbox-novadev.ch\/en\/wp-json\/wp\/v2\/product\/35953","targetHints":{"allow":["GET"]}}],"collection":[{"href":"https:\/\/leregardlibre.sandbox-novadev.ch\/en\/wp-json\/wp\/v2\/product"}],"about":[{"href":"https:\/\/leregardlibre.sandbox-novadev.ch\/en\/wp-json\/wp\/v2\/types\/product"}],"replies":[{"embeddable":true,"href":"https:\/\/leregardlibre.sandbox-novadev.ch\/en\/wp-json\/wp\/v2\/comments?post=35953"}],"wp:featuredmedia":[{"embeddable":true,"href":"https:\/\/leregardlibre.sandbox-novadev.ch\/en\/wp-json\/"}],"wp:attachment":[{"href":"https:\/\/leregardlibre.sandbox-novadev.ch\/en\/wp-json\/wp\/v2\/media?parent=35953"}],"wp:term":[{"taxonomy":"product_brand","embeddable":true,"href":"https:\/\/leregardlibre.sandbox-novadev.ch\/en\/wp-json\/wp\/v2\/product_brand?post=35953"},{"taxonomy":"product_cat","embeddable":true,"href":"https:\/\/leregardlibre.sandbox-novadev.ch\/en\/wp-json\/wp\/v2\/product_cat?post=35953"},{"taxonomy":"product_tag","embeddable":true,"href":"https:\/\/leregardlibre.sandbox-novadev.ch\/en\/wp-json\/wp\/v2\/product_tag?post=35953"}],"curies":[{"name":"wp","href":"https:\/\/api.w.org\/{rel}","templated":true}]}}