{"id":35463,"date":"2018-04-17T13:48:18","date_gmt":"2018-04-17T11:48:18","guid":{"rendered":"https:\/\/leregardlibre.com\/?post_type=product&amp;p=35463"},"modified":"2018-04-17T13:48:18","modified_gmt":"2018-04-17T11:48:18","slug":"le-regard-libre-n-37","status":"publish","type":"product","link":"https:\/\/leregardlibre.sandbox-novadev.ch\/en\/product\/le-regard-libre-n-37\/","title":{"rendered":"Le Regard Libre &#8211; N\u00b0\u00a037"},"content":{"rendered":"<p>Exemplaire papier<br \/>\nEdition d&rsquo;avril 2018<br \/>\nFormat magazine papier chic (68 pages)<\/p>\n<div class=\"woocommerce-tabs wc-tabs-wrapper\">\n<div id=\"tab-description\" class=\"woocommerce-Tabs-panel woocommerce-Tabs-panel--description panel entry-content wc-tab\" role=\"tabpanel\" aria-labelledby=\"tab-title-description\">\n<p>SOMMAIRE:<\/p>\n<p class=\"p1\"><span class=\"s1\"><i>04<\/i><\/span><b> <\/b><b>Editorial<\/b><\/p>\n<p class=\"p2\">Une occasion pour la presse de se r\u00e9inventer<\/p>\n<p class=\"p4\"><span class=\"s1\"><i>05<\/i><\/span><b> <\/b><b>Dessin de presse<\/b><\/p>\n<p class=\"p2\">Les Oscars 2018, bilan d\u00e9cevant<\/p>\n<p class=\"p1\"><span class=\"s1\"><i>04<\/i><\/span><b> <\/b><b>Entretien<\/b><\/p>\n<p class=\"p6\">Metin Arditi: \u00abDans tous mes livres, j\u2019ai cherch\u00e9 l\u2019estime de mon p\u00e8re.\u00bb<\/p>\n<p class=\"p9\"><span class=\"s1\">12<\/span><b> <\/b><span class=\"s4\"><b>Politique<\/b><\/span><\/p>\n<p class=\"p6\">D\u00e9mission du premier ministre \u00e9thiopien et d\u00e9cret de l\u2019\u00e9tat d\u2019urgence<br \/>\nLe mirage olympique<br \/>\nVladimir Poutine: autoritariste de l\u2019Ancien Monde ou strat\u00e8ge hors pair?<\/p>\n<p class=\"p4\"><span class=\"s1\"><i>18<\/i><\/span><b> <\/b><b>Forum<\/b><\/p>\n<p class=\"p6\">Philosophie punk et renouveau d\u2019un style<\/p>\n<p class=\"p4\"><span class=\"s1\"><i>20<\/i><\/span><b> <\/b><b>Photographie<\/b><\/p>\n<p class=\"p6\">Portraits du quotidien<\/p>\n<p class=\"p4\"><span class=\"s1\"><i>22<\/i><\/span><b> <\/b><b>Litt\u00e9rature<\/b><\/p>\n<p class=\"p6\">Philippe Forest: \u00abDe certaines exp\u00e9riences extr\u00eames, on ne peut jamais rien dire\u00bb<br \/>\n<i>Nora<\/i>, un roman policier en plein c\u0153ur de Lucerne<\/p>\n<p class=\"p1\"><em><span class=\"s1\">28<\/span><\/em><b> <\/b><span class=\"s3\"><b>Cin\u00e9ma<br \/>\n<\/b><\/span>Critique des films r\u00e9cents<\/p>\n<p class=\"p6\"><span class=\"s1\">52<\/span><b> <\/b><span class=\"s3\"><b>Musique<\/b><\/span><\/p>\n<p class=\"p6\">Leif Vollebekk, <i>Twin Solitude<br \/>\n<\/i>Sylvan LaCue, <i>Apologies in Advance<br \/>\n<\/i>Stephan Eicher au Th\u00e9\u00e2tre de Beausobre<\/p>\n<p class=\"p10\"><span class=\"s1\">58<\/span><b> <\/b><span class=\"s3\"><b>Th\u00e9\u00e2tre<\/b><\/span><\/p>\n<p class=\"p11\">Einstein racont\u00e9 par l\u2019union des arts<br \/>\n<i>Van Gogh<\/i>, si pr\u00e8s du th\u00e9\u00e2tre albeldien<\/p>\n<p class=\"p12\"><span class=\"s1\"><i>64<\/i><\/span><b> <\/b><b>Sport<\/b><\/p>\n<p class=\"p2\">Pourquoi Sion 2026?<\/p>\n<p class=\"p13\"><span class=\"s1\">66<\/span><b> <\/b><b>Agenda culturel<\/b><\/p>\n<p class=\"p13\"><span class=\"s1\">68<\/span><b> <\/b><b>Citations<\/b><\/p>\n<\/div>\n<\/div>","protected":false},"excerpt":{"rendered":"<p>Exemplaire papier Edition d&rsquo;avril 2018 Format magazine papier chic (68 pages) SOMMAIRE: 04 Editorial Une occasion pour la presse de se r\u00e9inventer 05 Dessin de presse Les Oscars 2018, bilan d\u00e9cevant 04 Entretien Metin Arditi: \u00abDans tous mes livres, j\u2019ai [&hellip;]<\/p>","protected":false},"featured_media":528830,"comment_status":"open","ping_status":"closed","template":"","meta":{"_acf_changed":false},"product_brand":[],"product_cat":[1228],"product_tag":[],"class_list":{"0":"post-35463","1":"product","2":"type-product","3":"status-publish","4":"has-post-thumbnail","6":"product_cat-numeros","8":"first","9":"instock","10":"shipping-taxable","11":"purchasable","12":"product-type-simple"},"acf":[],"_links":{"self":[{"href":"https:\/\/leregardlibre.sandbox-novadev.ch\/en\/wp-json\/wp\/v2\/product\/35463","targetHints":{"allow":["GET"]}}],"collection":[{"href":"https:\/\/leregardlibre.sandbox-novadev.ch\/en\/wp-json\/wp\/v2\/product"}],"about":[{"href":"https:\/\/leregardlibre.sandbox-novadev.ch\/en\/wp-json\/wp\/v2\/types\/product"}],"replies":[{"embeddable":true,"href":"https:\/\/leregardlibre.sandbox-novadev.ch\/en\/wp-json\/wp\/v2\/comments?post=35463"}],"wp:featuredmedia":[{"embeddable":true,"href":"https:\/\/leregardlibre.sandbox-novadev.ch\/en\/wp-json\/"}],"wp:attachment":[{"href":"https:\/\/leregardlibre.sandbox-novadev.ch\/en\/wp-json\/wp\/v2\/media?parent=35463"}],"wp:term":[{"taxonomy":"product_brand","embeddable":true,"href":"https:\/\/leregardlibre.sandbox-novadev.ch\/en\/wp-json\/wp\/v2\/product_brand?post=35463"},{"taxonomy":"product_cat","embeddable":true,"href":"https:\/\/leregardlibre.sandbox-novadev.ch\/en\/wp-json\/wp\/v2\/product_cat?post=35463"},{"taxonomy":"product_tag","embeddable":true,"href":"https:\/\/leregardlibre.sandbox-novadev.ch\/en\/wp-json\/wp\/v2\/product_tag?post=35463"}],"curies":[{"name":"wp","href":"https:\/\/api.w.org\/{rel}","templated":true}]}}