{"id":35461,"date":"2018-07-17T13:32:30","date_gmt":"2018-07-17T11:32:30","guid":{"rendered":"https:\/\/leregardlibre.com\/?post_type=product&amp;p=35461"},"modified":"2018-07-17T13:32:30","modified_gmt":"2018-07-17T11:32:30","slug":"le-regard-libre-n-40","status":"publish","type":"product","link":"https:\/\/leregardlibre.sandbox-novadev.ch\/en\/product\/le-regard-libre-n-40\/","title":{"rendered":"Le Regard Libre &#8211; N\u00b0\u00a040"},"content":{"rendered":"<p>Exemplaire papier<br \/>\nEdition de juillet 2018<br \/>\nFormat magazine papier chic (68 pages)<\/p>\n<div class=\"woocommerce-tabs wc-tabs-wrapper\">\n<div id=\"tab-description\" class=\"woocommerce-Tabs-panel woocommerce-Tabs-panel--description panel entry-content wc-tab\" role=\"tabpanel\" aria-labelledby=\"tab-title-description\">\n<p>SOMMAIRE:<\/p>\n<p class=\"p1\"><em><span class=\"s1\">04 <\/span><\/em><strong>Editorial<\/strong><br \/>\nRed\u00e9couvrons Lamarck<\/p>\n<p class=\"p1\"><span class=\"s1\"><i>06<\/i><\/span><b>\u00a0Entretien<br \/>\n<\/b>Michael Jakob: \u00abLes potagers urbains sont un ph\u00e9nom\u00e8ne de mode\u00bb<\/p>\n<p><span class=\"s1\"><i>10<\/i><\/span><b> Politique<br \/>\n<\/b>OXFAM et le terrorisme intellectuel<br \/>\nRetrait de l&rsquo;accord nucl\u00e9aire iranien<br \/>\nDissolution de l&rsquo;ETA, le d\u00e9fi d&rsquo;une r\u00e9conciliation<br \/>\nUne courte histoire du Venezuela<\/p>\n<p><span class=\"s1\"><i>18<\/i><\/span><b> Litt\u00e9rature<br \/>\n<\/b><em>Notre-Dame des \u00e9gar\u00e9es<\/em>, jusqu&rsquo;au silence \u00e9ternel<br \/>\nAng\u00e9lique Eggenschwiler: \u00abJe con\u00e7ois la langue comme un absolu\u00bb<\/p>\n<p><span class=\"s1\"><i>24<\/i><\/span><b> Philosophie<br \/>\n<\/b>La corrosion de l&rsquo;utile<br \/>\nL&rsquo;avarice, je vous paierai un caf\u00e9<\/p>\n<p><span class=\"s1\"><i>28<\/i><\/span><b> Musique<br \/>\n<\/b>Fran\u00e7oise Hardy, <em>Personne d&rsquo;autre<\/em><br \/>\nStephan Eicher et Martin Suter, <em>Song Book<\/em><\/p>\n<p class=\"p3\"><span class=\"s1\"><i>30<\/i><\/span><b> Gastronomie<br \/>\n<\/b>La bi\u00e8re artisanale, un ph\u00e9nom\u00e8ne de mode, mais aussi de go\u00fbt<br \/>\nLa Brasserie du Dz\u00f4, une perle houblonn\u00e9e au c\u0153ur du terroir fribourgeois<br \/>\nLa Vaudruzienne et ses bi\u00e8res \u00abneuch\u00e2teloises\u00bb<br \/>\nLa N\u00e9buleuse, une constellation pour tous les go\u00fbts<\/p>\n<p class=\"p3\"><span class=\"s1\"><i>38<\/i><\/span><b> Cin\u00e9ma<\/b><b><br \/>\n<\/b>Critique des films r\u00e9cents<\/p>\n<p class=\"p3\"><span class=\"s1\"><i>58 <\/i><\/span><b>Sport<br \/>\n<\/b>Dossier sp\u00e9cial: mais que sont devenus la Fifa et le football?<\/p>\n<p class=\"p3\"><span class=\"s1\"><i>66<\/i><\/span><b> Forum<br \/>\n<\/b>\u00ab20 ans 100 francs\u00bb: l&rsquo;AG culturel s&rsquo;\u00e9tend \u00e0 l&rsquo;\u00e9chelle romande<\/p>\n<p class=\"p3\"><span class=\"s1\"><i>68<\/i><\/span><b> Citations<\/b><b><br \/>\n<\/b><\/p>\n<\/div>\n<\/div>","protected":false},"excerpt":{"rendered":"<p>Exemplaire papier Edition de juillet 2018 Format magazine papier chic (68 pages) SOMMAIRE: 04 Editorial Red\u00e9couvrons Lamarck 06\u00a0Entretien Michael Jakob: \u00abLes potagers urbains sont un ph\u00e9nom\u00e8ne de mode\u00bb 10 Politique OXFAM et le terrorisme intellectuel Retrait de l&rsquo;accord nucl\u00e9aire iranien [&hellip;]<\/p>","protected":false},"featured_media":531051,"comment_status":"open","ping_status":"closed","template":"","meta":{"_acf_changed":false},"product_brand":[],"product_cat":[1228],"product_tag":[],"class_list":{"0":"post-35461","1":"product","2":"type-product","3":"status-publish","4":"has-post-thumbnail","6":"product_cat-numeros","8":"first","9":"instock","10":"sold-individually","11":"shipping-taxable","12":"purchasable","13":"product-type-simple"},"acf":[],"_links":{"self":[{"href":"https:\/\/leregardlibre.sandbox-novadev.ch\/en\/wp-json\/wp\/v2\/product\/35461","targetHints":{"allow":["GET"]}}],"collection":[{"href":"https:\/\/leregardlibre.sandbox-novadev.ch\/en\/wp-json\/wp\/v2\/product"}],"about":[{"href":"https:\/\/leregardlibre.sandbox-novadev.ch\/en\/wp-json\/wp\/v2\/types\/product"}],"replies":[{"embeddable":true,"href":"https:\/\/leregardlibre.sandbox-novadev.ch\/en\/wp-json\/wp\/v2\/comments?post=35461"}],"wp:featuredmedia":[{"embeddable":true,"href":"https:\/\/leregardlibre.sandbox-novadev.ch\/en\/wp-json\/wp\/v2\/media\/531051"}],"wp:attachment":[{"href":"https:\/\/leregardlibre.sandbox-novadev.ch\/en\/wp-json\/wp\/v2\/media?parent=35461"}],"wp:term":[{"taxonomy":"product_brand","embeddable":true,"href":"https:\/\/leregardlibre.sandbox-novadev.ch\/en\/wp-json\/wp\/v2\/product_brand?post=35461"},{"taxonomy":"product_cat","embeddable":true,"href":"https:\/\/leregardlibre.sandbox-novadev.ch\/en\/wp-json\/wp\/v2\/product_cat?post=35461"},{"taxonomy":"product_tag","embeddable":true,"href":"https:\/\/leregardlibre.sandbox-novadev.ch\/en\/wp-json\/wp\/v2\/product_tag?post=35461"}],"curies":[{"name":"wp","href":"https:\/\/api.w.org\/{rel}","templated":true}]}}