{"id":35460,"date":"2018-08-17T13:21:46","date_gmt":"2018-08-17T11:21:46","guid":{"rendered":"https:\/\/leregardlibre.com\/?post_type=product&amp;p=35460"},"modified":"2018-08-17T13:21:46","modified_gmt":"2018-08-17T11:21:46","slug":"le-regard-libre-n-41","status":"publish","type":"product","link":"https:\/\/leregardlibre.sandbox-novadev.ch\/en\/product\/le-regard-libre-n-41\/","title":{"rendered":"Le Regard Libre &#8211; N\u00b0\u00a041"},"content":{"rendered":"<p>Exemplaire papier<br \/>\nEdition d&rsquo;ao\u00fbt 2018<br \/>\nFormat magazine papier chic (68 pages)<\/p>\n<div class=\"woocommerce-tabs wc-tabs-wrapper\">\n<div id=\"tab-description\" class=\"woocommerce-Tabs-panel woocommerce-Tabs-panel--description panel entry-content wc-tab\" role=\"tabpanel\" aria-labelledby=\"tab-title-description\">\n<p>SOMMAIRE:<\/p>\n<p class=\"p1\"><em><span class=\"s1\">04 <\/span><\/em><strong>Editorial<\/strong><br \/>\nUn mois riche en \u00e9motions<\/p>\n<p class=\"p1\"><span class=\"s1\"><i>06<\/i><\/span><b>\u00a0Entretien<br \/>\n<\/b>Morgoran, le Bob Dylan suisse romand<\/p>\n<p><span class=\"s1\"><i>10<\/i><\/span><b> Musique<br \/>\n<\/b>Sion \u00e0 nouveau sous les \u00e9toiles<br \/>\nDossier sp\u00e9cial Montreux Jazz Festival 2018<\/p>\n<p><span class=\"s1\"><i>22<\/i><\/span><b> Photographie<br \/>\n<\/b>Prague<\/p>\n<p><span class=\"s1\"><i>24<\/i><\/span><b> Litt\u00e9rature<br \/>\n<\/b>Entre litt\u00e9rature et randonn\u00e9e<\/p>\n<p><span class=\"s1\"><i>26<\/i><\/span><b> Cin\u00e9ma<br \/>\n<\/b>Dossier sp\u00e9cial NIFFF 2018<\/p>\n<p class=\"p3\"><span class=\"s1\"><i>56<\/i><\/span><b> Politique<br \/>\n<\/b>La G\u00e9opolitique de l&rsquo;Arctique<\/p>\n<p class=\"p3\"><span class=\"s1\"><i>58<\/i><\/span><b> Politique<\/b><b><br \/>\n<\/b>Pourquoi aime-t-on d\u00e9tester le lib\u00e9ralisme?<\/p>\n<p class=\"p3\"><span class=\"s1\"><i>60 <\/i><\/span><b>Gastronomie<br \/>\n<\/b>La Brasse-Mortier \u00e0 Romainm\u00f4tier, une le\u00e7on d&rsquo;histoire et de go\u00fbt<\/p>\n<p class=\"p3\"><span class=\"s1\"><i>62<\/i><\/span><b> Forum<br \/>\n<\/b>Les bals folk: une autre fa\u00e7on de se retrouver?<\/p>\n<p class=\"p3\"><span class=\"s1\"><i>64<\/i><\/span><b> Forum<br \/>\n<\/b>P\u00e8re, pain, pardon \u2013 La visite du pape Fran\u00e7ois \u00e0 Gen\u00e8ve<b><br \/>\n<\/b><\/p>\n<\/div>\n<\/div>","protected":false},"excerpt":{"rendered":"<p>Exemplaire papier Edition d&rsquo;ao\u00fbt 2018 Format magazine papier chic (68 pages) SOMMAIRE: 04 Editorial Un mois riche en \u00e9motions 06\u00a0Entretien Morgoran, le Bob Dylan suisse romand 10 Musique Sion \u00e0 nouveau sous les \u00e9toiles Dossier sp\u00e9cial Montreux Jazz Festival 2018 [&hellip;]<\/p>","protected":false},"featured_media":16777,"comment_status":"open","ping_status":"closed","template":"","meta":{"_acf_changed":false},"product_brand":[],"product_cat":[1228],"product_tag":[],"class_list":{"0":"post-35460","1":"product","2":"type-product","3":"status-publish","4":"has-post-thumbnail","6":"product_cat-numeros","8":"first","9":"instock","10":"sold-individually","11":"shipping-taxable","12":"purchasable","13":"product-type-simple"},"acf":[],"_links":{"self":[{"href":"https:\/\/leregardlibre.sandbox-novadev.ch\/en\/wp-json\/wp\/v2\/product\/35460","targetHints":{"allow":["GET"]}}],"collection":[{"href":"https:\/\/leregardlibre.sandbox-novadev.ch\/en\/wp-json\/wp\/v2\/product"}],"about":[{"href":"https:\/\/leregardlibre.sandbox-novadev.ch\/en\/wp-json\/wp\/v2\/types\/product"}],"replies":[{"embeddable":true,"href":"https:\/\/leregardlibre.sandbox-novadev.ch\/en\/wp-json\/wp\/v2\/comments?post=35460"}],"wp:featuredmedia":[{"embeddable":true,"href":"https:\/\/leregardlibre.sandbox-novadev.ch\/en\/wp-json\/"}],"wp:attachment":[{"href":"https:\/\/leregardlibre.sandbox-novadev.ch\/en\/wp-json\/wp\/v2\/media?parent=35460"}],"wp:term":[{"taxonomy":"product_brand","embeddable":true,"href":"https:\/\/leregardlibre.sandbox-novadev.ch\/en\/wp-json\/wp\/v2\/product_brand?post=35460"},{"taxonomy":"product_cat","embeddable":true,"href":"https:\/\/leregardlibre.sandbox-novadev.ch\/en\/wp-json\/wp\/v2\/product_cat?post=35460"},{"taxonomy":"product_tag","embeddable":true,"href":"https:\/\/leregardlibre.sandbox-novadev.ch\/en\/wp-json\/wp\/v2\/product_tag?post=35460"}],"curies":[{"name":"wp","href":"https:\/\/api.w.org\/{rel}","templated":true}]}}