{"id":35154,"date":"2020-07-31T16:58:14","date_gmt":"2020-07-31T14:58:14","guid":{"rendered":"https:\/\/leregardlibre.com\/?post_type=product&amp;p=35154"},"modified":"2020-07-31T16:58:14","modified_gmt":"2020-07-31T14:58:14","slug":"le-regard-libre-no-65","status":"publish","type":"product","link":"https:\/\/leregardlibre.sandbox-novadev.ch\/en\/product\/le-regard-libre-no-65\/","title":{"rendered":"Le Regard Libre &#8211; N\u00ba 65"},"content":{"rendered":"<p>Exemplaire papier<br \/>\nEdition d\u2019ao\u00fbt 2020<br \/>\nFormat magazine papier chic (68 pages)<\/p>\n<hr \/>\n<p>SOMMAIRE:<\/p>\n<p class=\"p1\"><span class=\"s1\"><b>5<\/b><\/span><b> | <\/b>L\u2019\u00e9dito de Jonas Follonier<\/p>\n<p class=\"p1\"><span class=\"s1\"><b>6<\/b><\/span><b> | <\/b>Courrier des lecteurs<\/p>\n<p class=\"p1\"><span class=\"s1\"><b>7<\/b><\/span><b> | <\/b>La lecture de Pascal Couchepin<\/p>\n<p class=\"p1\"><span class=\"s2\"><b>8<\/b><\/span><b> | <\/b>La litt\u00e9rature romande selon Michel Moret<\/p>\n<p class=\"p1\"><span class=\"s2\"><b>12<\/b><\/span><b> | <\/b>Quand Ramuz, gamin, s\u2019enivrait \u00e0 Yvorne<\/p>\n<p class=\"p1\"><span class=\"s2\"><b>14<\/b><\/span><b> | <\/b>Entrer \u00e0 Kaboul sur des cerfs-volants<\/p>\n<p class=\"p1\"><span class=\"s2\"><b>16<\/b><\/span><b> | <\/b>Le vent dans le corps<\/p>\n<p class=\"p1\"><span class=\"s2\"><b>18<\/b><\/span><b> | <\/b>Dossier \u00abAfrique en mutation\u00bb<\/p>\n<p class=\"p1\"><span class=\"s2\"><b>32<\/b><\/span><b> | <\/b>Jika\u00eblle: \u00abJe comptais appeler mon album <i>Eventuellement<\/i>\u00bb<\/p>\n<p class=\"p1\"><span class=\"s2\"><b>36<\/b><\/span><b> |<\/b> Berlioz, le g\u00e9ant incompris<\/p>\n<p class=\"p1\"><span class=\"s2\"><b>40<\/b><\/span><b> | <\/b>Dossier \u00abG\u00e9n\u00e9ration Ang\u00e8le\u00bb<\/p>\n<p class=\"p1\"><span class=\"s2\"><b>51<\/b><\/span><b> | <\/b>La justice sociale, une justice?<\/p>\n<p class=\"p1\"><span class=\"s3\"><b>54<\/b><\/span><span class=\"s4\"><b> | <\/b>Athletissima n\u2019avait pas le c\u0153ur \u00e0 renoncer \u00e0 son \u00e9dition 2020<\/span><\/p>\n<p class=\"p1\"><span class=\"s2\"><b>60<\/b><\/span><b> | <\/b>Reportage photographique d\u2019Indra Crittin<\/p>\n<p class=\"p1\"><span class=\"s5\"><b>66<\/b><\/span><span class=\"s6\"><b> | <\/b>Talon d\u2019abonnement et formulaire de m\u00e9c\u00e9nat<\/span><\/p>\n<p class=\"p1\"><span class=\"s2\"><b>67<\/b><\/span><b> | <\/b>Impressum<\/p>\n<p class=\"p1\"><span class=\"s2\"><b>68<\/b><\/span><b> | <\/b>Citations<\/p>","protected":false},"excerpt":{"rendered":"<p>Exemplaire papier Edition d\u2019ao\u00fbt 2020 Format magazine papier chic (68 pages) SOMMAIRE: 5 | L\u2019\u00e9dito de Jonas Follonier 6 | Courrier des lecteurs 7 | La lecture de Pascal Couchepin 8 | La litt\u00e9rature romande selon Michel Moret 12 | [&hellip;]<\/p>","protected":false},"featured_media":35155,"comment_status":"open","ping_status":"closed","template":"","meta":{"_acf_changed":false},"product_brand":[],"product_cat":[1228],"product_tag":[],"class_list":{"0":"post-35154","1":"product","2":"type-product","3":"status-publish","4":"has-post-thumbnail","6":"product_cat-numeros","8":"first","9":"instock","10":"shipping-taxable","11":"purchasable","12":"product-type-simple"},"acf":[],"_links":{"self":[{"href":"https:\/\/leregardlibre.sandbox-novadev.ch\/en\/wp-json\/wp\/v2\/product\/35154","targetHints":{"allow":["GET"]}}],"collection":[{"href":"https:\/\/leregardlibre.sandbox-novadev.ch\/en\/wp-json\/wp\/v2\/product"}],"about":[{"href":"https:\/\/leregardlibre.sandbox-novadev.ch\/en\/wp-json\/wp\/v2\/types\/product"}],"replies":[{"embeddable":true,"href":"https:\/\/leregardlibre.sandbox-novadev.ch\/en\/wp-json\/wp\/v2\/comments?post=35154"}],"wp:featuredmedia":[{"embeddable":true,"href":"https:\/\/leregardlibre.sandbox-novadev.ch\/en\/wp-json\/"}],"wp:attachment":[{"href":"https:\/\/leregardlibre.sandbox-novadev.ch\/en\/wp-json\/wp\/v2\/media?parent=35154"}],"wp:term":[{"taxonomy":"product_brand","embeddable":true,"href":"https:\/\/leregardlibre.sandbox-novadev.ch\/en\/wp-json\/wp\/v2\/product_brand?post=35154"},{"taxonomy":"product_cat","embeddable":true,"href":"https:\/\/leregardlibre.sandbox-novadev.ch\/en\/wp-json\/wp\/v2\/product_cat?post=35154"},{"taxonomy":"product_tag","embeddable":true,"href":"https:\/\/leregardlibre.sandbox-novadev.ch\/en\/wp-json\/wp\/v2\/product_tag?post=35154"}],"curies":[{"name":"wp","href":"https:\/\/api.w.org\/{rel}","templated":true}]}}