{"id":34626,"date":"2020-06-23T11:53:29","date_gmt":"2020-06-23T09:53:29","guid":{"rendered":"https:\/\/leregardlibre.com\/?post_type=product&amp;p=34626"},"modified":"2020-06-23T11:53:29","modified_gmt":"2020-06-23T09:53:29","slug":"le-regard-libre-no-64","status":"publish","type":"product","link":"https:\/\/leregardlibre.sandbox-novadev.ch\/en\/product\/le-regard-libre-no-64\/","title":{"rendered":"Le Regard Libre &#8211; N\u00ba 64"},"content":{"rendered":"<p>Exemplaire papier<br \/>\nEdition de juillet 2020<br \/>\nFormat magazine papier chic (68 pages)<\/p>\n<hr \/>\n<p>SOMMAIRE:<\/p>\n<p class=\"p1\"><span class=\"s1\"><b>6<\/b><\/span><b> | <\/b>Le monde selon Laure Mi Hyun Croset<\/p>\n<p class=\"p1\"><span class=\"s1\"><b>7<\/b><\/span><b> | <\/b>L\u2019\u00e9dito de Jonas Follonier<\/p>\n<p class=\"p1\"><span class=\"s2\"><b>8<\/b><\/span><b> | <\/b>Daniel Sangsue et le fant\u00f4me de l&rsquo;universit\u00e9<\/p>\n<p class=\"p1\"><span class=\"s2\"><b>14<\/b><\/span><b> | <\/b>Le hirak en Alg\u00e9rie et nous<\/p>\n<p class=\"p1\"><span class=\"s2\"><b>18<\/b><\/span><b> | <\/b>Europe: de la faillite \u00e0 l&rsquo;espoir<\/p>\n<p class=\"p1\"><span class=\"s2\"><b>20<\/b><\/span><b> | <\/b>Nous avons \u00e9t\u00e9 des soldats et c\u2019est tr\u00e8s bien<\/p>\n<p class=\"p1\"><span class=\"s2\"><b>23<\/b><\/span><b> | <\/b>Liszt, un moderne au grand c\u0153ur<\/p>\n<p class=\"p1\"><span class=\"s2\"><b>26<\/b><\/span><b> |<span class=\"Apple-converted-space\">\u00a0 <\/span><\/b>Le coup de gueule d\u2019Am\u00e9lie Wauthier<\/p>\n<p class=\"p1\"><span class=\"s2\"><b>28<\/b><\/span><b> |<\/b> <i>La Vagabonde<\/i>, notre c\u0153ur bless\u00e9 en miroir<\/p>\n<p class=\"p1\"><span class=\"s2\"><b>30<\/b><\/span><b> | <\/b>Tarantino: ses dix films au scalpel<\/p>\n<p class=\"p1\"><span class=\"s2\"><b>54<\/b><\/span><b> | <\/b>Bor\u00e9-Abimi, un couple \u00e0 l\u2019\u00e9criture d\u00e9jant\u00e9e<\/p>\n<p class=\"p1\"><span class=\"s2\"><b>58<\/b><\/span><b> | <\/b>Adama Bathily, ce grand passionn\u00e9 de rugby qui perce le petit (et le grand) \u00e9cran<\/p>\n<p class=\"p1\"><span class=\"s2\"><b>62<\/b><\/span><b> | <\/b>Photographies d\u2019Indra Crittin<\/p>\n<p class=\"p1\"><span class=\"s2\"><b>66<\/b><\/span><b> | <\/b>Talon d\u2019abonnement et formulaire de m\u00e9c\u00e9nat<\/p>\n<p class=\"p1\"><span class=\"s2\"><b>67<\/b><\/span><b> | <\/b>Impressum<\/p>\n<p class=\"p1\"><span class=\"s3\"><b>68<\/b><\/span><b> | <\/b><span class=\"s4\">Citations<\/span><\/p>","protected":false},"excerpt":{"rendered":"<p>Exemplaire papier Edition de juillet 2020 Format magazine papier chic (68 pages) SOMMAIRE: 6 | Le monde selon Laure Mi Hyun Croset 7 | L\u2019\u00e9dito de Jonas Follonier 8 | Daniel Sangsue et le fant\u00f4me de l&rsquo;universit\u00e9 14 | Le [&hellip;]<\/p>","protected":false},"featured_media":34691,"comment_status":"open","ping_status":"closed","template":"","meta":{"_acf_changed":false},"product_brand":[],"product_cat":[1228],"product_tag":[],"class_list":{"0":"post-34626","1":"product","2":"type-product","3":"status-publish","4":"has-post-thumbnail","6":"product_cat-numeros","8":"first","9":"instock","10":"shipping-taxable","11":"purchasable","12":"product-type-simple"},"acf":[],"_links":{"self":[{"href":"https:\/\/leregardlibre.sandbox-novadev.ch\/en\/wp-json\/wp\/v2\/product\/34626","targetHints":{"allow":["GET"]}}],"collection":[{"href":"https:\/\/leregardlibre.sandbox-novadev.ch\/en\/wp-json\/wp\/v2\/product"}],"about":[{"href":"https:\/\/leregardlibre.sandbox-novadev.ch\/en\/wp-json\/wp\/v2\/types\/product"}],"replies":[{"embeddable":true,"href":"https:\/\/leregardlibre.sandbox-novadev.ch\/en\/wp-json\/wp\/v2\/comments?post=34626"}],"wp:featuredmedia":[{"embeddable":true,"href":"https:\/\/leregardlibre.sandbox-novadev.ch\/en\/wp-json\/"}],"wp:attachment":[{"href":"https:\/\/leregardlibre.sandbox-novadev.ch\/en\/wp-json\/wp\/v2\/media?parent=34626"}],"wp:term":[{"taxonomy":"product_brand","embeddable":true,"href":"https:\/\/leregardlibre.sandbox-novadev.ch\/en\/wp-json\/wp\/v2\/product_brand?post=34626"},{"taxonomy":"product_cat","embeddable":true,"href":"https:\/\/leregardlibre.sandbox-novadev.ch\/en\/wp-json\/wp\/v2\/product_cat?post=34626"},{"taxonomy":"product_tag","embeddable":true,"href":"https:\/\/leregardlibre.sandbox-novadev.ch\/en\/wp-json\/wp\/v2\/product_tag?post=34626"}],"curies":[{"name":"wp","href":"https:\/\/api.w.org\/{rel}","templated":true}]}}