{"id":32023,"date":"2020-03-15T12:03:00","date_gmt":"2020-03-15T11:03:00","guid":{"rendered":"https:\/\/leregardlibre.com\/?post_type=product&amp;p=32023"},"modified":"2020-03-15T12:03:00","modified_gmt":"2020-03-15T11:03:00","slug":"le-regard-libre-no-60","status":"publish","type":"product","link":"https:\/\/leregardlibre.sandbox-novadev.ch\/en\/product\/le-regard-libre-no-60\/","title":{"rendered":"Le Regard Libre &#8211; N\u00ba 60"},"content":{"rendered":"<p>Exemplaire papier<br \/>\nEdition de mars 2020<br \/>\nFormat magazine papier chic (68 pages)<\/p>\n<hr \/>\n<p>SOMMAIRE:<\/p>\n<p class=\"p1\"><span class=\"s1\"><i>04<\/i><\/span> <b>Chronique<br \/>\n<\/b>Le monde selon Laure Mi Hyun Croset<\/p>\n<p class=\"p3\"><span class=\"s1\"><i>05<\/i><\/span> <b>Editorial<br \/>\n<\/b>Opinion et r\u00e9flexion<\/p>\n<p class=\"p3\"><span class=\"s1\"><i>06<\/i><\/span> <b>Entretien<br \/>\n<\/b>Jean-Marie Rouart: \u00abLa plus grande richesse d&rsquo;une personne, ce sont ses \u00e9checs\u00bb<\/p>\n<p class=\"p3\"><span class=\"s1\"><i>10<\/i><\/span> <b>Politique<br \/>\n<\/b>Foss\u00e9 villes-campagnes: une solution inspir\u00e9e du Jura Bernois?<br \/>\nQu\u2019est-ce que le Brexit a d\u00e9j\u00e0 chang\u00e9 en Europe?<\/p>\n<p class=\"p3\"><span class=\"s1\"><i>14<\/i><\/span> <b>Economie<br \/>\n<\/b>La <i>blockchain<\/i>, r\u00e9volution du XXI<sup>e<\/sup> si\u00e8cle<\/p>\n<p class=\"p3\"><span class=\"s1\"><i>16<\/i><\/span> <b>Litt\u00e9rature<br \/>\n<\/b>Les mauvais livres, cette plaie<br \/>\nQuand une passion lesbienne se fait \u00e9pistolaire<br \/>\nQuand Jean Echenoz nous offre un vrai coup de c\u0153ur litt\u00e9raire<\/p>\n<p class=\"p3\"><span class=\"s1\"><i>24<\/i><\/span> <b>Histoire de l\u2019art<br \/>\n<\/b>Gauguin, de la provocation \u00e0 la beaut\u00e9<\/p>\n<p class=\"p3\"><span class=\"s1\"><i>30<\/i><\/span> <b>Dossier sp\u00e9cial <i>Joker<br \/>\n<\/i><\/b>Joker sur les chemins de la libert\u00e9<br \/>\nTrois films, trois acteurs, un seul Joker<br \/>\nJoker, repr\u00e9sentatif de nos distances politiques<\/p>\n<p class=\"p5\"><span class=\"s1\"><i>40<\/i><\/span> <b>Cin\u00e9ma<br \/>\n<\/b>Tartuffe en Pologne<br \/>\n<i>Scandale<\/i> fait du bruit, mais \u00e0 raison?<br \/>\n<i>Roma<\/i>, les souvenirs de Cuaron, de Fellini et les miens<\/p>\n<p class=\"p5\"><span class=\"s1\"><i>49<\/i><\/span> <b>Forum<br \/>\n<\/b>L\u2019autorit\u00e9 des d\u00e9mocraties<br \/>\nMariage = amour?<\/p>\n<p class=\"p5\"><span class=\"s1\"><i>54<\/i><\/span> <b>Th\u00e9\u00e2tre<br \/>\n<\/b><i>Silva<\/i> et <i>Voodoo Sandwich<\/i>,<span class=\"Apple-converted-space\">\u00a0<\/span>le th\u00e9\u00e2tre contemporain et le m\u00e9lange des arts<\/p>\n<p class=\"p5\"><span class=\"s1\"><i>58<\/i><\/span> <b>Sport<br \/>\n<\/b>No\u00e9mi Girardet, le relais national en guise de (deuxi\u00e8me) r\u00eave olympique<\/p>\n<p class=\"p3\"><span class=\"s1\"><i>62<\/i><\/span> <b>Photographie<br \/>\n<\/b><i>Signal<\/i>, par Indra Crittin<\/p>\n<p class=\"p3\"><span class=\"s1\"><i>68<\/i><\/span> <b>Citations<\/b><\/p>","protected":false},"excerpt":{"rendered":"<p>Exemplaire papier Edition de mars 2020 Format magazine papier chic (68 pages) SOMMAIRE: 04 Chronique Le monde selon Laure Mi Hyun Croset 05 Editorial Opinion et r\u00e9flexion 06 Entretien Jean-Marie Rouart: \u00abLa plus grande richesse d&rsquo;une personne, ce sont ses [&hellip;]<\/p>","protected":false},"featured_media":32025,"comment_status":"open","ping_status":"closed","template":"","meta":{"_acf_changed":false},"product_brand":[],"product_cat":[1228],"product_tag":[],"class_list":{"0":"post-32023","1":"product","2":"type-product","3":"status-publish","4":"has-post-thumbnail","6":"product_cat-numeros","8":"first","9":"instock","10":"shipping-taxable","11":"purchasable","12":"product-type-simple"},"acf":[],"_links":{"self":[{"href":"https:\/\/leregardlibre.sandbox-novadev.ch\/en\/wp-json\/wp\/v2\/product\/32023","targetHints":{"allow":["GET"]}}],"collection":[{"href":"https:\/\/leregardlibre.sandbox-novadev.ch\/en\/wp-json\/wp\/v2\/product"}],"about":[{"href":"https:\/\/leregardlibre.sandbox-novadev.ch\/en\/wp-json\/wp\/v2\/types\/product"}],"replies":[{"embeddable":true,"href":"https:\/\/leregardlibre.sandbox-novadev.ch\/en\/wp-json\/wp\/v2\/comments?post=32023"}],"wp:featuredmedia":[{"embeddable":true,"href":"https:\/\/leregardlibre.sandbox-novadev.ch\/en\/wp-json\/"}],"wp:attachment":[{"href":"https:\/\/leregardlibre.sandbox-novadev.ch\/en\/wp-json\/wp\/v2\/media?parent=32023"}],"wp:term":[{"taxonomy":"product_brand","embeddable":true,"href":"https:\/\/leregardlibre.sandbox-novadev.ch\/en\/wp-json\/wp\/v2\/product_brand?post=32023"},{"taxonomy":"product_cat","embeddable":true,"href":"https:\/\/leregardlibre.sandbox-novadev.ch\/en\/wp-json\/wp\/v2\/product_cat?post=32023"},{"taxonomy":"product_tag","embeddable":true,"href":"https:\/\/leregardlibre.sandbox-novadev.ch\/en\/wp-json\/wp\/v2\/product_tag?post=32023"}],"curies":[{"name":"wp","href":"https:\/\/api.w.org\/{rel}","templated":true}]}}