{"id":30776,"date":"2020-01-26T18:59:56","date_gmt":"2020-01-26T17:59:56","guid":{"rendered":"https:\/\/leregardlibre.com\/?post_type=product&amp;p=30776"},"modified":"2020-01-26T18:59:56","modified_gmt":"2020-01-26T17:59:56","slug":"le-regard-libre-no-59","status":"publish","type":"product","link":"https:\/\/leregardlibre.sandbox-novadev.ch\/en\/product\/le-regard-libre-no-59\/","title":{"rendered":"Le Regard Libre &#8211; N\u00ba 59"},"content":{"rendered":"<p>Exemplaire papier<br \/>\nEdition de f\u00e9vrier 2020<br \/>\nFormat magazine papier chic (68 pages)<\/p>\n<hr \/>\n<p>SOMMAIRE:<\/p>\n<p class=\"p1\"><span class=\"s1\"><i>04<\/i><\/span> <b>Hommage \u00e0 Philippe Zumbrunn<\/b><\/p>\n<p class=\"p1\"><span class=\"s1\"><i>05<\/i><\/span> <b>Editorial<br \/>\n<\/b>La crise de la politique<\/p>\n<p class=\"p1\"><span class=\"s1\"><i>06<\/i><\/span> <b>Chronique<br \/>\n<\/b>La Gr\u00e8ce de Claude Calame: \u00abGr\u00e8ves pour le climat et hell\u00e9nisme\u00bb<\/p>\n<p class=\"p1\"><span class=\"s1\"><i>08<\/i><\/span> <b>Entretien<br \/>\n<\/b>Jean Birnbaum: \u00abL\u2019islamisme progresse sur le cadavre de la gauche\u00bb<\/p>\n<p class=\"p1\"><span class=\"s1\"><i>13<\/i><\/span> <b>Politique<br \/>\n<\/b>Etats-Unis \u2013 Iran: la guerre dont personne ne voulait<br \/>\nAcquittement des activistes pour le climat: vers un populisme p\u00e9nal<br \/>\nL\u2019antiparlementarisme n\u2019est pas l\u2019apanage de l\u2019extr\u00eame droite<\/p>\n<p class=\"p1\"><span class=\"s1\"><i>18<\/i><\/span> <b>Dossier \u00abL\u2019\u00e2ge d\u2019or 1966-1971<\/b><span class=\"s3\"><b>\u00bb<br \/>\n<\/b><\/span><span class=\"s4\">Un quinquennat d\u2019or que personne n\u2019a v\u00e9cu<br \/>\n<\/span><span class=\"s4\"><i>Histoire de Melody Nelson<\/i>: chef-d\u2019\u0153uvre musical et litt\u00e9raire<br \/>\nMatzneff&#8230; et bient\u00f4t Polnareff?<\/span><\/p>\n<p class=\"p1\"><span class=\"s1\"><i>26<\/i><\/span> <b>Litt\u00e9rature<br \/>\n<\/b>Rencontre avec Alain Mabanckou<br \/>\nPrix Nobel de litt\u00e9rature 2019: le voyage de la controverse<br \/>\nRecensions d\u2019ouvrages<\/p>\n<p class=\"p1\"><span class=\"s1\"><i>40<\/i><\/span> <b>Cin\u00e9ma<br \/>\n<\/b>Retour sur la trilogie <i>Star Wars<\/i> de Disney<br \/>\nCritiques des films r\u00e9cents<\/p>\n<p class=\"p1\"><span class=\"s1\"><i>56<\/i><\/span> <b>Sport<br \/>\n<\/b>Sylvain Chuard, le relais national en guise de r\u00eave olympique<\/p>\n<p class=\"p1\"><span class=\"s1\"><i>62<\/i><\/span> <b>Photographie<br \/>\n<\/b><i>Nuit des id\u00e9es<\/i>, par Indra Crittin<\/p>","protected":false},"excerpt":{"rendered":"<p>Exemplaire papier Edition de f\u00e9vrier 2020 Format magazine papier chic (68 pages) SOMMAIRE: 04 Hommage \u00e0 Philippe Zumbrunn 05 Editorial La crise de la politique 06 Chronique La Gr\u00e8ce de Claude Calame: \u00abGr\u00e8ves pour le climat et hell\u00e9nisme\u00bb 08 Entretien [&hellip;]<\/p>","protected":false},"featured_media":31160,"comment_status":"open","ping_status":"closed","template":"","meta":{"_acf_changed":false},"product_brand":[],"product_cat":[1228],"product_tag":[],"class_list":{"0":"post-30776","1":"product","2":"type-product","3":"status-publish","4":"has-post-thumbnail","6":"product_cat-numeros","8":"first","9":"instock","10":"shipping-taxable","11":"purchasable","12":"product-type-simple"},"acf":[],"_links":{"self":[{"href":"https:\/\/leregardlibre.sandbox-novadev.ch\/en\/wp-json\/wp\/v2\/product\/30776","targetHints":{"allow":["GET"]}}],"collection":[{"href":"https:\/\/leregardlibre.sandbox-novadev.ch\/en\/wp-json\/wp\/v2\/product"}],"about":[{"href":"https:\/\/leregardlibre.sandbox-novadev.ch\/en\/wp-json\/wp\/v2\/types\/product"}],"replies":[{"embeddable":true,"href":"https:\/\/leregardlibre.sandbox-novadev.ch\/en\/wp-json\/wp\/v2\/comments?post=30776"}],"wp:featuredmedia":[{"embeddable":true,"href":"https:\/\/leregardlibre.sandbox-novadev.ch\/en\/wp-json\/"}],"wp:attachment":[{"href":"https:\/\/leregardlibre.sandbox-novadev.ch\/en\/wp-json\/wp\/v2\/media?parent=30776"}],"wp:term":[{"taxonomy":"product_brand","embeddable":true,"href":"https:\/\/leregardlibre.sandbox-novadev.ch\/en\/wp-json\/wp\/v2\/product_brand?post=30776"},{"taxonomy":"product_cat","embeddable":true,"href":"https:\/\/leregardlibre.sandbox-novadev.ch\/en\/wp-json\/wp\/v2\/product_cat?post=30776"},{"taxonomy":"product_tag","embeddable":true,"href":"https:\/\/leregardlibre.sandbox-novadev.ch\/en\/wp-json\/wp\/v2\/product_tag?post=30776"}],"curies":[{"name":"wp","href":"https:\/\/api.w.org\/{rel}","templated":true}]}}