{"id":30345,"date":"2020-01-16T09:42:58","date_gmt":"2020-01-16T08:42:58","guid":{"rendered":"https:\/\/leregardlibre.com\/?post_type=product&amp;p=30345"},"modified":"2020-01-16T09:42:58","modified_gmt":"2020-01-16T08:42:58","slug":"le-regard-libre-no-58","status":"publish","type":"product","link":"https:\/\/leregardlibre.sandbox-novadev.ch\/en\/product\/le-regard-libre-no-58\/","title":{"rendered":"Le Regard Libre &#8211; N\u00ba 58"},"content":{"rendered":"<p>Exemplaire papier<br \/>\nEdition de janvier 2020<br \/>\nFormat magazine papier chic (68 pages)<\/p>\n<hr \/>\n<p>SOMMAIRE:<\/p>\n<p class=\"p1\"><span class=\"s1\"><i>04<\/i><\/span> <b>Editorial<br \/>\n<\/b>Notre nouvelle rubrique, pr\u00e9sent\u00e9e par Loris S. Musumeci<\/p>\n<p class=\"p1\"><span class=\"s1\"><i>05<\/i><\/span>\u00a0<b>Courrier des lecteurs<br \/>\n<\/b>Christophe Pella: \u00abLe d\u00e9bat sur la libert\u00e9 d\u2019expression s\u2019est fait au sein des religions plut\u00f4t que contre elles\u00bb<b><br \/>\n<\/b><\/p>\n<p class=\"p1\"><span class=\"s1\"><i>06<\/i><\/span> <b>Entretien<br \/>\n<\/b><span class=\"s3\">Bernard L\u00e9chot: \u00abLa r\u00e9alisation d\u2019un album d\u00e9bute quand on la croit termin\u00e9e\u00bb\u2009<\/span><\/p>\n<p class=\"p1\"><span class=\"s1\"><i>12<\/i><\/span> <b>Politique<br \/>\n<\/b>Quand le Pacifique s\u2019\u00e9largit<br \/>\nR\u00e9strospective des ann\u00e9es 2010<\/p>\n<p class=\"p1\"><span class=\"s1\"><i>16<\/i><\/span> <b>Philosophie<br \/>\n<\/b><span class=\"s4\">Osons parler de non-mixit\u00e9 \u00e0 l\u2019\u00e9cole<br \/>\nEcriture inclusive\u2009: nouveaux arguments<\/span><\/p>\n<p class=\"p1\"><span class=\"s1\"><i>23<\/i><\/span> <b>Litt\u00e9rature<br \/>\n<\/b>John Fante<br \/>\nRecensions d\u2019ouvrages<br \/>\nFiction \u00e9rotique, \u00e9pisode #3<\/p>\n<p class=\"p1\"><span class=\"s1\"><i>36<\/i><\/span> <b>Cin\u00e9ma<br \/>\n<\/b>Critiques des films r\u00e9cents<br \/>\n<i>The Irishman<br \/>\n<\/i>L\u2019inflexion <i>On the road<\/i><\/p>\n<p class=\"p1\"><span class=\"s1\"><i>50<\/i><\/span> <b>Musique<br \/>\n<\/b>Le temps d\u2019une soir\u00e9e viennoise \u00e0 la Salle M\u00e9tropole<\/p>\n<p class=\"p1\"><span class=\"s1\"><i>52<\/i><\/span> <b>Th\u00e9\u00e2tre<br \/>\n<\/b>Lecture de <i>Cl\u00f4ture de l\u2019amour<\/i> de Pascal Rambert<\/p>\n<p class=\"p1\"><span class=\"s1\"><i>56<\/i><\/span> <b>Sport<br \/>\n<\/b>Hermance RRC\u2009: un jour arrivera le quatorzi\u00e8me Graal<\/p>\n<p class=\"p3\"><span class=\"s1\"><i>62<\/i><\/span> <b>Photographie<br \/>\n<\/b>Montebello<\/p>\n<p class=\"p1\"><span class=\"s1\"><i>68<\/i><\/span> <b>Dessin de presse<\/b><\/p>","protected":false},"excerpt":{"rendered":"<p>Exemplaire papier Edition de janvier 2020 Format magazine papier chic (68 pages) SOMMAIRE: 04 Editorial Notre nouvelle rubrique, pr\u00e9sent\u00e9e par Loris S. Musumeci 05\u00a0Courrier des lecteurs Christophe Pella: \u00abLe d\u00e9bat sur la libert\u00e9 d\u2019expression s\u2019est fait au sein des religions [&hellip;]<\/p>","protected":false},"featured_media":30347,"comment_status":"open","ping_status":"closed","template":"","meta":{"_acf_changed":false},"product_brand":[],"product_cat":[1228],"product_tag":[],"class_list":{"0":"post-30345","1":"product","2":"type-product","3":"status-publish","4":"has-post-thumbnail","6":"product_cat-numeros","8":"first","9":"instock","10":"shipping-taxable","11":"purchasable","12":"product-type-simple"},"acf":[],"_links":{"self":[{"href":"https:\/\/leregardlibre.sandbox-novadev.ch\/en\/wp-json\/wp\/v2\/product\/30345","targetHints":{"allow":["GET"]}}],"collection":[{"href":"https:\/\/leregardlibre.sandbox-novadev.ch\/en\/wp-json\/wp\/v2\/product"}],"about":[{"href":"https:\/\/leregardlibre.sandbox-novadev.ch\/en\/wp-json\/wp\/v2\/types\/product"}],"replies":[{"embeddable":true,"href":"https:\/\/leregardlibre.sandbox-novadev.ch\/en\/wp-json\/wp\/v2\/comments?post=30345"}],"wp:featuredmedia":[{"embeddable":true,"href":"https:\/\/leregardlibre.sandbox-novadev.ch\/en\/wp-json\/"}],"wp:attachment":[{"href":"https:\/\/leregardlibre.sandbox-novadev.ch\/en\/wp-json\/wp\/v2\/media?parent=30345"}],"wp:term":[{"taxonomy":"product_brand","embeddable":true,"href":"https:\/\/leregardlibre.sandbox-novadev.ch\/en\/wp-json\/wp\/v2\/product_brand?post=30345"},{"taxonomy":"product_cat","embeddable":true,"href":"https:\/\/leregardlibre.sandbox-novadev.ch\/en\/wp-json\/wp\/v2\/product_cat?post=30345"},{"taxonomy":"product_tag","embeddable":true,"href":"https:\/\/leregardlibre.sandbox-novadev.ch\/en\/wp-json\/wp\/v2\/product_tag?post=30345"}],"curies":[{"name":"wp","href":"https:\/\/api.w.org\/{rel}","templated":true}]}}