{"id":27326,"date":"2019-11-10T20:05:02","date_gmt":"2019-11-10T19:05:02","guid":{"rendered":"https:\/\/leregardlibre.com\/?post_type=product&amp;p=27326"},"modified":"2019-11-10T20:05:02","modified_gmt":"2019-11-10T19:05:02","slug":"le-regard-libre-no-57","status":"publish","type":"product","link":"https:\/\/leregardlibre.sandbox-novadev.ch\/en\/product\/le-regard-libre-no-57\/","title":{"rendered":"Le Regard Libre &#8211; N\u00ba 57"},"content":{"rendered":"<p>Exemplaire papier<br \/>\nEdition de d\u00e9cembre 2019<br \/>\nFormat magazine papier chic (68 pages)<\/p>\n<hr \/>\n<p>SOMMAIRE:<\/p>\n<p class=\"p1\"><span class=\"s1\"><i>04<\/i><\/span> <b>Editorial<br \/>\n<\/b>L\u2019attitude lib\u00e9rale<\/p>\n<p class=\"p1\"><span class=\"s1\"><i>06<\/i><\/span> <b>Entretien<br \/>\n<\/b>Christophe, hors format<\/p>\n<p class=\"p1\"><span class=\"s1\"><i>12<\/i><\/span> <b>Dossier \u00ab\u2009Vers une partition suisse\u2009?\u2009\u00bb<br \/>\n<\/b>Vers une Suisse irr\u00e9conciliable<br \/>\nCe que r\u00e9v\u00e8le le nouveau Conseil national<\/p>\n<p class=\"p1\"><span class=\"s1\"><i>18<\/i><\/span> <b>Litt\u00e9rature<br \/>\n<\/b>Les lettres islandaises, \u00e9pisode #3<br \/>\nFiction \u00e9rotique <i>Derri\u00e8re les rideaux denses<\/i>, \u00e9pisode #2<br \/>\nRecensions d\u2019ouvrages<br \/>\n<i>Tous les hommes n\u2019habitent pas le monde de la m\u00eame fa\u00e7on<\/i>: que nous dit le Goncourt 2019?<\/p>\n<p class=\"p1\"><span class=\"s1\"><i>32<\/i><\/span> <b>Cin\u00e9ma<br \/>\n<\/b>Notre traditionnel dossier contenant la critique des films r\u00e9cents<\/p>\n<p class=\"p1\"><span class=\"s1\"><i>44<\/i><\/span> <b>Musique<br \/>\n<\/b>Apologie de Karajan<\/p>\n<p class=\"p1\"><span class=\"s1\"><i>46<\/i><\/span> <b>Forum<br \/>\n<\/b>Lionel Avanthay: \u00abL\u2019activit\u00e9 la plus noble est la culture de la terre\u00bb<\/p>\n<p class=\"p1\"><span class=\"s1\"><i>50<\/i><\/span> <b>Th\u00e9\u00e2tre<br \/>\n<\/b>Discussion avec Georges Grbic<\/p>\n<p class=\"p1\"><span class=\"s1\"><i>54<\/i><\/span> <b>Sport<br \/>\n<\/b>La Formule E vante les am\u00e9liorations de sa monoplace de seconde\u00a0g\u00e9n\u00e9ration<\/p>\n<p class=\"p1\"><span class=\"s1\"><i>60<\/i><\/span> <b>Dessins de presse<\/b><\/p>\n<p class=\"p1\"><span class=\"s1\"><i>62<\/i><\/span> <b>Photographie<\/b><\/p>","protected":false},"excerpt":{"rendered":"<p>Exemplaire papier Edition de d\u00e9cembre 2019 Format magazine papier chic (68 pages) SOMMAIRE: 04 Editorial L\u2019attitude lib\u00e9rale 06 Entretien Christophe, hors format 12 Dossier \u00ab\u2009Vers une partition suisse\u2009?\u2009\u00bb Vers une Suisse irr\u00e9conciliable Ce que r\u00e9v\u00e8le le nouveau Conseil national 18 [&hellip;]<\/p>","protected":false},"featured_media":27347,"comment_status":"open","ping_status":"closed","template":"","meta":{"_acf_changed":false},"product_brand":[],"product_cat":[1228],"product_tag":[],"class_list":{"0":"post-27326","1":"product","2":"type-product","3":"status-publish","4":"has-post-thumbnail","6":"product_cat-numeros","8":"first","9":"instock","10":"shipping-taxable","11":"purchasable","12":"product-type-simple"},"acf":[],"_links":{"self":[{"href":"https:\/\/leregardlibre.sandbox-novadev.ch\/en\/wp-json\/wp\/v2\/product\/27326","targetHints":{"allow":["GET"]}}],"collection":[{"href":"https:\/\/leregardlibre.sandbox-novadev.ch\/en\/wp-json\/wp\/v2\/product"}],"about":[{"href":"https:\/\/leregardlibre.sandbox-novadev.ch\/en\/wp-json\/wp\/v2\/types\/product"}],"replies":[{"embeddable":true,"href":"https:\/\/leregardlibre.sandbox-novadev.ch\/en\/wp-json\/wp\/v2\/comments?post=27326"}],"wp:featuredmedia":[{"embeddable":true,"href":"https:\/\/leregardlibre.sandbox-novadev.ch\/en\/wp-json\/"}],"wp:attachment":[{"href":"https:\/\/leregardlibre.sandbox-novadev.ch\/en\/wp-json\/wp\/v2\/media?parent=27326"}],"wp:term":[{"taxonomy":"product_brand","embeddable":true,"href":"https:\/\/leregardlibre.sandbox-novadev.ch\/en\/wp-json\/wp\/v2\/product_brand?post=27326"},{"taxonomy":"product_cat","embeddable":true,"href":"https:\/\/leregardlibre.sandbox-novadev.ch\/en\/wp-json\/wp\/v2\/product_cat?post=27326"},{"taxonomy":"product_tag","embeddable":true,"href":"https:\/\/leregardlibre.sandbox-novadev.ch\/en\/wp-json\/wp\/v2\/product_tag?post=27326"}],"curies":[{"name":"wp","href":"https:\/\/api.w.org\/{rel}","templated":true}]}}