{"id":26629,"date":"2019-10-27T12:05:08","date_gmt":"2019-10-27T11:05:08","guid":{"rendered":"https:\/\/leregardlibre.com\/?post_type=product&amp;p=26629"},"modified":"2019-10-27T12:05:08","modified_gmt":"2019-10-27T11:05:08","slug":"le-regard-libre-no-56","status":"publish","type":"product","link":"https:\/\/leregardlibre.sandbox-novadev.ch\/en\/product\/le-regard-libre-no-56\/","title":{"rendered":"Le Regard Libre &#8211; N\u00ba 56"},"content":{"rendered":"<p>Exemplaire papier<br \/>\nEdition de novembre 2019<br \/>\nFormat magazine papier chic (68 pages)<\/p>\n<hr \/>\n<p>SOMMAIRE:<\/p>\n<p class=\"p1\"><span class=\"s1\"><i>04<\/i><\/span> <b>Editorial<br \/>\n<\/b>Avec la vague verte, un nouveau conservatisme?<\/p>\n<p class=\"p1\"><span class=\"s1\"><i>06<\/i><\/span> <b>Entretien<br \/>\n<\/b>Eric Vautrin et les r\u00e9sonances de Racine avec notre actualit\u00e9<\/p>\n<p class=\"p1\"><span class=\"s1\"><i>12<\/i><\/span> <b>Economie<br \/>\n<\/b>L\u2019analphab\u00e9tisme financier<\/p>\n<p class=\"p1\"><span class=\"s1\"><i>14<\/i><\/span> <b>Dossier sp\u00e9cial Eug\u00e8ne Ionesco<br \/>\n<\/b>Ce qu\u2019Eug\u00e8ne Ionesco nous dit aujourd\u2019hui | C\u00e9dric Dorier: \u00ab<i>Le Roi se meurt<\/i> est une synth\u00e8se de l\u2019existence\u00bb | R\u00e9\u00e9dition d\u2019un entretien exceptionnel avec Eug\u00e8ne Ionesco | Sa lettre in\u00e9dite sur sa conversion<\/p>\n<p class=\"p1\"><span class=\"s1\"><i>26<\/i><\/span> <b>Litt\u00e9rature<br \/>\n<\/b>Les lettres islandaises, \u00e9pisode #2 | Fiction \u00e9rotique <i>Derri\u00e8res les rideaux denses<\/i>, par Mademoiselle Rose, \u00e9pisode #1 <i>|<\/i> Recensions d\u2019ouvrages<\/p>\n<p class=\"p1\"><span class=\"s1\"><i>40<\/i><\/span> <b>Cin\u00e9ma<br \/>\n<\/b>Notre traditionnel dossier contenant la critique des films r\u00e9cents<\/p>\n<p class=\"p1\"><span class=\"s1\"><i>52<\/i><\/span> <b>Th\u00e9\u00e2tre<br \/>\n<\/b><i>Les Deux fr\u00e8res<\/i> \u00e0 l\u2019\u00e9cole du th\u00e9\u00e2tre<\/p>\n<p class=\"p1\"><span class=\"s1\"><i>55<\/i><\/span> <b>Sport<br \/>\n<\/b>De Lausanne \u00e0 Tokyo, course serr\u00e9e pour les triathl\u00e8tes suisses<\/p>\n<p class=\"p1\"><span class=\"s1\"><i>60<\/i><\/span> <b>Bande dessin\u00e9e<br \/>\n<\/b><i>Elections f\u00e9d\u00e9rales\u00a02019<\/i>, par Nicolas Locatelli<\/p>\n<p class=\"p1\"><span class=\"s1\"><i>62<\/i><\/span> <b>Photographie<br \/>\n<\/b><i>Assembl\u00e9e g\u00e9n\u00e9rale\u00a02019<\/i>, par Nicolas Locatelli<\/p>","protected":false},"excerpt":{"rendered":"<p>Exemplaire papier Edition de novembre 2019 Format magazine papier chic (68 pages) SOMMAIRE: 04 Editorial Avec la vague verte, un nouveau conservatisme? 06 Entretien Eric Vautrin et les r\u00e9sonances de Racine avec notre actualit\u00e9 12 Economie L\u2019analphab\u00e9tisme financier 14 Dossier [&hellip;]<\/p>","protected":false},"featured_media":28217,"comment_status":"open","ping_status":"closed","template":"","meta":{"_acf_changed":false},"product_brand":[],"product_cat":[1228],"product_tag":[],"class_list":{"0":"post-26629","1":"product","2":"type-product","3":"status-publish","4":"has-post-thumbnail","6":"product_cat-numeros","8":"first","9":"instock","10":"shipping-taxable","11":"purchasable","12":"product-type-simple"},"acf":[],"_links":{"self":[{"href":"https:\/\/leregardlibre.sandbox-novadev.ch\/en\/wp-json\/wp\/v2\/product\/26629","targetHints":{"allow":["GET"]}}],"collection":[{"href":"https:\/\/leregardlibre.sandbox-novadev.ch\/en\/wp-json\/wp\/v2\/product"}],"about":[{"href":"https:\/\/leregardlibre.sandbox-novadev.ch\/en\/wp-json\/wp\/v2\/types\/product"}],"replies":[{"embeddable":true,"href":"https:\/\/leregardlibre.sandbox-novadev.ch\/en\/wp-json\/wp\/v2\/comments?post=26629"}],"wp:featuredmedia":[{"embeddable":true,"href":"https:\/\/leregardlibre.sandbox-novadev.ch\/en\/wp-json\/"}],"wp:attachment":[{"href":"https:\/\/leregardlibre.sandbox-novadev.ch\/en\/wp-json\/wp\/v2\/media?parent=26629"}],"wp:term":[{"taxonomy":"product_brand","embeddable":true,"href":"https:\/\/leregardlibre.sandbox-novadev.ch\/en\/wp-json\/wp\/v2\/product_brand?post=26629"},{"taxonomy":"product_cat","embeddable":true,"href":"https:\/\/leregardlibre.sandbox-novadev.ch\/en\/wp-json\/wp\/v2\/product_cat?post=26629"},{"taxonomy":"product_tag","embeddable":true,"href":"https:\/\/leregardlibre.sandbox-novadev.ch\/en\/wp-json\/wp\/v2\/product_tag?post=26629"}],"curies":[{"name":"wp","href":"https:\/\/api.w.org\/{rel}","templated":true}]}}