{"id":26254,"date":"2019-10-17T10:54:18","date_gmt":"2019-10-17T08:54:18","guid":{"rendered":"https:\/\/leregardlibre.com\/?post_type=product&amp;p=26254"},"modified":"2019-10-17T10:54:18","modified_gmt":"2019-10-17T08:54:18","slug":"le-regard-libre-no-55","status":"publish","type":"product","link":"https:\/\/leregardlibre.sandbox-novadev.ch\/en\/product\/le-regard-libre-no-55\/","title":{"rendered":"Le Regard Libre &#8211; N\u00ba 55"},"content":{"rendered":"<p>Exemplaire papier<br \/>\nEdition d&rsquo;octobre 2019<br \/>\nFormat magazine papier chic (68 pages)<\/p>\n<hr \/>\n<p>SOMMAIRE:<\/p>\n<p class=\"p1\"><span class=\"s1\"><i>04<\/i><\/span> <b>Editorial<br \/>\n<\/b>Et si la fin du monde \u00e9tait une bonne nouvelle\u2009?<\/p>\n<p class=\"p1\"><span class=\"s1\"><i>05<\/i><\/span> <b>Entretien<br \/>\n<\/b>Mathieu Fabian Gauss, un ex-Vert devenu PBD<\/p>\n<p class=\"p1\"><span class=\"s1\"><i>08<\/i><\/span> <b>Philosophie<br \/>\n<\/b>L\u2019\u00e9criture inclusive et notre mal du si\u00e8cle<\/p>\n<p class=\"p1\"><span class=\"s1\"><i>10<\/i><\/span> <b>Economie<br \/>\n<\/b>La solution de l\u2019\u00e9conomie circulaire<\/p>\n<p class=\"p1\"><span class=\"s1\"><i>12<\/i><\/span> <b>Litt\u00e9rature<br \/>\n<\/b>Le miracle islandais <i>|<\/i> Recensions d\u2019ouvrages | Quand la po\u00e9sie de Monique Rey \u00e9pouse la photographie de Ren\u00e9 Bersier<\/p>\n<p class=\"p1\"><span class=\"s1\"><i>30<\/i><\/span> <b>Cin\u00e9ma<br \/>\n<\/b>Notre traditionnel dossier contenant la critique des films r\u00e9cents<\/p>\n<p class=\"p1\"><span class=\"s1\"><i>42<\/i><\/span> <b>Th\u00e9\u00e2tre<br \/>\n<\/b>Entretien avec Anna Lemonaki, metteure en sc\u00e8ne et com\u00e9dienne | Benno Besson, <i>trickster<\/i> du r\u00e9el<\/p>\n<p class=\"p1\"><span class=\"s1\"><i>54<\/i><\/span> <b>Sport<br \/>\n<\/b>Mich\u00e8le Garlinski, le saut en longueur dans les jambes et l\u2019\u00e2me<\/p>\n<p class=\"p1\"><span class=\"s1\"><i>60<\/i><\/span> <b>Bande dessin\u00e9e<br \/>\n<\/b><i>Trajet<\/i>, par Nicolas Locatelli<\/p>\n<p class=\"p1\"><span class=\"s1\"><i>62<\/i><\/span> <b>Photographie<br \/>\n<\/b><i>D\u00e9tail<\/i>, par Indra Crittin<\/p>","protected":false},"excerpt":{"rendered":"<p>Exemplaire papier Edition d&rsquo;octobre 2019 Format magazine papier chic (68 pages) SOMMAIRE: 04 Editorial Et si la fin du monde \u00e9tait une bonne nouvelle\u2009? 05 Entretien Mathieu Fabian Gauss, un ex-Vert devenu PBD 08 Philosophie L\u2019\u00e9criture inclusive et notre mal [&hellip;]<\/p>","protected":false},"featured_media":26255,"comment_status":"open","ping_status":"closed","template":"","meta":{"_acf_changed":false},"product_brand":[],"product_cat":[1228],"product_tag":[],"class_list":{"0":"post-26254","1":"product","2":"type-product","3":"status-publish","4":"has-post-thumbnail","6":"product_cat-numeros","8":"first","9":"outofstock","10":"shipping-taxable","11":"purchasable","12":"product-type-simple"},"acf":[],"_links":{"self":[{"href":"https:\/\/leregardlibre.sandbox-novadev.ch\/en\/wp-json\/wp\/v2\/product\/26254","targetHints":{"allow":["GET"]}}],"collection":[{"href":"https:\/\/leregardlibre.sandbox-novadev.ch\/en\/wp-json\/wp\/v2\/product"}],"about":[{"href":"https:\/\/leregardlibre.sandbox-novadev.ch\/en\/wp-json\/wp\/v2\/types\/product"}],"replies":[{"embeddable":true,"href":"https:\/\/leregardlibre.sandbox-novadev.ch\/en\/wp-json\/wp\/v2\/comments?post=26254"}],"wp:featuredmedia":[{"embeddable":true,"href":"https:\/\/leregardlibre.sandbox-novadev.ch\/en\/wp-json\/"}],"wp:attachment":[{"href":"https:\/\/leregardlibre.sandbox-novadev.ch\/en\/wp-json\/wp\/v2\/media?parent=26254"}],"wp:term":[{"taxonomy":"product_brand","embeddable":true,"href":"https:\/\/leregardlibre.sandbox-novadev.ch\/en\/wp-json\/wp\/v2\/product_brand?post=26254"},{"taxonomy":"product_cat","embeddable":true,"href":"https:\/\/leregardlibre.sandbox-novadev.ch\/en\/wp-json\/wp\/v2\/product_cat?post=26254"},{"taxonomy":"product_tag","embeddable":true,"href":"https:\/\/leregardlibre.sandbox-novadev.ch\/en\/wp-json\/wp\/v2\/product_tag?post=26254"}],"curies":[{"name":"wp","href":"https:\/\/api.w.org\/{rel}","templated":true}]}}