{"id":24185,"date":"2015-08-31T17:41:52","date_gmt":"2015-08-31T15:41:52","guid":{"rendered":"https:\/\/leregardlibre.com\/?post_type=product&amp;p=24185"},"modified":"2015-08-31T17:41:52","modified_gmt":"2015-08-31T15:41:52","slug":"abonnement-numerique","status":"publish","type":"product","link":"https:\/\/leregardlibre.sandbox-novadev.ch\/en\/product\/abonnement-numerique\/","title":{"rendered":"Abonnement num\u00e9rique"},"content":{"rendered":"<p>Acc\u00e8s \u00e0 tous les articles du site<br \/>\nAbonnement annuel<\/p>\n<h4><em><strong>Prix : 50.- CHF\/an<\/strong><\/em><\/h4>\n<p>(Pour l&rsquo;abonnement papier, <a href=\"https:\/\/leregardlibre.sandbox-novadev.ch\/en\/product\/abonnement-standard\/?attribute_pa_frequence-de-renouvellement=annuelle\">cliquez ici<\/a>)<\/p>","protected":false},"excerpt":{"rendered":"<p>Acc\u00e8s \u00e0 tous les articles du site Abonnement annuel Prix : 50.- CHF\/an (Pour l&rsquo;abonnement papier, cliquez ici)<\/p>","protected":false},"featured_media":531051,"comment_status":"open","ping_status":"closed","template":"","meta":{"_acf_changed":false},"product_brand":[],"product_cat":[1226],"product_tag":[],"class_list":{"0":"post-24185","1":"product","2":"type-product","3":"status-publish","4":"has-post-thumbnail","6":"product_cat-abonnements","8":"first","9":"outofstock","10":"shipping-taxable","11":"purchasable","12":"product-type-subscription"},"acf":[],"_links":{"self":[{"href":"https:\/\/leregardlibre.sandbox-novadev.ch\/en\/wp-json\/wp\/v2\/product\/24185","targetHints":{"allow":["GET"]}}],"collection":[{"href":"https:\/\/leregardlibre.sandbox-novadev.ch\/en\/wp-json\/wp\/v2\/product"}],"about":[{"href":"https:\/\/leregardlibre.sandbox-novadev.ch\/en\/wp-json\/wp\/v2\/types\/product"}],"replies":[{"embeddable":true,"href":"https:\/\/leregardlibre.sandbox-novadev.ch\/en\/wp-json\/wp\/v2\/comments?post=24185"}],"wp:featuredmedia":[{"embeddable":true,"href":"https:\/\/leregardlibre.sandbox-novadev.ch\/en\/wp-json\/wp\/v2\/media\/531051"}],"wp:attachment":[{"href":"https:\/\/leregardlibre.sandbox-novadev.ch\/en\/wp-json\/wp\/v2\/media?parent=24185"}],"wp:term":[{"taxonomy":"product_brand","embeddable":true,"href":"https:\/\/leregardlibre.sandbox-novadev.ch\/en\/wp-json\/wp\/v2\/product_brand?post=24185"},{"taxonomy":"product_cat","embeddable":true,"href":"https:\/\/leregardlibre.sandbox-novadev.ch\/en\/wp-json\/wp\/v2\/product_cat?post=24185"},{"taxonomy":"product_tag","embeddable":true,"href":"https:\/\/leregardlibre.sandbox-novadev.ch\/en\/wp-json\/wp\/v2\/product_tag?post=24185"}],"curies":[{"name":"wp","href":"https:\/\/api.w.org\/{rel}","templated":true}]}}