{"id":21435,"date":"2019-06-18T16:05:27","date_gmt":"2019-06-18T14:05:27","guid":{"rendered":"https:\/\/leregardlibre.com\/?post_type=product&amp;p=21435"},"modified":"2019-06-18T16:05:27","modified_gmt":"2019-06-18T14:05:27","slug":"le-regard-libre-no-52","status":"publish","type":"product","link":"https:\/\/leregardlibre.sandbox-novadev.ch\/en\/product\/le-regard-libre-no-52\/","title":{"rendered":"Le Regard Libre &#8211; N\u00ba 52"},"content":{"rendered":"<p>Exemplaire papier<br \/>\nEdition de juillet 2019<br \/>\nFormat magazine papier chic (68 pages)<\/p>\n<hr \/>\n<p>SOMMAIRE:<\/p>\n<p class=\"p1\"><span class=\"s1\"><i>05<\/i><\/span>\u00a0<b>Editorial<br \/>\n<\/b>Une Europe de destin<\/p>\n<p class=\"p3\"><span class=\"s1\"><i>06<\/i><\/span>\u00a0<b>Entretien<br \/>\n<\/b>Gilles Kepel: \u00abJe suis tr\u00e8s reconnaissant \u00e0 ceux qui m\u2019ont condamn\u00e9 \u00e0 mort, parce qu\u2019ils m\u2019ont permis l\u2019\u00e9criture de cet ouvrage.\u00bb<\/p>\n<p class=\"p3\"><span class=\"s1\"><i>10<\/i><\/span>\u00a0<b>Politique<br \/>\n<\/b>Dossier sp\u00e9cial sur l&rsquo;Union europ\u00e9enne<\/p>\n<p class=\"p1\"><em>18<\/em>\u00a0<b>Philosophie<br \/>\n<\/b>L&rsquo;autre et sa diff\u00e9rence | Me Bonnant et la libert\u00e9 d&rsquo;expression<\/p>\n<p class=\"p3\"><span class=\"s1\"><i>24<\/i><\/span>\u00a0<b>Litt\u00e9rature<br \/>\n<\/b><i>My absolute darling<\/i> de Gabriel Tallent est un roman exceptionel | <i>La femme du banquier<\/i>, un excellent thriller | La chose \u00e0 faire est de lire Antoine Vuille<\/p>\n<p class=\"p3\"><span class=\"s1\"><i>32<\/i><\/span>\u00a0<b>Musique<br \/>\n<\/b>Maxence L\u00e9onard et sa m\u00e9lancolie \u00e9corch\u00e9e | Festival Agap\u00e9, un festival du sacr\u00e9 et du partage<\/p>\n<p><span class=\"s1\"><i>36<\/i><\/span>\u00a0<b>Cin\u00e9ma<br \/>\n<\/b>Notre traditionnel dossier contenant la critique des films r\u00e9cents<\/p>\n<p class=\"p3\"><span class=\"s1\">52 <b>Th\u00e9\u00e2tre<br \/>\n<\/b><\/span>Une danse lumineusement macabre | A Vidy, une nouvelle saison sous la banni\u00e8re politique | <i>Kidnapping<\/i> \u00e0 la sauce Mickey<\/p>\n<p class=\"p1\"><span class=\"s1\"><i>61<\/i><\/span> <b>Courrier des lecteurs<br \/>\n<\/b>L&rsquo;affaire Agassiz<\/p>\n<p>62\u00a0<strong>Photographie<br \/>\n<\/strong><i>Traitill\u00e9<\/i>, par Indra Crittin<\/p>","protected":false},"excerpt":{"rendered":"<p>Exemplaire papier Edition de juillet 2019 Format magazine papier chic (68 pages) SOMMAIRE: 05\u00a0Editorial Une Europe de destin 06\u00a0Entretien Gilles Kepel: \u00abJe suis tr\u00e8s reconnaissant \u00e0 ceux qui m\u2019ont condamn\u00e9 \u00e0 mort, parce qu\u2019ils m\u2019ont permis l\u2019\u00e9criture de cet ouvrage.\u00bb [&hellip;]<\/p>","protected":false},"featured_media":21492,"comment_status":"open","ping_status":"closed","template":"","meta":{"_acf_changed":false},"product_brand":[],"product_cat":[1228],"product_tag":[],"class_list":{"0":"post-21435","1":"product","2":"type-product","3":"status-publish","4":"has-post-thumbnail","6":"product_cat-numeros","8":"first","9":"outofstock","10":"shipping-taxable","11":"purchasable","12":"product-type-simple"},"acf":[],"_links":{"self":[{"href":"https:\/\/leregardlibre.sandbox-novadev.ch\/en\/wp-json\/wp\/v2\/product\/21435","targetHints":{"allow":["GET"]}}],"collection":[{"href":"https:\/\/leregardlibre.sandbox-novadev.ch\/en\/wp-json\/wp\/v2\/product"}],"about":[{"href":"https:\/\/leregardlibre.sandbox-novadev.ch\/en\/wp-json\/wp\/v2\/types\/product"}],"replies":[{"embeddable":true,"href":"https:\/\/leregardlibre.sandbox-novadev.ch\/en\/wp-json\/wp\/v2\/comments?post=21435"}],"wp:featuredmedia":[{"embeddable":true,"href":"https:\/\/leregardlibre.sandbox-novadev.ch\/en\/wp-json\/"}],"wp:attachment":[{"href":"https:\/\/leregardlibre.sandbox-novadev.ch\/en\/wp-json\/wp\/v2\/media?parent=21435"}],"wp:term":[{"taxonomy":"product_brand","embeddable":true,"href":"https:\/\/leregardlibre.sandbox-novadev.ch\/en\/wp-json\/wp\/v2\/product_brand?post=21435"},{"taxonomy":"product_cat","embeddable":true,"href":"https:\/\/leregardlibre.sandbox-novadev.ch\/en\/wp-json\/wp\/v2\/product_cat?post=21435"},{"taxonomy":"product_tag","embeddable":true,"href":"https:\/\/leregardlibre.sandbox-novadev.ch\/en\/wp-json\/wp\/v2\/product_tag?post=21435"}],"curies":[{"name":"wp","href":"https:\/\/api.w.org\/{rel}","templated":true}]}}