{"id":21345,"date":"2019-06-15T18:01:39","date_gmt":"2019-06-15T16:01:39","guid":{"rendered":"https:\/\/leregardlibre.com\/?post_type=product&amp;p=21345"},"modified":"2019-06-15T18:01:39","modified_gmt":"2019-06-15T16:01:39","slug":"le-regard-libre-n-51","status":"publish","type":"product","link":"https:\/\/leregardlibre.sandbox-novadev.ch\/en\/product\/le-regard-libre-n-51\/","title":{"rendered":"Le Regard Libre &#8211; N\u00b0\u00a051"},"content":{"rendered":"<p>Exemplaire papier<br \/>\nEdition de juin 2019<br \/>\nFormat magazine papier chic (68 pages)<\/p>\n<hr \/>\n<p>SOMMAIRE:<\/p>\n<p class=\"p1\"><span class=\"s1\"><i>04<\/i><\/span> <b>Editorial<br \/>\n<\/b>L\u2019heure des pros du journalisme<\/p>\n<p class=\"p3\"><span class=\"s1\"><i>06<\/i><\/span> <b>Entretien<br \/>\n<\/b>Pascal Couchepin et Philippe Nantermod d\u00e9battent du lib\u00e9ralisme<\/p>\n<p class=\"p3\"><span class=\"s1\"><i>11<\/i><\/span>\u00a0<b>Politique<br \/>\n<\/b>Huawei, les Etats-Unis et nous | L\u2019art de la n\u00e9gociation\u00a0: Trump, la Cor\u00e9e et Isra\u00ebl | Votre ch\u00e2teau de sable est-il \u00e9thique ?<\/p>\n<p class=\"p1\"><em>16<\/em> <b>Philosophie<br \/>\n<\/b>La machine \u00e0 frustrations | Des toilettes non genr\u00e9es\u00a0? Allons donc\u00a0!<\/p>\n<p class=\"p3\"><span class=\"s1\"><i>20<\/i><\/span>\u00a0<b>Litt\u00e9rature<br \/>\n<\/b>Rencontre avec Thomas Hunkeler\u00a0| Quelques grands prix litt\u00e9raires, \u00e9pisode #4 | Recensions de nouvelles parutions<\/p>\n<p class=\"p3\"><span class=\"s1\"><i>32<\/i><\/span>\u00a0<b>Cin\u00e9ma<br \/>\n<\/b>Notre traditionnel dossier contenant la critique des films r\u00e9cents<\/p>\n<p class=\"p3\"><span class=\"s1\">46 <b>Th\u00e9\u00e2tre<br \/>\n<\/b><\/span>Plats inhumains | Le th\u00e9\u00e2tre du grincheux<\/p>\n<p>52 <b>Bande dessin\u00e9e<br \/>\n<\/b><i>Fribourg, capitale de la bonne humeur<\/i>, par Nicolas Locatelli<\/p>\n<p>62 <strong>Photographie<br \/>\n<\/strong><i>Ecorch\u00e9<\/i>, par Indra Crittin<\/p>","protected":false},"excerpt":{"rendered":"<p>Exemplaire papier Edition de juin 2019 Format magazine papier chic (68 pages) SOMMAIRE: 04 Editorial L\u2019heure des pros du journalisme 06 Entretien Pascal Couchepin et Philippe Nantermod d\u00e9battent du lib\u00e9ralisme 11\u00a0Politique Huawei, les Etats-Unis et nous | L\u2019art de la [&hellip;]<\/p>","protected":false},"featured_media":21348,"comment_status":"open","ping_status":"closed","template":"","meta":{"_acf_changed":false},"product_brand":[],"product_cat":[1228],"product_tag":[],"class_list":{"0":"post-21345","1":"product","2":"type-product","3":"status-publish","4":"has-post-thumbnail","6":"product_cat-numeros","8":"first","9":"outofstock","10":"shipping-taxable","11":"purchasable","12":"product-type-simple"},"acf":[],"_links":{"self":[{"href":"https:\/\/leregardlibre.sandbox-novadev.ch\/en\/wp-json\/wp\/v2\/product\/21345","targetHints":{"allow":["GET"]}}],"collection":[{"href":"https:\/\/leregardlibre.sandbox-novadev.ch\/en\/wp-json\/wp\/v2\/product"}],"about":[{"href":"https:\/\/leregardlibre.sandbox-novadev.ch\/en\/wp-json\/wp\/v2\/types\/product"}],"replies":[{"embeddable":true,"href":"https:\/\/leregardlibre.sandbox-novadev.ch\/en\/wp-json\/wp\/v2\/comments?post=21345"}],"wp:featuredmedia":[{"embeddable":true,"href":"https:\/\/leregardlibre.sandbox-novadev.ch\/en\/wp-json\/"}],"wp:attachment":[{"href":"https:\/\/leregardlibre.sandbox-novadev.ch\/en\/wp-json\/wp\/v2\/media?parent=21345"}],"wp:term":[{"taxonomy":"product_brand","embeddable":true,"href":"https:\/\/leregardlibre.sandbox-novadev.ch\/en\/wp-json\/wp\/v2\/product_brand?post=21345"},{"taxonomy":"product_cat","embeddable":true,"href":"https:\/\/leregardlibre.sandbox-novadev.ch\/en\/wp-json\/wp\/v2\/product_cat?post=21345"},{"taxonomy":"product_tag","embeddable":true,"href":"https:\/\/leregardlibre.sandbox-novadev.ch\/en\/wp-json\/wp\/v2\/product_tag?post=21345"}],"curies":[{"name":"wp","href":"https:\/\/api.w.org\/{rel}","templated":true}]}}