{"id":20230,"date":"2019-04-10T18:52:58","date_gmt":"2019-04-10T17:52:58","guid":{"rendered":"https:\/\/leregardlibre.com\/?post_type=product&amp;p=20230"},"modified":"2019-04-10T18:52:58","modified_gmt":"2019-04-10T17:52:58","slug":"le-regard-libre-n-50","status":"publish","type":"product","link":"https:\/\/leregardlibre.sandbox-novadev.ch\/en\/product\/le-regard-libre-n-50\/","title":{"rendered":"Le Regard Libre &#8211; N\u00b0\u00a050"},"content":{"rendered":"<p>Exemplaire papier<br \/>\nEdition de mai 2019 &#8211; NUM\u00c9RO \u00c9V\u00c9NEMENT #50<br \/>\nFormat magazine papier chic (68 pages)<\/p>\n<hr \/>\n<p>SOMMAIRE:<\/p>\n<p class=\"p1\"><span class=\"s1\"><i>04<\/i><\/span> <b>Editorial<br \/>\n<\/b>Les forces d\u2019un mensuel<\/p>\n<p class=\"p3\"><span class=\"s1\"><i>06<\/i><\/span> <b>Entretien<br \/>\n<\/b>Gonzague de Waresquiel, le Comte qui acheta la Harley de Polnareff<\/p>\n<p class=\"p3\"><span class=\"s1\"><i>12<\/i><\/span> <b>Politique<br \/>\n<\/b>Agriculture et g\u00e9opolitique<br \/>\n<em>Dominique de Buman. Un Suisse<\/em> publi\u00e9 aux Editions Slatkine<br \/>\nTheresa May, l\u2019h\u00e9ro\u00efne du Royaume-Uni<\/p>\n<p class=\"p1\"><em>21<\/em> <b>Musique<br \/>\n<\/b>Piotr l\u2019illustre Tcha\u00efkovski et son concerto pour violon<\/p>\n<p class=\"p3\"><span class=\"s1\"><i>22<\/i><\/span>\u00a0<b>Litt\u00e9rature<br \/>\n<\/b>Rencontre avec Guillaume Poisson, pr\u00e9sident du Cercle litt\u00e9raire<\/p>\n<p class=\"p3\"><span class=\"s1\"><i>28<\/i><\/span>\u00a0<b>Cin\u00e9ma<br \/>\n<\/b>Notre traditionnel dossier critique sur les films du moment<br \/>\nLe FIFF 2019, en entretiens, en critiques et en bande-dessin\u00e9e<\/p>\n<p class=\"p3\"><span class=\"s1\">54\u00a0<b>Th\u00e9\u00e2tre<br \/>\n<\/b>Programme Commun, les r\u00eaveries d\u2019un gourmet sc\u00e9nique<\/span><\/p>\n<p>62 <b>Photographie<br \/>\n<\/b><i>Duo<\/i>, par Indra Crittin<\/p>\n<p>68 <strong>Dessin<\/strong><br \/>\nNotre Larme, par Nicolas Locatelli<\/p>","protected":false},"excerpt":{"rendered":"<p>Exemplaire papier Edition de mai 2019 &#8211; NUM\u00c9RO \u00c9V\u00c9NEMENT #50 Format magazine papier chic (68 pages) SOMMAIRE: 04 Editorial Les forces d\u2019un mensuel 06 Entretien Gonzague de Waresquiel, le Comte qui acheta la Harley de Polnareff 12 Politique Agriculture et [&hellip;]<\/p>","protected":false},"featured_media":20231,"comment_status":"open","ping_status":"closed","template":"","meta":{"_acf_changed":false},"product_brand":[],"product_cat":[1228],"product_tag":[],"class_list":{"0":"post-20230","1":"product","2":"type-product","3":"status-publish","4":"has-post-thumbnail","6":"product_cat-numeros","8":"first","9":"instock","10":"shipping-taxable","11":"purchasable","12":"product-type-simple"},"acf":[],"_links":{"self":[{"href":"https:\/\/leregardlibre.sandbox-novadev.ch\/en\/wp-json\/wp\/v2\/product\/20230","targetHints":{"allow":["GET"]}}],"collection":[{"href":"https:\/\/leregardlibre.sandbox-novadev.ch\/en\/wp-json\/wp\/v2\/product"}],"about":[{"href":"https:\/\/leregardlibre.sandbox-novadev.ch\/en\/wp-json\/wp\/v2\/types\/product"}],"replies":[{"embeddable":true,"href":"https:\/\/leregardlibre.sandbox-novadev.ch\/en\/wp-json\/wp\/v2\/comments?post=20230"}],"wp:featuredmedia":[{"embeddable":true,"href":"https:\/\/leregardlibre.sandbox-novadev.ch\/en\/wp-json\/"}],"wp:attachment":[{"href":"https:\/\/leregardlibre.sandbox-novadev.ch\/en\/wp-json\/wp\/v2\/media?parent=20230"}],"wp:term":[{"taxonomy":"product_brand","embeddable":true,"href":"https:\/\/leregardlibre.sandbox-novadev.ch\/en\/wp-json\/wp\/v2\/product_brand?post=20230"},{"taxonomy":"product_cat","embeddable":true,"href":"https:\/\/leregardlibre.sandbox-novadev.ch\/en\/wp-json\/wp\/v2\/product_cat?post=20230"},{"taxonomy":"product_tag","embeddable":true,"href":"https:\/\/leregardlibre.sandbox-novadev.ch\/en\/wp-json\/wp\/v2\/product_tag?post=20230"}],"curies":[{"name":"wp","href":"https:\/\/api.w.org\/{rel}","templated":true}]}}