{"id":19953,"date":"2019-03-19T20:48:54","date_gmt":"2019-03-19T19:48:54","guid":{"rendered":"https:\/\/leregardlibre.com\/?post_type=product&amp;p=19953"},"modified":"2019-03-19T20:48:54","modified_gmt":"2019-03-19T19:48:54","slug":"le-regard-libre-n-49","status":"publish","type":"product","link":"https:\/\/leregardlibre.sandbox-novadev.ch\/en\/product\/le-regard-libre-n-49\/","title":{"rendered":"Le Regard Libre &#8211; N\u00b0\u00a049"},"content":{"rendered":"<p>Exemplaire papier<br \/>\nEdition d&rsquo;avril 2019<br \/>\nFormat magazine papier chic (68 pages)<\/p>\n<p>SOMMAIRE:<\/p>\n<p><span class=\"s1\"><i>03<\/i><\/span><b>\u00a0Editorial<br \/>\n<\/b>Galanterie, machisme et indiff\u00e9rence<\/p>\n<p class=\"p1\"><span class=\"s1\"><i>04<\/i><\/span><b> Entretien<br \/>\n<\/b>Pierre-Andr\u00e9 Perrin nous ouvre les portes du Mus\u00e9e du Son<\/p>\n<p class=\"p1\"><span class=\"s1\"><i>08<\/i><\/span><b> Musique<br \/>\n<\/b>Spotify ou Bandcamp : faire le choix de l\u2019industrie ou de la musique<br \/>\nLes chansons calmes de feu Nino Ferrer<br \/>\nEn 1969, le blues psych\u00e9d\u00e9lique de Johnny Hallyday<\/p>\n<p class=\"p1\"><span class=\"s1\"><i>15<\/i><\/span>\u00a0<strong>Politique<br \/>\n<\/strong>Narendra Modi et les \u00e9lections indiennes<br \/>\nUne paix juste ou juste la paix<\/p>\n<p class=\"p1\"><span class=\"s1\"><i>20<\/i><\/span><b>\u00a0Litt\u00e9rature<br \/>\n<\/b>Les <i>Arp\u00e8ges<\/i> d\u2019une amiti\u00e9, entre lettres et couleurs<br \/>\nMichel Houellebecq\u00a0: <i>S\u00e9rotonine<br \/>\n<\/i>Didier Burkhalter \u00e9crivain<br \/>\nTour d&rsquo;horizon de quelques grands prix litt\u00e9raires, #3<br \/>\nLe Salon du Livre romand en dessins<br \/>\nLe chemin tortueux des parents d&rsquo;enfants autistes<\/p>\n<p class=\"p1\"><span class=\"s1\"><i>42<\/i><\/span><b> Philosophie<br \/>\n<\/b>La philosophie ? Une, indisciplin\u00e9e, sans art ni part<\/p>\n<p class=\"p1\"><span class=\"s1\"><i>44<\/i><\/span><b> Cin\u00e9ma<br \/>\n<\/b>Notre traditionnel dossier critique sur les films du moment<br \/>\n<i>Coda<\/i>, la musique comme th\u00e9rapie<\/p>\n<p class=\"p1\"><span class=\"s1\"><i>54<\/i><\/span><b> Photographie<br \/>\n<\/b><i>Nobody<\/i><\/p>\n<p class=\"p1\"><span class=\"s1\"><i>58<\/i><\/span><b> Th\u00e9\u00e2tre<br \/>\n<\/b>La complainte du guerrier<\/p>\n<p class=\"p1\"><span class=\"s1\"><i>60<\/i><\/span><b> <\/b><strong>Gastronomie<br \/>\n<\/strong>La cuisine tha\u00eflandaise, variations autour du piment<br \/>\nLes bi\u00e8res prennent la place du vin au restaurant<\/p>\n<p><span class=\"s1\"><i>64<\/i><\/span><b>\u00a0<\/b><strong>Courrier des lecteurs<br \/>\n<\/strong><\/p>\n<p><span class=\"s1\"><i>66<\/i><\/span><b>\u00a0<\/b><strong>Citations<\/strong><\/p>\n<p><span class=\"s1\"><i>68<\/i><\/span><b>\u00a0<\/b><strong>Les dessins de Nicolas Locatelli<\/strong><\/p>","protected":false},"excerpt":{"rendered":"<p>Exemplaire papier Edition d&rsquo;avril 2019 Format magazine papier chic (68 pages) SOMMAIRE: 03\u00a0Editorial Galanterie, machisme et indiff\u00e9rence 04 Entretien Pierre-Andr\u00e9 Perrin nous ouvre les portes du Mus\u00e9e du Son 08 Musique Spotify ou Bandcamp : faire le choix de l\u2019industrie [&hellip;]<\/p>","protected":false},"featured_media":19954,"comment_status":"open","ping_status":"closed","template":"","meta":{"_acf_changed":false},"product_brand":[],"product_cat":[1228],"product_tag":[],"class_list":{"0":"post-19953","1":"product","2":"type-product","3":"status-publish","4":"has-post-thumbnail","6":"product_cat-numeros","8":"first","9":"instock","10":"shipping-taxable","11":"purchasable","12":"product-type-simple"},"acf":[],"_links":{"self":[{"href":"https:\/\/leregardlibre.sandbox-novadev.ch\/en\/wp-json\/wp\/v2\/product\/19953","targetHints":{"allow":["GET"]}}],"collection":[{"href":"https:\/\/leregardlibre.sandbox-novadev.ch\/en\/wp-json\/wp\/v2\/product"}],"about":[{"href":"https:\/\/leregardlibre.sandbox-novadev.ch\/en\/wp-json\/wp\/v2\/types\/product"}],"replies":[{"embeddable":true,"href":"https:\/\/leregardlibre.sandbox-novadev.ch\/en\/wp-json\/wp\/v2\/comments?post=19953"}],"wp:featuredmedia":[{"embeddable":true,"href":"https:\/\/leregardlibre.sandbox-novadev.ch\/en\/wp-json\/"}],"wp:attachment":[{"href":"https:\/\/leregardlibre.sandbox-novadev.ch\/en\/wp-json\/wp\/v2\/media?parent=19953"}],"wp:term":[{"taxonomy":"product_brand","embeddable":true,"href":"https:\/\/leregardlibre.sandbox-novadev.ch\/en\/wp-json\/wp\/v2\/product_brand?post=19953"},{"taxonomy":"product_cat","embeddable":true,"href":"https:\/\/leregardlibre.sandbox-novadev.ch\/en\/wp-json\/wp\/v2\/product_cat?post=19953"},{"taxonomy":"product_tag","embeddable":true,"href":"https:\/\/leregardlibre.sandbox-novadev.ch\/en\/wp-json\/wp\/v2\/product_tag?post=19953"}],"curies":[{"name":"wp","href":"https:\/\/api.w.org\/{rel}","templated":true}]}}