{"id":19886,"date":"2019-03-12T21:47:09","date_gmt":"2019-03-12T20:47:09","guid":{"rendered":"https:\/\/leregardlibre.com\/?post_type=product&amp;p=19886"},"modified":"2019-03-12T21:47:09","modified_gmt":"2019-03-12T20:47:09","slug":"le-regard-libre-n-48","status":"publish","type":"product","link":"https:\/\/leregardlibre.sandbox-novadev.ch\/en\/product\/le-regard-libre-n-48\/","title":{"rendered":"Le Regard Libre &#8211; N\u00b0\u00a048"},"content":{"rendered":"<p>Exemplaire papier<br \/>\nEdition de mars 2019<br \/>\nFormat magazine papier chic (68 pages)<\/p>\n<p>SOMMAIRE:<\/p>\n<p><span class=\"s1\"><i>04<\/i><\/span><b> Editorial<br \/>\n<\/b>Des gauches inconciliables<\/p>\n<p class=\"p1\"><span class=\"s1\"><i>04<\/i><\/span><b> Entretien<br \/>\n<\/b><i>\u00abComment les si\u00e8cles futurs jugeront-ils votre \u00e9poque?\u00bb<\/i> \u2013 Rencontre avec Philippe Claudel<\/p>\n<p class=\"p1\"><span class=\"s1\"><i>08<\/i><\/span><b> Politique<br \/>\n<\/b>La m\u00e9lancolie de la vraie gauche<br \/>\nLe paradoxe du charbon et de la transition \u00e9nerg\u00e9tique<br \/>\nJoseph Deiss, un guide pratique &#8211; Entretien avec l&rsquo;ancien conseiller f\u00e9d\u00e9ral<br \/>\nL\u2019Europe na\u00efve face \u00e0 la concurrence chinoise?<br \/>\nLe souverainet\u00e9 du Venezuela \u00e0 disposer de son peuple<\/p>\n<p class=\"p1\"><span class=\"s1\"><i>20<\/i><\/span><b> Philosophie<br \/>\n<\/b>Les intellectuels, on va s\u2019\u00e9clater!<\/p>\n<p class=\"p1\"><span class=\"s1\"><i>22<\/i><\/span><b> Musique<br \/>\n<\/b>Coups de soleil hivernaux<br \/>\nThe Beat: petit festival qui deviendra grand<\/p>\n<p class=\"p1\"><span class=\"s1\"><i>24<\/i><\/span><b> Litt\u00e9rature<br \/>\n<\/b>Pourquoi nier la r\u00e9alit\u00e9?<br \/>\nTour d\u2019horizon de quelques grands prix litt\u00e9raires<br \/>\nRecensions des nouvelles parutions<\/p>\n<p class=\"p1\"><span class=\"s1\"><i>38<\/i><\/span><b> Cin\u00e9ma<br \/>\n<\/b>Notre traditionnel dossier critique sur les films du moment<br \/>\nBesoin de bougies pour le vingt-cinqui\u00e8me anniversaire de <i>La Liste de Schindler<\/i><\/p>\n<p class=\"p1\"><span class=\"s1\"><i>54<\/i><\/span><b> Photographie<br \/>\n<\/b>Nuit II<\/p>\n<p class=\"p1\"><span class=\"s1\"><i>56<\/i><\/span><b> Th\u00e9\u00e2tre<br \/>\n<\/b>Le jour o\u00f9 mon Robot m\u2019aimera\u2026<\/p>\n<p class=\"p1\"><span class=\"s1\"><i>58<\/i><\/span><b> Forum<br \/>\n<\/b>Le train, une ouverture aux r\u00eaves<\/p>\n<p class=\"p1\"><span class=\"s1\"><i>60<\/i><\/span><b> Gastronomie<br \/>\n<\/b>La bi\u00e8re: d\u00e9finition<br \/>\nL\u2019Empire du Milieu, bient\u00f4t celui de la bi\u00e8re<br \/>\nLes <i>pubs<\/i> londoniens et le bal des nazes<br \/>\nLa cuisine birmane au carrefour des Asies<\/p>\n<p class=\"p1\"><span class=\"s1\"><i>68<\/i><\/span><b> Le dessin de Nicolas Locatelli<br \/>\n<\/b>Opposition entre Fayulu et Tshisekedi pour la l\u00e9gitimit\u00e9 de la pr\u00e9sidence en RDC<\/p>","protected":false},"excerpt":{"rendered":"<p>Exemplaire papier Edition de mars 2019 Format magazine papier chic (68 pages) SOMMAIRE: 04 Editorial Des gauches inconciliables 04 Entretien \u00abComment les si\u00e8cles futurs jugeront-ils votre \u00e9poque?\u00bb \u2013 Rencontre avec Philippe Claudel 08 Politique La m\u00e9lancolie de la vraie gauche [&hellip;]<\/p>","protected":false},"featured_media":19887,"comment_status":"open","ping_status":"closed","template":"","meta":{"_acf_changed":false},"product_brand":[],"product_cat":[1228],"product_tag":[],"class_list":{"0":"post-19886","1":"product","2":"type-product","3":"status-publish","4":"has-post-thumbnail","6":"product_cat-numeros","8":"first","9":"instock","10":"shipping-taxable","11":"purchasable","12":"product-type-simple"},"acf":[],"_links":{"self":[{"href":"https:\/\/leregardlibre.sandbox-novadev.ch\/en\/wp-json\/wp\/v2\/product\/19886","targetHints":{"allow":["GET"]}}],"collection":[{"href":"https:\/\/leregardlibre.sandbox-novadev.ch\/en\/wp-json\/wp\/v2\/product"}],"about":[{"href":"https:\/\/leregardlibre.sandbox-novadev.ch\/en\/wp-json\/wp\/v2\/types\/product"}],"replies":[{"embeddable":true,"href":"https:\/\/leregardlibre.sandbox-novadev.ch\/en\/wp-json\/wp\/v2\/comments?post=19886"}],"wp:featuredmedia":[{"embeddable":true,"href":"https:\/\/leregardlibre.sandbox-novadev.ch\/en\/wp-json\/"}],"wp:attachment":[{"href":"https:\/\/leregardlibre.sandbox-novadev.ch\/en\/wp-json\/wp\/v2\/media?parent=19886"}],"wp:term":[{"taxonomy":"product_brand","embeddable":true,"href":"https:\/\/leregardlibre.sandbox-novadev.ch\/en\/wp-json\/wp\/v2\/product_brand?post=19886"},{"taxonomy":"product_cat","embeddable":true,"href":"https:\/\/leregardlibre.sandbox-novadev.ch\/en\/wp-json\/wp\/v2\/product_cat?post=19886"},{"taxonomy":"product_tag","embeddable":true,"href":"https:\/\/leregardlibre.sandbox-novadev.ch\/en\/wp-json\/wp\/v2\/product_tag?post=19886"}],"curies":[{"name":"wp","href":"https:\/\/api.w.org\/{rel}","templated":true}]}}