{"id":18294,"date":"2018-10-16T14:20:56","date_gmt":"2018-10-16T12:20:56","guid":{"rendered":"https:\/\/leregardlibre.com\/?post_type=product&amp;p=18294"},"modified":"2018-10-16T14:20:56","modified_gmt":"2018-10-16T12:20:56","slug":"le-regard-libre-n-43","status":"publish","type":"product","link":"https:\/\/leregardlibre.sandbox-novadev.ch\/en\/product\/le-regard-libre-n-43\/","title":{"rendered":"Le Regard Libre &#8211; N\u00b0\u00a043"},"content":{"rendered":"<p>Exemplaire papier<br \/>\nEdition d&rsquo;octobre 2018<br \/>\nFormat magazine papier chic (68 pages)<\/p>\n<div class=\"woocommerce-tabs wc-tabs-wrapper\">\n<div id=\"tab-description\" class=\"woocommerce-Tabs-panel woocommerce-Tabs-panel--description panel entry-content wc-tab\" role=\"tabpanel\" aria-labelledby=\"tab-title-description\">\n<p>SOMMAIRE:<\/p>\n<p><span class=\"s1\"><i>04<\/i><\/span><b>\u00a0Editorial<br \/>\n<\/b><em>Le Regard Libre<\/em>, orient\u00e9?<\/p>\n<p class=\"p1\"><span class=\"s1\"><i>06<\/i><\/span><b>\u00a0Entretien<br \/>\n<\/b>Fran\u00e7ois Asselineau, candidat \u00e0 la pr\u00e9sidentielle de 2017: \u00abJ&rsquo;ai cr\u00e9\u00e9 mon parti par d\u00e9sespoir\u00bb<\/p>\n<p><span class=\"s1\"><i>12<\/i><\/span><b> Politique<br \/>\n<\/b>Oui \u00e0 l&rsquo;Union europ\u00e9enne, mais r\u00e9form\u00e9e<\/p>\n<p><span class=\"s1\"><i>14<\/i><\/span><b>\u00a0Economie<br \/>\n<\/b>\u00abL&rsquo;anonymat est un choix\u00bb<\/p>\n<p><span class=\"s1\"><i>18<\/i><\/span><b> Photographie<br \/>\n<\/b>Petit tour de Suisse<br \/>\nMerci, Marina \u2013 Hommage<\/p>\n<p><span class=\"s1\"><i>20<\/i><\/span><b> Litt\u00e9rature<br \/>\n<\/b>Philip Roth en quatre romans \u2013 Notre dossier hommage<\/p>\n<p><span class=\"s1\"><i>32<\/i><\/span><b> Cin\u00e9ma<br \/>\n<\/b>Le dossier du mois<\/p>\n<p class=\"p3\"><span class=\"s1\"><i>50<\/i><\/span><b> Musique<br \/>\n<\/b>Le nouveau McCartney, un chef-d&rsquo;\u0153uvre, vraiment?<br \/>\nD\u00e9ambulation sonore \u00e0 haute valeur ajout\u00e9e<\/p>\n<p class=\"p3\"><span class=\"s1\"><i>57<\/i><\/span><b> Gastronomie<\/b><b><br \/>\n<\/b>La Com\u00e8te, une brasserie valeureuse<br \/>\nL&rsquo;Apais\u00e9e, une perle houblonn\u00e9e au bout du L\u00e9man<\/p>\n<p class=\"p3\"><span class=\"s1\"><i>60<\/i><\/span><b> Forum<br \/>\n<\/b>Cannabis, pourquoi la l\u00e9gislation s&rsquo;impose<\/p>\n<p class=\"p3\"><span class=\"s1\"><i>65<\/i><\/span><b> Voyage<br \/>\n<\/b>Micro-r\u00e9cit d&rsquo;un grand voyage intime en Cor\u00e9e<\/p>\n<p class=\"p3\"><span class=\"s1\"><i>68<\/i><\/span><b> Citations<br \/>\n<\/b>Extraits d&rsquo;ouvrages de Philip Roth<b><br \/>\n<\/b><\/p>\n<\/div>\n<\/div>","protected":false},"excerpt":{"rendered":"<p>Exemplaire papier Edition d&rsquo;octobre 2018 Format magazine papier chic (68 pages) SOMMAIRE: 04\u00a0Editorial Le Regard Libre, orient\u00e9? 06\u00a0Entretien Fran\u00e7ois Asselineau, candidat \u00e0 la pr\u00e9sidentielle de 2017: \u00abJ&rsquo;ai cr\u00e9\u00e9 mon parti par d\u00e9sespoir\u00bb 12 Politique Oui \u00e0 l&rsquo;Union europ\u00e9enne, mais r\u00e9form\u00e9e [&hellip;]<\/p>","protected":false},"featured_media":519816,"comment_status":"open","ping_status":"closed","template":"","meta":{"_acf_changed":false},"product_brand":[],"product_cat":[1228],"product_tag":[],"class_list":{"0":"post-18294","1":"product","2":"type-product","3":"status-publish","4":"has-post-thumbnail","6":"product_cat-numeros","8":"first","9":"instock","10":"shipping-taxable","11":"purchasable","12":"product-type-simple"},"acf":[],"_links":{"self":[{"href":"https:\/\/leregardlibre.sandbox-novadev.ch\/en\/wp-json\/wp\/v2\/product\/18294","targetHints":{"allow":["GET"]}}],"collection":[{"href":"https:\/\/leregardlibre.sandbox-novadev.ch\/en\/wp-json\/wp\/v2\/product"}],"about":[{"href":"https:\/\/leregardlibre.sandbox-novadev.ch\/en\/wp-json\/wp\/v2\/types\/product"}],"replies":[{"embeddable":true,"href":"https:\/\/leregardlibre.sandbox-novadev.ch\/en\/wp-json\/wp\/v2\/comments?post=18294"}],"wp:featuredmedia":[{"embeddable":true,"href":"https:\/\/leregardlibre.sandbox-novadev.ch\/en\/wp-json\/"}],"wp:attachment":[{"href":"https:\/\/leregardlibre.sandbox-novadev.ch\/en\/wp-json\/wp\/v2\/media?parent=18294"}],"wp:term":[{"taxonomy":"product_brand","embeddable":true,"href":"https:\/\/leregardlibre.sandbox-novadev.ch\/en\/wp-json\/wp\/v2\/product_brand?post=18294"},{"taxonomy":"product_cat","embeddable":true,"href":"https:\/\/leregardlibre.sandbox-novadev.ch\/en\/wp-json\/wp\/v2\/product_cat?post=18294"},{"taxonomy":"product_tag","embeddable":true,"href":"https:\/\/leregardlibre.sandbox-novadev.ch\/en\/wp-json\/wp\/v2\/product_tag?post=18294"}],"curies":[{"name":"wp","href":"https:\/\/api.w.org\/{rel}","templated":true}]}}