{"id":17870,"date":"2018-11-24T18:52:33","date_gmt":"2018-11-24T17:52:33","guid":{"rendered":"https:\/\/leregardlibre.com\/?post_type=product&amp;p=17870"},"modified":"2018-11-24T18:52:33","modified_gmt":"2018-11-24T17:52:33","slug":"le-regard-libre-n-44","status":"publish","type":"product","link":"https:\/\/leregardlibre.sandbox-novadev.ch\/en\/product\/le-regard-libre-n-44\/","title":{"rendered":"Le Regard Libre &#8211; N\u00b0\u00a044"},"content":{"rendered":"<p>Exemplaire papier<br \/>\nEdition de novembre 2018<br \/>\nFormat magazine papier chic (68 pages)<\/p>\n<p>SOMMAIRE:<\/p>\n<p><span class=\"s1\"><i>02<\/i><\/span><b>\u00a0Editorial<br \/>\n<\/b>Agassiz, censurer le pass\u00e9?<\/p>\n<p class=\"p1\"><span class=\"s1\"><i>04<\/i><\/span><b>\u00a0Entretien<br \/>\n<\/b>Yves Duteil: \u00abJe suis un passeur d&rsquo;\u00e9motions\u00bb<\/p>\n<p><span class=\"s1\"><i>10<\/i><\/span><b> Politique<br \/>\n<\/b>Initiative \u00abcontre les juges \u00e9trangers\u00bb: un enjeu de forme plut\u00f4t que de fond<br \/>\nL&rsquo;enjeu pour la Chine&#8230; et pour le monde<br \/>\n<em>Le c\u00f4t\u00e9 obscur de la lumi\u00e8re<\/em>, ou le pouvoir selon Oskar Freysinger<\/p>\n<p><span class=\"s1\"><i>20<\/i><\/span><b> Litt\u00e9rature<br \/>\n<\/b>Le drame de l&rsquo;Ordre du Temple solaire mis en roman<br \/>\nUne b\u00e9d\u00e9 pour notre Histoire<\/p>\n<p><span class=\"s1\"><i>26<\/i><\/span><b> Philosophie<br \/>\n<\/b>La d\u00e9couverte d&rsquo;un nouvel intime<\/p>\n<p><span class=\"s1\"><i>28<\/i><\/span><b> Economie<br \/>\n<\/b>L&rsquo;\u00e9conomie collaborative, vers un nouveau mod\u00e8le?<\/p>\n<p class=\"p3\"><span class=\"s1\"><i>32<\/i><\/span><b> Cin\u00e9ma<br \/>\n<\/b>Notre traditionnel dossier critique sur les films du moment<\/p>\n<p class=\"p3\"><span class=\"s1\"><i>48<\/i><\/span><b> Musique<br \/>\n<\/b>Dossier hommage consacr\u00e9 \u00e0 Charles Aznavour<br \/>\nSon Little, l&rsquo;enflammade et la d\u00e9tonation<\/p>\n<p class=\"p3\"><span class=\"s1\"><i>63<\/i><\/span><b>\u00a0<\/b><b>Gastronomie<br \/>\n<\/b>La BLZ Company, le succ\u00e8s au parfum local<\/p>\n<p class=\"p3\"><span class=\"s1\"><i>64<\/i><\/span><b> Architecture<br \/>\n<\/b>Vers une m\u00e9diation num\u00e9rique: l&rsquo;exemple de Chambord<\/p>\n<p class=\"p3\"><span class=\"s1\"><i>66<\/i><\/span><b> Forum<br \/>\n<\/b>Don d&rsquo;organe, quelle solution face \u00e0 la p\u00e9nurie?<\/p>\n<p class=\"p3\"><span class=\"s1\"><i>68<\/i><\/span><b> Citations<br \/>\n<\/b>Extraits de chansons de Charles Aznavour<\/p>","protected":false},"excerpt":{"rendered":"<p>Exemplaire papier Edition de novembre 2018 Format magazine papier chic (68 pages) SOMMAIRE: 02\u00a0Editorial Agassiz, censurer le pass\u00e9? 04\u00a0Entretien Yves Duteil: \u00abJe suis un passeur d&rsquo;\u00e9motions\u00bb 10 Politique Initiative \u00abcontre les juges \u00e9trangers\u00bb: un enjeu de forme plut\u00f4t que de [&hellip;]<\/p>","protected":false},"featured_media":17873,"comment_status":"open","ping_status":"closed","template":"","meta":{"_acf_changed":false},"product_brand":[],"product_cat":[1228],"product_tag":[],"class_list":{"0":"post-17870","1":"product","2":"type-product","3":"status-publish","4":"has-post-thumbnail","6":"product_cat-numeros","8":"first","9":"instock","10":"shipping-taxable","11":"purchasable","12":"product-type-simple"},"acf":[],"_links":{"self":[{"href":"https:\/\/leregardlibre.sandbox-novadev.ch\/en\/wp-json\/wp\/v2\/product\/17870","targetHints":{"allow":["GET"]}}],"collection":[{"href":"https:\/\/leregardlibre.sandbox-novadev.ch\/en\/wp-json\/wp\/v2\/product"}],"about":[{"href":"https:\/\/leregardlibre.sandbox-novadev.ch\/en\/wp-json\/wp\/v2\/types\/product"}],"replies":[{"embeddable":true,"href":"https:\/\/leregardlibre.sandbox-novadev.ch\/en\/wp-json\/wp\/v2\/comments?post=17870"}],"wp:featuredmedia":[{"embeddable":true,"href":"https:\/\/leregardlibre.sandbox-novadev.ch\/en\/wp-json\/"}],"wp:attachment":[{"href":"https:\/\/leregardlibre.sandbox-novadev.ch\/en\/wp-json\/wp\/v2\/media?parent=17870"}],"wp:term":[{"taxonomy":"product_brand","embeddable":true,"href":"https:\/\/leregardlibre.sandbox-novadev.ch\/en\/wp-json\/wp\/v2\/product_brand?post=17870"},{"taxonomy":"product_cat","embeddable":true,"href":"https:\/\/leregardlibre.sandbox-novadev.ch\/en\/wp-json\/wp\/v2\/product_cat?post=17870"},{"taxonomy":"product_tag","embeddable":true,"href":"https:\/\/leregardlibre.sandbox-novadev.ch\/en\/wp-json\/wp\/v2\/product_tag?post=17870"}],"curies":[{"name":"wp","href":"https:\/\/api.w.org\/{rel}","templated":true}]}}