{"id":17743,"date":"2019-01-16T14:18:35","date_gmt":"2019-01-16T13:18:35","guid":{"rendered":"https:\/\/leregardlibre.com\/?post_type=product&amp;p=17743"},"modified":"2019-01-16T14:18:35","modified_gmt":"2019-01-16T13:18:35","slug":"le-regard-libre-n-46","status":"publish","type":"product","link":"https:\/\/leregardlibre.sandbox-novadev.ch\/en\/product\/le-regard-libre-n-46\/","title":{"rendered":"Le Regard Libre &#8211; N\u00b0\u00a046"},"content":{"rendered":"<p>Exemplaire papier<br \/>\nEdition de janvier 2019<br \/>\nFormat magazine papier chic (68 pages)<\/p>\n<p>SOMMAIRE:<\/p>\n<p><span class=\"s1\"><i>02<\/i><\/span><b>\u00a0Editorial<br \/>\n<\/b>Les \u00abgilets jaunes\u00bb: quelques r\u00e9flexions<\/p>\n<p class=\"p1\"><span class=\"s1\"><i>04<\/i><\/span><b> Entretien<br \/>\n<\/b>Bertil Galland, l\u2019homme de lettres romand<\/p>\n<p><span class=\"s1\"><i>10<\/i><\/span><b> Musique<br \/>\n<\/b>Les duos subtils de V\u00e9ronique Sanson nous la font red\u00e9couvrir<br \/>\nKery James, le forgeron de rimes<br \/>\nPolnareff accouche <em>Enfin!\u00a0<\/em>\u2013 R\u00e9cit d&rsquo;une frustration<br \/>\nJordi Savall, l&rsquo;historien de la musique m\u00e9di\u00e9vale<br \/>\nRencontre avec le duo Marzella, qui s&rsquo;envole vers un bel avenir<br \/>\nClara Luciani, reine sur sc\u00e8ne<\/p>\n<p class=\"p3\"><span class=\"s1\"><i>24<\/i><\/span><b> Politique<br \/>\n<\/b>La Chine et l\u2019apprentissage de la puissance<br \/>\nYuval Noah Harari, l\u2019historien des disruptions du temps pr\u00e9sent<\/p>\n<p class=\"p3\"><span class=\"s1\"><i>28<\/i><\/span><b> <\/b><b>Litt\u00e9rature<br \/>\n<\/b><i>Un tournant de la vie<\/i>: le nouveau livre de Christine Angot est-il vraiment mauvais\u00a0?<br \/>\n<i>Putain d\u2019AVC!<\/i>, un t\u00e9moignage indispensable et touchant<br \/>\n<i>Le Collectionneur<\/i>, une d\u00e9licieuse dose de terreur<\/p>\n<p class=\"p3\"><span class=\"s1\"><i>32<\/i><\/span><b> Philosophie<br \/>\n<\/b>Chaque langue est unique et irrempla\u00e7able<\/p>\n<p class=\"p3\"><span class=\"s1\"><i>34<\/i><\/span><b> Economie<br \/>\n<\/b>Facebook, colosse aux pieds d\u2019argile?<\/p>\n<p class=\"p3\"><span class=\"s1\"><i>54<\/i><\/span><b> Photographie<\/b><\/p>\n<p class=\"p3\"><span class=\"s1\"><i>58<\/i><\/span><b> Gastronomie<br \/>\n<\/b>Zelig, un cam\u00e9l\u00e9on dans la jungle universitaire<br \/>\nLa Brasserie B\u2019ART a ouvert ses portes aux bubus neuch\u00e2telois<\/p>\n<p class=\"p3\"><span class=\"s1\"><i>60<\/i><\/span><b> Forum<br \/>\n<\/b>Au Caf\u00e9, une soif de soci\u00e9t\u00e9<br \/>\nLa haute-couture, un monde fait de d\u00e9rives et de d\u00e9sinformation<br \/>\nLa <i>fit-girl<\/i>, cette esp\u00e8ce f\u00e9minine qui inonde Instagram<br \/>\n#CINE, une association par et pour les 14-18 ans<br \/>\nLettre \u00e0 un ami (pastiche philosophique)<\/p>\n<p><span class=\"s1\"><i>68<\/i><\/span><b> Les dessins de Nicolas Locatelli<br \/>\n<\/b><\/p>","protected":false},"excerpt":{"rendered":"<p>Exemplaire papier Edition de janvier 2019 Format magazine papier chic (68 pages) SOMMAIRE: 02\u00a0Editorial Les \u00abgilets jaunes\u00bb: quelques r\u00e9flexions 04 Entretien Bertil Galland, l\u2019homme de lettres romand 10 Musique Les duos subtils de V\u00e9ronique Sanson nous la font red\u00e9couvrir Kery [&hellip;]<\/p>","protected":false},"featured_media":18033,"comment_status":"open","ping_status":"closed","template":"","meta":{"_acf_changed":false},"product_brand":[],"product_cat":[1228],"product_tag":[],"class_list":{"0":"post-17743","1":"product","2":"type-product","3":"status-publish","4":"has-post-thumbnail","6":"product_cat-numeros","8":"first","9":"instock","10":"shipping-taxable","11":"purchasable","12":"product-type-simple"},"acf":[],"_links":{"self":[{"href":"https:\/\/leregardlibre.sandbox-novadev.ch\/en\/wp-json\/wp\/v2\/product\/17743","targetHints":{"allow":["GET"]}}],"collection":[{"href":"https:\/\/leregardlibre.sandbox-novadev.ch\/en\/wp-json\/wp\/v2\/product"}],"about":[{"href":"https:\/\/leregardlibre.sandbox-novadev.ch\/en\/wp-json\/wp\/v2\/types\/product"}],"replies":[{"embeddable":true,"href":"https:\/\/leregardlibre.sandbox-novadev.ch\/en\/wp-json\/wp\/v2\/comments?post=17743"}],"wp:featuredmedia":[{"embeddable":true,"href":"https:\/\/leregardlibre.sandbox-novadev.ch\/en\/wp-json\/"}],"wp:attachment":[{"href":"https:\/\/leregardlibre.sandbox-novadev.ch\/en\/wp-json\/wp\/v2\/media?parent=17743"}],"wp:term":[{"taxonomy":"product_brand","embeddable":true,"href":"https:\/\/leregardlibre.sandbox-novadev.ch\/en\/wp-json\/wp\/v2\/product_brand?post=17743"},{"taxonomy":"product_cat","embeddable":true,"href":"https:\/\/leregardlibre.sandbox-novadev.ch\/en\/wp-json\/wp\/v2\/product_cat?post=17743"},{"taxonomy":"product_tag","embeddable":true,"href":"https:\/\/leregardlibre.sandbox-novadev.ch\/en\/wp-json\/wp\/v2\/product_tag?post=17743"}],"curies":[{"name":"wp","href":"https:\/\/api.w.org\/{rel}","templated":true}]}}