{"id":17631,"date":"2015-11-09T11:47:35","date_gmt":"2015-11-09T10:47:35","guid":{"rendered":"https:\/\/leregardlibre.com\/?post_type=product&amp;p=17631"},"modified":"2015-11-09T11:47:35","modified_gmt":"2015-11-09T10:47:35","slug":"le-regard-libre-abonnement-annuel-a-la-version-papier","status":"publish","type":"product","link":"https:\/\/leregardlibre.sandbox-novadev.ch\/en\/product\/le-regard-libre-abonnement-annuel-a-la-version-papier\/","title":{"rendered":"Abonnement standard (Suisse)"},"content":{"rendered":"<p>Acc\u00e8s \u00e0 tous les articles du site et aux \u00e9ditions papier<br \/>\nAbonnement annuel (10 num\u00e9ros)<\/p>\n<h4><strong><em>Prix : 100.- CHF\/an<\/em><\/strong><\/h4>\n<p>(Pour un envoi en UE, <a href=\"https:\/\/leregardlibre.sandbox-novadev.ch\/en\/product\/abonnement-standard\/?attribute_pa_frequence-de-renouvellement=annuelle\">cliquez ici<\/a>)<br \/>\n(Pour un envoi hors UE, <a href=\"https:\/\/leregardlibre.sandbox-novadev.ch\/en\/product\/abonnement-standard\/?attribute_pa_frequence-de-renouvellement=annuelle\">cliquez ici<\/a>)<br \/>\n(Pour un abonnement de soutien, <a href=\"https:\/\/leregardlibre.sandbox-novadev.ch\/en\/product\/abonnement-standard\/?attribute_pa_frequence-de-renouvellement=annuelle\">cliquez ici<\/a>)<\/p>","protected":false},"excerpt":{"rendered":"<p>Acc\u00e8s \u00e0 tous les articles du site et aux \u00e9ditions papier Abonnement annuel (10 num\u00e9ros) Prix : 100.- CHF\/an (Pour un envoi en UE, cliquez ici) (Pour un envoi hors UE, cliquez ici) (Pour un abonnement de soutien, cliquez ici)<\/p>","protected":false},"featured_media":531051,"comment_status":"open","ping_status":"closed","template":"","meta":{"_acf_changed":false},"product_brand":[],"product_cat":[1226],"product_tag":[],"class_list":{"0":"post-17631","1":"product","2":"type-product","3":"status-publish","4":"has-post-thumbnail","6":"product_cat-abonnements","8":"first","9":"instock","10":"shipping-taxable","11":"purchasable","12":"product-type-subscription"},"acf":[],"_links":{"self":[{"href":"https:\/\/leregardlibre.sandbox-novadev.ch\/en\/wp-json\/wp\/v2\/product\/17631","targetHints":{"allow":["GET"]}}],"collection":[{"href":"https:\/\/leregardlibre.sandbox-novadev.ch\/en\/wp-json\/wp\/v2\/product"}],"about":[{"href":"https:\/\/leregardlibre.sandbox-novadev.ch\/en\/wp-json\/wp\/v2\/types\/product"}],"replies":[{"embeddable":true,"href":"https:\/\/leregardlibre.sandbox-novadev.ch\/en\/wp-json\/wp\/v2\/comments?post=17631"}],"wp:featuredmedia":[{"embeddable":true,"href":"https:\/\/leregardlibre.sandbox-novadev.ch\/en\/wp-json\/wp\/v2\/media\/531051"}],"wp:attachment":[{"href":"https:\/\/leregardlibre.sandbox-novadev.ch\/en\/wp-json\/wp\/v2\/media?parent=17631"}],"wp:term":[{"taxonomy":"product_brand","embeddable":true,"href":"https:\/\/leregardlibre.sandbox-novadev.ch\/en\/wp-json\/wp\/v2\/product_brand?post=17631"},{"taxonomy":"product_cat","embeddable":true,"href":"https:\/\/leregardlibre.sandbox-novadev.ch\/en\/wp-json\/wp\/v2\/product_cat?post=17631"},{"taxonomy":"product_tag","embeddable":true,"href":"https:\/\/leregardlibre.sandbox-novadev.ch\/en\/wp-json\/wp\/v2\/product_tag?post=17631"}],"curies":[{"name":"wp","href":"https:\/\/api.w.org\/{rel}","templated":true}]}}