{"id":526843,"date":"2025-02-26T13:05:47","date_gmt":"2025-02-26T12:05:47","guid":{"rendered":"https:\/\/leregardlibre.com\/?page_id=526843"},"modified":"2025-02-26T13:05:47","modified_gmt":"2025-02-26T12:05:47","slug":"ee","status":"publish","type":"page","link":"https:\/\/leregardlibre.sandbox-novadev.ch\/en\/ee\/","title":{"rendered":"Esprit entrepreneurial"},"content":{"rendered":"<div data-elementor-type=\"wp-page\" data-elementor-id=\"526843\" class=\"elementor elementor-526843\">\n\t\t\t\t\t\t<section class=\"elementor-section elementor-top-section elementor-element elementor-element-2926a69 elementor-section-content-top elementor-section-boxed elementor-section-height-default elementor-section-height-default\" data-id=\"2926a69\" data-element_type=\"section\" data-e-type=\"section\">\n\t\t\t\t\t\t<div class=\"elementor-container elementor-column-gap-default\">\n\t\t\t\t\t<div class=\"elementor-column elementor-col-100 elementor-top-column elementor-element elementor-element-3be1316\" data-id=\"3be1316\" data-element_type=\"column\" data-e-type=\"column\">\n\t\t\t<div class=\"elementor-widget-wrap elementor-element-populated\">\n\t\t\t\t\t\t<div class=\"elementor-element elementor-element-a06f02a elementor-widget elementor-widget-spacer\" data-id=\"a06f02a\" data-element_type=\"widget\" data-e-type=\"widget\" data-widget_type=\"spacer.default\">\n\t\t\t\t\t\t\t<div class=\"elementor-spacer\">\n\t\t\t<div class=\"elementor-spacer-inner\"><\/div>\n\t\t<\/div>\n\t\t\t\t\t\t<\/div>\n\t\t\t\t<div class=\"elementor-element elementor-element-19a2123 elementor-widget elementor-widget-image\" data-id=\"19a2123\" data-element_type=\"widget\" data-e-type=\"widget\" data-widget_type=\"image.default\">\n\t\t\t\t\t\t\t\t\t\t\t\t\t\t\t<img decoding=\"async\" src=\"https:\/\/leregardlibre.com\/wp-content\/uploads\/2025\/08\/espriee_vers3.jpg\" title=\"\" alt=\"esprit entrepreneurial\" loading=\"lazy\" \/>\t\t\t\t\t\t\t\t\t\t\t\t\t\t\t<\/div>\n\t\t\t\t<div class=\"elementor-element elementor-element-7e9bdaa elementor-widget elementor-widget-spacer\" data-id=\"7e9bdaa\" data-element_type=\"widget\" data-e-type=\"widget\" data-widget_type=\"spacer.default\">\n\t\t\t\t\t\t\t<div class=\"elementor-spacer\">\n\t\t\t<div class=\"elementor-spacer-inner\"><\/div>\n\t\t<\/div>\n\t\t\t\t\t\t<\/div>\n\t\t\t\t<div class=\"elementor-element elementor-element-42fa946 elementor-widget elementor-widget-text-editor\" data-id=\"42fa946\" data-element_type=\"widget\" data-e-type=\"widget\" data-widget_type=\"text-editor.default\">\n\t\t\t\t\t\t\t\t\t<p class=\"p1\"><span style=\"font-size: 12pt;\">Ce n\u2019est pas \u00e0 l\u2019\u00e9cole que l\u2019on apprend que l\u2019entrepreneuriat est un choix de carri\u00e8re possible. C\u2019est la vie qui vous y pousse. Or, le mod\u00e8le de l\u2019entrepreneur \u2013 qui \u00e9choue le plus souvent, mais qui, lorsqu\u2019il r\u00e9ussit, fait vivre de nombreuses familles et g\u00e9n\u00e8re des recettes fiscales importantes pour la collectivit\u00e9 \u2013 ne devrait-il pas \u00eatre une voie que l\u2019on ne devrait pas d\u00e9couvrir par hasard?<\/span><\/p><p class=\"p1\"><span style=\"font-size: 12pt;\"><strong><br \/>Parce que l\u2019\u00e9cole ne parvient pas \u00e0 promouvoir l\u2019esprit d\u2019entreprise, nous avons tent\u00e9 de capturer et de diffuser l\u2019esprit entrepreneurial<\/strong>: vous lirez ci-dessous plusieurs textes sur ce que sont les entrepreneurs et ce dont ils ont besoin \u2013 nous avons rencontr\u00e9 quatre de ces figures inspirantes et publi\u00e9 les analyses de trois observateurs. L\u2019interview du jeune entrepreneur suisse \u00e0 succ\u00e8s Timon Zimmermann, mod\u00e8le pour toute une g\u00e9n\u00e9ration, est \u00e9galement disponible <a href=\"https:\/\/www.youtube.com\/watch?v=vLtmFzfLykI&amp;ab_channel=LeRegardLibre\">sur la cha\u00eene YouTube du\u00a0<i>Regard Libre<\/i><\/a>.<\/span><\/p><p class=\"p1\"><span style=\"font-size: 12pt;\"><br \/>Soutenu par la Fondation Bonny pour la Libert\u00e9 et la Fondation PEMOL-Baumann, ce dossier est disponible en allemand en tant que <a href=\"https:\/\/schweizermonat.ch\/ee\/\">suppl\u00e9ment du <i>Schweizer\u00a0Monat<\/i><\/a>\u00a0et en fran\u00e7ais en tant que <a href=\"https:\/\/leregardlibre.com\/cpt-editions\/hors-serie-5-esprit-entrepreneurial\/\">suppl\u00e9ment du\u00a0<i>Regard Libre<\/i><\/a>. Il marque le d\u00e9but d\u2019un projet pluri-annuel mettant en avant les cr\u00e9ateurs de notre pays \u2013 actuels et futurs!<\/span><\/p>\t\t\t\t\t\t\t\t<\/div>\n\t\t\t\t<div class=\"elementor-element elementor-element-0e0dae2 elementor-widget elementor-widget-spacer\" data-id=\"0e0dae2\" data-element_type=\"widget\" data-e-type=\"widget\" data-widget_type=\"spacer.default\">\n\t\t\t\t\t\t\t<div class=\"elementor-spacer\">\n\t\t\t<div class=\"elementor-spacer-inner\"><\/div>\n\t\t<\/div>\n\t\t\t\t\t\t<\/div>\n\t\t\t\t\t<\/div>\n\t\t<\/div>\n\t\t\t\t\t<\/div>\n\t\t<\/section>\n\t\t\t\t<section class=\"elementor-section elementor-top-section elementor-element elementor-element-10a5f56 elementor-section-boxed elementor-section-height-default elementor-section-height-default\" data-id=\"10a5f56\" data-element_type=\"section\" data-e-type=\"section\">\n\t\t\t\t\t\t<div class=\"elementor-container elementor-column-gap-default\">\n\t\t\t\t\t<div class=\"elementor-column elementor-col-50 elementor-top-column elementor-element elementor-element-7a50b4b\" data-id=\"7a50b4b\" data-element_type=\"column\" data-e-type=\"column\">\n\t\t\t<div class=\"elementor-widget-wrap\">\n\t\t\t\t\t\t\t<\/div>\n\t\t<\/div>\n\t\t\t\t<div class=\"elementor-column elementor-col-50 elementor-top-column elementor-element elementor-element-b2c1911\" data-id=\"b2c1911\" data-element_type=\"column\" data-e-type=\"column\">\n\t\t\t<div class=\"elementor-widget-wrap\">\n\t\t\t\t\t\t\t<\/div>\n\t\t<\/div>\n\t\t\t\t\t<\/div>\n\t\t<\/section>\n\t\t\t\t<section class=\"elementor-section elementor-top-section elementor-element elementor-element-6b92fb7 elementor-section-boxed elementor-section-height-default elementor-section-height-default\" data-id=\"6b92fb7\" data-element_type=\"section\" data-e-type=\"section\">\n\t\t\t\t\t\t<div class=\"elementor-container elementor-column-gap-default\">\n\t\t\t\t\t<div class=\"elementor-column elementor-col-100 elementor-top-column elementor-element elementor-element-8125c1e\" data-id=\"8125c1e\" data-element_type=\"column\" data-e-type=\"column\">\n\t\t\t<div class=\"elementor-widget-wrap elementor-element-populated\">\n\t\t\t\t\t\t<div class=\"elementor-element elementor-element-2ea1cc5 elementor-widget elementor-widget-text-editor\" data-id=\"2ea1cc5\" data-element_type=\"widget\" data-e-type=\"widget\" data-widget_type=\"text-editor.default\">\n\t\t\t\t\t\t\t\t\t<p style=\"text-align: center;\">Venez en nombre \u00e0 notre <strong>prochain \u00e9v\u00e9nement<\/strong>, qui inaugure la seconde \u00e9dition du projet:<\/p>\t\t\t\t\t\t\t\t<\/div>\n\t\t\t\t\t<\/div>\n\t\t<\/div>\n\t\t\t\t\t<\/div>\n\t\t<\/section>\n\t\t\t\t<section class=\"elementor-section elementor-top-section elementor-element elementor-element-e91ddd4 elementor-section-boxed elementor-section-height-default elementor-section-height-default\" data-id=\"e91ddd4\" data-element_type=\"section\" data-e-type=\"section\">\n\t\t\t\t\t\t<div class=\"elementor-container elementor-column-gap-default\">\n\t\t\t\t\t<div class=\"elementor-column elementor-col-100 elementor-top-column elementor-element elementor-element-e2df558\" data-id=\"e2df558\" data-element_type=\"column\" data-e-type=\"column\">\n\t\t\t<div class=\"elementor-widget-wrap elementor-element-populated\">\n\t\t\t\t\t\t<div class=\"elementor-element elementor-element-b86dd12 elementor-widget elementor-widget-image\" data-id=\"b86dd12\" data-element_type=\"widget\" data-e-type=\"widget\" data-widget_type=\"image.default\">\n\t\t\t\t\t\t\t\t\t\t\t\t\t\t\t\t<a href=\"https:\/\/www.eventbrite.ch\/e\/wie-fordern-wir-den-jungen-unternehmergeist-tickets-1968466533391\" target=\"_blank\">\n\t\t\t\t\t\t\t<img decoding=\"async\" src=\"https:\/\/leregardlibre.com\/wp-content\/uploads\/2026\/01\/ee2-fr-horizontal.png\" title=\"\" alt=\"\" loading=\"lazy\" \/>\t\t\t\t\t\t\t\t<\/a>\n\t\t\t\t\t\t\t\t\t\t\t\t\t\t\t<\/div>\n\t\t\t\t\t<\/div>\n\t\t<\/div>\n\t\t\t\t\t<\/div>\n\t\t<\/section>\n\t\t\t\t<section class=\"elementor-section elementor-top-section elementor-element elementor-element-e50a72f elementor-section-boxed elementor-section-height-default elementor-section-height-default\" data-id=\"e50a72f\" data-element_type=\"section\" data-e-type=\"section\">\n\t\t\t\t\t\t<div class=\"elementor-container elementor-column-gap-default\">\n\t\t\t\t\t<div class=\"elementor-column elementor-col-100 elementor-top-column elementor-element elementor-element-0926e4a\" data-id=\"0926e4a\" data-element_type=\"column\" data-e-type=\"column\">\n\t\t\t<div class=\"elementor-widget-wrap elementor-element-populated\">\n\t\t\t\t\t\t<div class=\"elementor-element elementor-element-c163c05 elementor-widget elementor-widget-text-editor\" data-id=\"c163c05\" data-element_type=\"widget\" data-e-type=\"widget\" data-widget_type=\"text-editor.default\">\n\t\t\t\t\t\t\t\t\t<p style=\"text-align: center;\"><a href=\"https:\/\/www.libinst.ch\/fr\/evenements\/journee-liberale-romande-2026\/\">Programme et inscription<\/a> (\u00e9v\u00e9nement en allemand!)<\/p>\t\t\t\t\t\t\t\t<\/div>\n\t\t\t\t\t<\/div>\n\t\t<\/div>\n\t\t\t\t\t<\/div>\n\t\t<\/section>\n\t\t\t\t<section class=\"elementor-section elementor-top-section elementor-element elementor-element-c8b38eb elementor-section-boxed elementor-section-height-default elementor-section-height-default\" data-id=\"c8b38eb\" data-element_type=\"section\" data-e-type=\"section\">\n\t\t\t\t\t\t<div class=\"elementor-container elementor-column-gap-default\">\n\t\t\t\t\t<div class=\"elementor-column elementor-col-100 elementor-top-column elementor-element elementor-element-b990ad3\" data-id=\"b990ad3\" data-element_type=\"column\" data-e-type=\"column\">\n\t\t\t<div class=\"elementor-widget-wrap elementor-element-populated\">\n\t\t\t\t\t\t<div class=\"elementor-element elementor-element-addf130 elementor-widget elementor-widget-spacer\" data-id=\"addf130\" data-element_type=\"widget\" data-e-type=\"widget\" data-widget_type=\"spacer.default\">\n\t\t\t\t\t\t\t<div class=\"elementor-spacer\">\n\t\t\t<div class=\"elementor-spacer-inner\"><\/div>\n\t\t<\/div>\n\t\t\t\t\t\t<\/div>\n\t\t\t\t\t<\/div>\n\t\t<\/div>\n\t\t\t\t\t<\/div>\n\t\t<\/section>\n\t\t\t\t<\/div>","protected":false},"excerpt":{"rendered":"<p>Ce n\u2019est pas \u00e0 l\u2019\u00e9cole que l\u2019on apprend que l\u2019entrepreneuriat est un choix de carri\u00e8re possible. C\u2019est la vie qui vous y pousse. Or, le mod\u00e8le de l\u2019entrepreneur \u2013 qui \u00e9choue le plus souvent, mais qui, lorsqu\u2019il r\u00e9ussit, fait vivre [&hellip;]<\/p>","protected":false},"author":1,"featured_media":531051,"parent":0,"menu_order":0,"comment_status":"closed","ping_status":"closed","template":"page-fullwidth.php","meta":{"_acf_changed":false,"footnotes":""},"class_list":["post-526843","page","type-page","status-publish","has-post-thumbnail","hentry"],"acf":[],"_links":{"self":[{"href":"https:\/\/leregardlibre.sandbox-novadev.ch\/en\/wp-json\/wp\/v2\/pages\/526843","targetHints":{"allow":["GET"]}}],"collection":[{"href":"https:\/\/leregardlibre.sandbox-novadev.ch\/en\/wp-json\/wp\/v2\/pages"}],"about":[{"href":"https:\/\/leregardlibre.sandbox-novadev.ch\/en\/wp-json\/wp\/v2\/types\/page"}],"author":[{"embeddable":true,"href":"https:\/\/leregardlibre.sandbox-novadev.ch\/en\/wp-json\/wp\/v2\/users\/1"}],"replies":[{"embeddable":true,"href":"https:\/\/leregardlibre.sandbox-novadev.ch\/en\/wp-json\/wp\/v2\/comments?post=526843"}],"version-history":[{"count":0,"href":"https:\/\/leregardlibre.sandbox-novadev.ch\/en\/wp-json\/wp\/v2\/pages\/526843\/revisions"}],"wp:featuredmedia":[{"embeddable":true,"href":"https:\/\/leregardlibre.sandbox-novadev.ch\/en\/wp-json\/wp\/v2\/media\/531051"}],"wp:attachment":[{"href":"https:\/\/leregardlibre.sandbox-novadev.ch\/en\/wp-json\/wp\/v2\/media?parent=526843"}],"curies":[{"name":"wp","href":"https:\/\/api.w.org\/{rel}","templated":true}]}}