{"id":508746,"date":"2022-08-31T16:13:40","date_gmt":"2022-08-31T14:13:40","guid":{"rendered":"https:\/\/leregardlibre.com\/?page_id=508746"},"modified":"2022-08-31T16:13:40","modified_gmt":"2022-08-31T14:13:40","slug":"notre-offre","status":"publish","type":"page","link":"https:\/\/leregardlibre.sandbox-novadev.ch\/en\/a-propos\/notre-offre\/","title":{"rendered":"Notre offre"},"content":{"rendered":"<div data-elementor-type=\"wp-page\" data-elementor-id=\"508746\" class=\"elementor elementor-508746\">\n\t\t\t\t\t\t<section class=\"elementor-section elementor-top-section elementor-element elementor-element-72a51fa elementor-section-boxed elementor-section-height-default elementor-section-height-default\" data-id=\"72a51fa\" data-element_type=\"section\" data-e-type=\"section\">\n\t\t\t\t\t\t<div class=\"elementor-container elementor-column-gap-default\">\n\t\t\t\t\t<div class=\"elementor-column elementor-col-100 elementor-top-column elementor-element elementor-element-01ad100\" data-id=\"01ad100\" data-element_type=\"column\" data-e-type=\"column\">\n\t\t\t<div class=\"elementor-widget-wrap elementor-element-populated\">\n\t\t\t\t\t\t<div class=\"elementor-element elementor-element-a562184 elementor-widget elementor-widget-heading\" data-id=\"a562184\" data-element_type=\"widget\" data-e-type=\"widget\" data-widget_type=\"heading.default\">\n\t\t\t\t\t<h1 class=\"elementor-heading-title elementor-size-default\">Notre offre<\/h1>\t\t\t\t<\/div>\n\t\t\t\t\t<\/div>\n\t\t<\/div>\n\t\t\t\t\t<\/div>\n\t\t<\/section>\n\t\t\t\t<section class=\"elementor-section elementor-top-section elementor-element elementor-element-2926a69 elementor-section-content-top elementor-section-boxed elementor-section-height-default elementor-section-height-default\" data-id=\"2926a69\" data-element_type=\"section\" data-e-type=\"section\">\n\t\t\t\t\t\t<div class=\"elementor-container elementor-column-gap-default\">\n\t\t\t\t\t<div class=\"elementor-column elementor-col-100 elementor-top-column elementor-element elementor-element-3be1316\" data-id=\"3be1316\" data-element_type=\"column\" data-e-type=\"column\">\n\t\t\t<div class=\"elementor-widget-wrap elementor-element-populated\">\n\t\t\t\t\t\t<div class=\"elementor-element elementor-element-72151b6 elementor-widget elementor-widget-text-editor\" data-id=\"72151b6\" data-element_type=\"widget\" data-e-type=\"widget\" data-widget_type=\"text-editor.default\">\n\t\t\t\t\t\t\t\t\t<p>Nous vous proposons:<\/p>\t\t\t\t\t\t\t\t<\/div>\n\t\t\t\t<div class=\"elementor-element elementor-element-42fa946 elementor-widget elementor-widget-text-editor\" data-id=\"42fa946\" data-element_type=\"widget\" data-e-type=\"widget\" data-widget_type=\"text-editor.default\">\n\t\t\t\t\t\t\t\t\t<ul><li>Des\u00a0<strong>analyses<\/strong>\u00a0\u00e0 la fois\u00a0<strong>rigoureuses<\/strong>\u00a0et\u00a0<strong>claires<\/strong><\/li><li>Des\u00a0<strong>d\u00e9bats<\/strong> ouverts et <strong>pluralistes<\/strong>\u00a0<\/li><li>Des\u00a0<strong>lectures d\u2019ouvrages<\/strong>\u00a0<strong>qui comptent aujourd\u2019hui<\/strong><\/li><li>Des <strong>interviews<\/strong> <b>sans langue de bois<\/b><\/li><li>Un espace <strong>libre de toute pression id\u00e9ologique<\/strong><\/li><li>Des\u00a0<strong>prises de position<\/strong>\u00a0fortes sur\u00a0<strong>l\u2019actualit\u00e9<\/strong><\/li><li>Des\u00a0<strong>critiques<\/strong>\u00a0des derni\u00e8res\u00a0<strong>actualit\u00e9s artistiques<\/strong><\/li><li>Des\u00a0<strong>plumes<\/strong>\u00a0qui ont du\u00a0<strong>style<\/strong>\u00a0et des\u00a0<strong>penseurs<\/strong>\u00a0qui ont du\u00a0<strong>caract\u00e8re<\/strong><\/li><\/ul>\t\t\t\t\t\t\t\t<\/div>\n\t\t\t\t<div class=\"elementor-element elementor-element-e8e1b33 elementor-widget elementor-widget-text-editor\" data-id=\"e8e1b33\" data-element_type=\"widget\" data-e-type=\"widget\" data-widget_type=\"text-editor.default\">\n\t\t\t\t\t\t\t\t\t<p><strong>En un mot: un regard libre.<\/strong><\/p>\t\t\t\t\t\t\t\t<\/div>\n\t\t\t\t<div class=\"elementor-element elementor-element-6747472 elementor-widget elementor-widget-text-editor\" data-id=\"6747472\" data-element_type=\"widget\" data-e-type=\"widget\" data-widget_type=\"text-editor.default\">\n\t\t\t\t\t\t\t\t\t<p>Convaincus? Ou simplement curieux? Choisissez un abonnement et b\u00e9n\u00e9ficiez du premier mois \u00e0 CHF 2.50:<\/p>\t\t\t\t\t\t\t\t<\/div>\n\t\t\t\t\t<\/div>\n\t\t<\/div>\n\t\t\t\t\t<\/div>\n\t\t<\/section>\n\t\t\t\t<section class=\"elementor-section elementor-top-section elementor-element elementor-element-40dba07a elementor-section-boxed elementor-section-height-default elementor-section-height-default\" data-id=\"40dba07a\" data-element_type=\"section\" data-e-type=\"section\">\n\t\t\t\t\t\t<div class=\"elementor-container elementor-column-gap-default\">\n\t\t\t\t\t<div class=\"elementor-column elementor-col-33 elementor-top-column elementor-element elementor-element-7577388d\" data-id=\"7577388d\" data-element_type=\"column\" data-e-type=\"column\">\n\t\t\t<div class=\"elementor-widget-wrap\">\n\t\t\t\t\t\t\t<\/div>\n\t\t<\/div>\n\t\t\t\t<div class=\"elementor-column elementor-col-33 elementor-top-column elementor-element elementor-element-2288c6b8\" data-id=\"2288c6b8\" data-element_type=\"column\" data-e-type=\"column\">\n\t\t\t<div class=\"elementor-widget-wrap\">\n\t\t\t\t\t\t\t<\/div>\n\t\t<\/div>\n\t\t\t\t<div class=\"elementor-column elementor-col-33 elementor-top-column elementor-element elementor-element-4547d21b\" data-id=\"4547d21b\" data-element_type=\"column\" data-e-type=\"column\">\n\t\t\t<div class=\"elementor-widget-wrap\">\n\t\t\t\t\t\t\t<\/div>\n\t\t<\/div>\n\t\t\t\t\t<\/div>\n\t\t<\/section>\n\t\t\t\t<\/div>","protected":false},"excerpt":{"rendered":"<p>Notre offre Nous vous proposons: Des\u00a0analyses\u00a0\u00e0 la fois\u00a0rigoureuses\u00a0et\u00a0claires Des\u00a0d\u00e9bats ouverts et pluralistes\u00a0 Des\u00a0lectures d\u2019ouvrages\u00a0qui comptent aujourd\u2019hui Des interviews sans langue de bois Un espace libre de toute pression id\u00e9ologique Des\u00a0prises de position\u00a0fortes sur\u00a0l\u2019actualit\u00e9 Des\u00a0critiques\u00a0des derni\u00e8res\u00a0actualit\u00e9s artistiques Des\u00a0plumes\u00a0qui ont du\u00a0style\u00a0et des\u00a0penseurs\u00a0qui [&hellip;]<\/p>","protected":false},"author":1,"featured_media":531051,"parent":49867,"menu_order":0,"comment_status":"closed","ping_status":"closed","template":"page-fullwidth.php","meta":{"_acf_changed":false,"footnotes":""},"class_list":["post-508746","page","type-page","status-publish","has-post-thumbnail","hentry"],"acf":[],"_links":{"self":[{"href":"https:\/\/leregardlibre.sandbox-novadev.ch\/en\/wp-json\/wp\/v2\/pages\/508746","targetHints":{"allow":["GET"]}}],"collection":[{"href":"https:\/\/leregardlibre.sandbox-novadev.ch\/en\/wp-json\/wp\/v2\/pages"}],"about":[{"href":"https:\/\/leregardlibre.sandbox-novadev.ch\/en\/wp-json\/wp\/v2\/types\/page"}],"author":[{"embeddable":true,"href":"https:\/\/leregardlibre.sandbox-novadev.ch\/en\/wp-json\/wp\/v2\/users\/1"}],"replies":[{"embeddable":true,"href":"https:\/\/leregardlibre.sandbox-novadev.ch\/en\/wp-json\/wp\/v2\/comments?post=508746"}],"version-history":[{"count":0,"href":"https:\/\/leregardlibre.sandbox-novadev.ch\/en\/wp-json\/wp\/v2\/pages\/508746\/revisions"}],"up":[{"embeddable":true,"href":"https:\/\/leregardlibre.sandbox-novadev.ch\/en\/wp-json\/wp\/v2\/pages\/49867"}],"wp:featuredmedia":[{"embeddable":true,"href":"https:\/\/leregardlibre.sandbox-novadev.ch\/en\/wp-json\/wp\/v2\/media\/531051"}],"wp:attachment":[{"href":"https:\/\/leregardlibre.sandbox-novadev.ch\/en\/wp-json\/wp\/v2\/media?parent=508746"}],"curies":[{"name":"wp","href":"https:\/\/api.w.org\/{rel}","templated":true}]}}