{"id":508738,"date":"2022-08-31T16:10:21","date_gmt":"2022-08-31T14:10:21","guid":{"rendered":"https:\/\/leregardlibre.com\/?page_id=508738"},"modified":"2022-08-31T16:10:21","modified_gmt":"2022-08-31T14:10:21","slug":"notre-manifeste","status":"publish","type":"page","link":"https:\/\/leregardlibre.sandbox-novadev.ch\/en\/a-propos\/notre-manifeste\/","title":{"rendered":"Notre manifeste"},"content":{"rendered":"<div data-elementor-type=\"wp-page\" data-elementor-id=\"508738\" class=\"elementor elementor-508738\">\n\t\t\t\t\t\t<section class=\"elementor-section elementor-top-section elementor-element elementor-element-72a51fa elementor-section-boxed elementor-section-height-default elementor-section-height-default\" data-id=\"72a51fa\" data-element_type=\"section\" data-e-type=\"section\">\n\t\t\t\t\t\t<div class=\"elementor-container elementor-column-gap-default\">\n\t\t\t\t\t<div class=\"elementor-column elementor-col-100 elementor-top-column elementor-element elementor-element-01ad100\" data-id=\"01ad100\" data-element_type=\"column\" data-e-type=\"column\">\n\t\t\t<div class=\"elementor-widget-wrap elementor-element-populated\">\n\t\t\t\t\t\t<div class=\"elementor-element elementor-element-a562184 elementor-widget elementor-widget-heading\" data-id=\"a562184\" data-element_type=\"widget\" data-e-type=\"widget\" data-widget_type=\"heading.default\">\n\t\t\t\t\t<h1 class=\"elementor-heading-title elementor-size-default\">Notre manifeste<\/h1>\t\t\t\t<\/div>\n\t\t\t\t\t<\/div>\n\t\t<\/div>\n\t\t\t\t\t<\/div>\n\t\t<\/section>\n\t\t\t\t<section class=\"elementor-section elementor-top-section elementor-element elementor-element-2926a69 elementor-section-content-top elementor-section-boxed elementor-section-height-default elementor-section-height-default\" data-id=\"2926a69\" data-element_type=\"section\" data-e-type=\"section\">\n\t\t\t\t\t\t<div class=\"elementor-container elementor-column-gap-default\">\n\t\t\t\t\t<div class=\"elementor-column elementor-col-100 elementor-top-column elementor-element elementor-element-3be1316\" data-id=\"3be1316\" data-element_type=\"column\" data-e-type=\"column\">\n\t\t\t<div class=\"elementor-widget-wrap elementor-element-populated\">\n\t\t\t\t\t\t<div class=\"elementor-element elementor-element-42fa946 elementor-widget elementor-widget-text-editor\" data-id=\"42fa946\" data-element_type=\"widget\" data-e-type=\"widget\" data-widget_type=\"text-editor.default\">\n\t\t\t\t\t\t\t\t\t<p>Parce que nous voulons vous offrir un journalisme de qualit\u00e9, nous nous engageons:<br \/><br \/><\/p><ul><li>\u00e0 proposer une\u00a0<strong>plus-value sur l\u2019information<\/strong><\/li><li>\u00e0 faire vivre le\u00a0<strong>d\u00e9bat d\u00e9mocratique<\/strong><\/li><li>\u00e0 rendre compte des\u00a0<strong>controverses actuelles<\/strong><\/li><li>\u00e0 ne tomber<strong style=\"font-family: var(--pcbody-font);\">\u00a0ni dans la superficialit\u00e9 ni dans le r\u00e8gne des experts<\/strong><\/li><li>\u00e0 faire\u00a0<strong>avancer les r\u00e9flexions<\/strong> dans une optique <strong>lib\u00e9rale<\/strong> et <span style=\"font-weight: bolder;\">pluraliste<\/span>.<\/li><li>\u00e0\u00a0<b>ne jamais tromper\u00a0le lecteur<\/b><\/li><li>\u00e0 faire preuve\u00a0<strong>d\u2019esprit<\/strong>\u00a0plut\u00f4t que d\u2019esprit de s\u00e9rieux<\/li><li>\u00e0\u00a0<strong>assumer nos erreurs<\/strong>\u00a0et les communiquer<\/li><\/ul><p><span style=\"font-family: var(--pcbody-font);\"><br \/>Le tout, sur la base de\u00a0<\/span><strong style=\"color: inherit; font-family: inherit; font-size: inherit; text-align: inherit;\">faits v\u00e9rifi\u00e9s<\/strong><span style=\"color: inherit; font-family: inherit; font-size: inherit; font-weight: inherit; text-align: inherit;\">,\u00a0<\/span><strong style=\"color: inherit; font-family: inherit; font-size: inherit; text-align: inherit;\">diversifi\u00e9s<\/strong><span style=\"color: inherit; font-family: inherit; font-size: inherit; font-weight: inherit; text-align: inherit;\">\u00a0et\u00a0<\/span><strong style=\"color: inherit; font-family: inherit; font-size: inherit; text-align: inherit;\">mis en perspective<\/strong><span style=\"color: inherit; font-family: inherit; font-size: inherit; font-weight: inherit; text-align: inherit;\">.<\/span><\/p>\t\t\t\t\t\t\t\t<\/div>\n\t\t\t\t\t<\/div>\n\t\t<\/div>\n\t\t\t\t\t<\/div>\n\t\t<\/section>\n\t\t\t\t<\/div>","protected":false},"excerpt":{"rendered":"<p>Notre manifeste Parce que nous voulons vous offrir un journalisme de qualit\u00e9, nous nous engageons: \u00e0 proposer une\u00a0plus-value sur l\u2019information \u00e0 faire vivre le\u00a0d\u00e9bat d\u00e9mocratique \u00e0 rendre compte des\u00a0controverses actuelles \u00e0 ne tomber\u00a0ni dans la superficialit\u00e9 ni dans le r\u00e8gne [&hellip;]<\/p>","protected":false},"author":1,"featured_media":531051,"parent":49867,"menu_order":0,"comment_status":"closed","ping_status":"closed","template":"page-fullwidth.php","meta":{"_acf_changed":false,"footnotes":""},"class_list":["post-508738","page","type-page","status-publish","has-post-thumbnail","hentry"],"acf":[],"_links":{"self":[{"href":"https:\/\/leregardlibre.sandbox-novadev.ch\/en\/wp-json\/wp\/v2\/pages\/508738","targetHints":{"allow":["GET"]}}],"collection":[{"href":"https:\/\/leregardlibre.sandbox-novadev.ch\/en\/wp-json\/wp\/v2\/pages"}],"about":[{"href":"https:\/\/leregardlibre.sandbox-novadev.ch\/en\/wp-json\/wp\/v2\/types\/page"}],"author":[{"embeddable":true,"href":"https:\/\/leregardlibre.sandbox-novadev.ch\/en\/wp-json\/wp\/v2\/users\/1"}],"replies":[{"embeddable":true,"href":"https:\/\/leregardlibre.sandbox-novadev.ch\/en\/wp-json\/wp\/v2\/comments?post=508738"}],"version-history":[{"count":0,"href":"https:\/\/leregardlibre.sandbox-novadev.ch\/en\/wp-json\/wp\/v2\/pages\/508738\/revisions"}],"up":[{"embeddable":true,"href":"https:\/\/leregardlibre.sandbox-novadev.ch\/en\/wp-json\/wp\/v2\/pages\/49867"}],"wp:featuredmedia":[{"embeddable":true,"href":"https:\/\/leregardlibre.sandbox-novadev.ch\/en\/wp-json\/wp\/v2\/media\/531051"}],"wp:attachment":[{"href":"https:\/\/leregardlibre.sandbox-novadev.ch\/en\/wp-json\/wp\/v2\/media?parent=508738"}],"curies":[{"name":"wp","href":"https:\/\/api.w.org\/{rel}","templated":true}]}}