{"id":50339,"date":"2022-07-13T15:13:35","date_gmt":"2022-07-13T13:13:35","guid":{"rendered":"https:\/\/leregardlibre.com\/?page_id=50339"},"modified":"2022-07-13T15:13:35","modified_gmt":"2022-07-13T13:13:35","slug":"mentions-legales","status":"publish","type":"page","link":"https:\/\/leregardlibre.sandbox-novadev.ch\/en\/mentions-legales\/","title":{"rendered":"Mentions l\u00e9gales"},"content":{"rendered":"<h2 class=\"wp-block-heading\" id=\"h-contenus\">Contenus<\/h2>\n\n\n\n<p>Le Regard Libre<br>Case postale<br>2002 Neuch\u00e2tel 2<br><a href=\"mailto:redaction@leregardlibre.com\">info@leregardlibre.co<\/a><a href=\"mailto:info@leregardlibre.com\">m<\/a><\/p>\n\n\n\n<h2 class=\"wp-block-heading\" id=\"h-programmation-web\">Programmation web<\/h2>\n\n\n\n<p>Novadev S\u00e0rl<br>Les Places 38<br>2855 Glovelier<br><a href=\"http:\/\/www.novadev.ch\/\">www.novadev.ch<\/a><\/p>\n\n\n\n<h2 class=\"wp-block-heading\" id=\"h-illustrations\">Illustrations<\/h2>\n\n\n\n<p>Toutes les images (y compris le logo) sur le site internet sont prot\u00e9g\u00e9es par le droit d\u2019auteur.<\/p>\n\n\n\n<h2 class=\"wp-block-heading\" id=\"h-avis-juridique\">Avis juridique<\/h2>\n\n\n\n<p>Ni Le Regard Libre, ni Novadev S\u00e0rl ne peuvent garantir le caract\u00e8re actuel, exact et complet des informations et des donn\u00e9es fournies. Cela s\u2019applique \u00e9galement \u00e0 tous les autres sites internet auxquels il est fait r\u00e9f\u00e9rence, directement ou indirectement, par hyperlien. Ni Le Regard Libre, ni Novadev S\u00e0rl ne sont responsables du contenu utilis\u00e9 dans les sites internet externes.<\/p>","protected":false},"excerpt":{"rendered":"<p>Contenus Le Regard LibreCase postale2002 Neuch\u00e2tel 2info@leregardlibre.com Programmation web Novadev S\u00e0rlLes Places 382855 Glovelierwww.novadev.ch Illustrations Toutes les images (y compris le logo) sur le site internet sont prot\u00e9g\u00e9es par le droit d\u2019auteur. Avis juridique Ni Le Regard Libre, ni Novadev [&hellip;]<\/p>","protected":false},"author":1,"featured_media":531051,"parent":0,"menu_order":0,"comment_status":"closed","ping_status":"closed","template":"","meta":{"_acf_changed":false,"footnotes":""},"class_list":["post-50339","page","type-page","status-publish","has-post-thumbnail","hentry"],"acf":[],"_links":{"self":[{"href":"https:\/\/leregardlibre.sandbox-novadev.ch\/en\/wp-json\/wp\/v2\/pages\/50339","targetHints":{"allow":["GET"]}}],"collection":[{"href":"https:\/\/leregardlibre.sandbox-novadev.ch\/en\/wp-json\/wp\/v2\/pages"}],"about":[{"href":"https:\/\/leregardlibre.sandbox-novadev.ch\/en\/wp-json\/wp\/v2\/types\/page"}],"author":[{"embeddable":true,"href":"https:\/\/leregardlibre.sandbox-novadev.ch\/en\/wp-json\/wp\/v2\/users\/1"}],"replies":[{"embeddable":true,"href":"https:\/\/leregardlibre.sandbox-novadev.ch\/en\/wp-json\/wp\/v2\/comments?post=50339"}],"version-history":[{"count":0,"href":"https:\/\/leregardlibre.sandbox-novadev.ch\/en\/wp-json\/wp\/v2\/pages\/50339\/revisions"}],"wp:featuredmedia":[{"embeddable":true,"href":"https:\/\/leregardlibre.sandbox-novadev.ch\/en\/wp-json\/wp\/v2\/media\/531051"}],"wp:attachment":[{"href":"https:\/\/leregardlibre.sandbox-novadev.ch\/en\/wp-json\/wp\/v2\/media?parent=50339"}],"curies":[{"name":"wp","href":"https:\/\/api.w.org\/{rel}","templated":true}]}}