{"id":50194,"date":"2022-07-08T06:42:07","date_gmt":"2022-07-08T04:42:07","guid":{"rendered":"https:\/\/leregardlibre.com\/?page_id=50194"},"modified":"2022-07-08T06:42:07","modified_gmt":"2022-07-08T04:42:07","slug":"ils-parlent-de-nous","status":"publish","type":"page","link":"https:\/\/leregardlibre.sandbox-novadev.ch\/en\/a-propos\/ils-parlent-de-nous\/","title":{"rendered":"Ils parlent de nous"},"content":{"rendered":"<div data-elementor-type=\"wp-page\" data-elementor-id=\"50194\" class=\"elementor elementor-50194\">\n\t\t\t\t\t\t<section class=\"elementor-section elementor-top-section elementor-element elementor-element-d62d10f elementor-section-content-top elementor-section-boxed elementor-section-height-default elementor-section-height-default\" data-id=\"d62d10f\" data-element_type=\"section\" data-e-type=\"section\">\n\t\t\t\t\t\t<div class=\"elementor-container elementor-column-gap-default\">\n\t\t\t\t\t<div class=\"elementor-column elementor-col-100 elementor-top-column elementor-element elementor-element-cd7cf85\" data-id=\"cd7cf85\" data-element_type=\"column\" data-e-type=\"column\">\n\t\t\t<div class=\"elementor-widget-wrap elementor-element-populated\">\n\t\t\t\t\t\t<section class=\"elementor-section elementor-inner-section elementor-element elementor-element-040d85a elementor-section-full_width elementor-section-content-middle elementor-section-height-default elementor-section-height-default\" data-id=\"040d85a\" data-element_type=\"section\" data-e-type=\"section\">\n\t\t\t\t\t\t<div class=\"elementor-container elementor-column-gap-default\">\n\t\t\t\t\t<div class=\"elementor-column elementor-col-33 elementor-inner-column elementor-element elementor-element-e9e0ce0\" data-id=\"e9e0ce0\" data-element_type=\"column\" data-e-type=\"column\" data-settings=\"{&quot;background_background&quot;:&quot;classic&quot;}\">\n\t\t\t<div class=\"elementor-widget-wrap elementor-element-populated\">\n\t\t\t\t\t\t<div class=\"elementor-element elementor-element-e93c474 elementor-widget elementor-widget-image\" data-id=\"e93c474\" data-element_type=\"widget\" data-e-type=\"widget\" data-widget_type=\"image.default\">\n\t\t\t\t\t\t\t\t\t\t\t\t\t\t\t<img decoding=\"async\" src=\"https:\/\/leregardlibre.com\/wp-content\/uploads\/2024\/04\/icons8-journal-100.png\" title=\"\" alt=\"\" loading=\"lazy\" \/>\t\t\t\t\t\t\t\t\t\t\t\t\t\t\t<\/div>\n\t\t\t\t<div class=\"elementor-element elementor-element-5295d1d elementor-widget elementor-widget-text-editor\" data-id=\"5295d1d\" data-element_type=\"widget\" data-e-type=\"widget\" data-widget_type=\"text-editor.default\">\n\t\t\t\t\t\t\t\t\t<p><a href=\"https:\/\/www.unine.ch\/unine\/home\/alumni\/interviews\/jonas-follonier.html\"><em>Le Regard Libre<\/em> disponible en anglais et en allemand<\/a>, <em>L\u2019Agefi<\/em>, novembre 2025<\/p>\t\t\t\t\t\t\t\t<\/div>\n\t\t\t\t\t<\/div>\n\t\t<\/div>\n\t\t\t\t<div class=\"elementor-column elementor-col-33 elementor-inner-column elementor-element elementor-element-5b65136\" data-id=\"5b65136\" data-element_type=\"column\" data-e-type=\"column\" data-settings=\"{&quot;background_background&quot;:&quot;classic&quot;}\">\n\t\t\t<div class=\"elementor-widget-wrap elementor-element-populated\">\n\t\t\t\t\t\t<div class=\"elementor-element elementor-element-35a0377 elementor-widget elementor-widget-image\" data-id=\"35a0377\" data-element_type=\"widget\" data-e-type=\"widget\" data-widget_type=\"image.default\">\n\t\t\t\t\t\t\t\t\t\t\t\t\t\t\t<img decoding=\"async\" src=\"https:\/\/leregardlibre.com\/wp-content\/uploads\/2024\/04\/icons8-emission-de-television-100.png\" title=\"\" alt=\"\" loading=\"lazy\" \/>\t\t\t\t\t\t\t\t\t\t\t\t\t\t\t<\/div>\n\t\t\t\t<div class=\"elementor-element elementor-element-00869bb elementor-widget elementor-widget-text-editor\" data-id=\"00869bb\" data-element_type=\"widget\" data-e-type=\"widget\" data-widget_type=\"text-editor.default\">\n\t\t\t\t\t\t\t\t\t<p><a href=\"https:\/\/www.rts.ch\/play\/tv\/-\/video\/-?urn=urn:rts:video:15124172\">D\u00e9bat \u2013 Licenciements massifs: la presse a-t-elle v\u00e9cu?<\/a>, RTS 1, \u00abInfrarouge\u00bb, ao\u00fbt 2024<\/p>\t\t\t\t\t\t\t\t<\/div>\n\t\t\t\t\t<\/div>\n\t\t<\/div>\n\t\t\t\t<div class=\"elementor-column elementor-col-33 elementor-inner-column elementor-element elementor-element-2c865f7\" data-id=\"2c865f7\" data-element_type=\"column\" data-e-type=\"column\" data-settings=\"{&quot;background_background&quot;:&quot;classic&quot;}\">\n\t\t\t<div class=\"elementor-widget-wrap elementor-element-populated\">\n\t\t\t\t\t\t<div class=\"elementor-element elementor-element-3f4ac4f elementor-widget elementor-widget-image\" data-id=\"3f4ac4f\" data-element_type=\"widget\" data-e-type=\"widget\" data-widget_type=\"image.default\">\n\t\t\t\t\t\t\t\t\t\t\t\t\t\t\t<img decoding=\"async\" src=\"https:\/\/leregardlibre.com\/wp-content\/uploads\/2024\/04\/icons8-emission-de-television-100.png\" title=\"\" alt=\"\" loading=\"lazy\" \/>\t\t\t\t\t\t\t\t\t\t\t\t\t\t\t<\/div>\n\t\t\t\t<div class=\"elementor-element elementor-element-fa716b3 elementor-widget elementor-widget-text-editor\" data-id=\"fa716b3\" data-element_type=\"widget\" data-e-type=\"widget\" data-widget_type=\"text-editor.default\">\n\t\t\t\t\t\t\t\t\t<p><a href=\"https:\/\/www.lemanbleu.ch\/fr\/Emissions\/246646-Geneve-a-Chaud.html\">La centi\u00e8me \u00e9dition du\u00a0<em>Regard Libre<\/em>: Pascal D\u00e9caillet re\u00e7oit Jonas Follonier<\/a>, L\u00e9man Bleu, \u00abGen\u00e8ve \u00e0 Chaud\u00bb, octobre 2023<\/p>\t\t\t\t\t\t\t\t<\/div>\n\t\t\t\t\t<\/div>\n\t\t<\/div>\n\t\t\t\t\t<\/div>\n\t\t<\/section>\n\t\t\t\t<section class=\"elementor-section elementor-inner-section elementor-element elementor-element-e153521 elementor-section-full_width elementor-section-content-middle elementor-section-height-default elementor-section-height-default\" data-id=\"e153521\" data-element_type=\"section\" data-e-type=\"section\">\n\t\t\t\t\t\t<div class=\"elementor-container elementor-column-gap-default\">\n\t\t\t\t\t<div class=\"elementor-column elementor-col-33 elementor-inner-column elementor-element elementor-element-75c2af7\" data-id=\"75c2af7\" data-element_type=\"column\" data-e-type=\"column\" data-settings=\"{&quot;background_background&quot;:&quot;classic&quot;}\">\n\t\t\t<div class=\"elementor-widget-wrap elementor-element-populated\">\n\t\t\t\t\t\t<div class=\"elementor-element elementor-element-db1ec1e elementor-widget elementor-widget-image\" data-id=\"db1ec1e\" data-element_type=\"widget\" data-e-type=\"widget\" data-widget_type=\"image.default\">\n\t\t\t\t\t\t\t\t\t\t\t\t\t\t\t<img decoding=\"async\" src=\"https:\/\/leregardlibre.com\/wp-content\/uploads\/2024\/04\/icons8-journal-100.png\" title=\"\" alt=\"\" loading=\"lazy\" \/>\t\t\t\t\t\t\t\t\t\t\t\t\t\t\t<\/div>\n\t\t\t\t<div class=\"elementor-element elementor-element-454296a elementor-widget elementor-widget-text-editor\" data-id=\"454296a\" data-element_type=\"widget\" data-e-type=\"widget\" data-widget_type=\"text-editor.default\">\n\t\t\t\t\t\t\t\t\t<p><a href=\"https:\/\/bonpourlatete.com\/a-vif\/le-regard-libre-fete-son-centieme-numero\">Jacques Pilet: \u00ab<em>Le Regard Libre<\/em> f\u00eate son centi\u00e8me num\u00e9ro\u00bb<\/a>, Bon pour la t\u00eate, octobre 2023<\/p>\t\t\t\t\t\t\t\t<\/div>\n\t\t\t\t\t<\/div>\n\t\t<\/div>\n\t\t\t\t<div class=\"elementor-column elementor-col-33 elementor-inner-column elementor-element elementor-element-6b83b0b\" data-id=\"6b83b0b\" data-element_type=\"column\" data-e-type=\"column\" data-settings=\"{&quot;background_background&quot;:&quot;classic&quot;}\">\n\t\t\t<div class=\"elementor-widget-wrap elementor-element-populated\">\n\t\t\t\t\t\t<div class=\"elementor-element elementor-element-0fc82b3 elementor-widget elementor-widget-image\" data-id=\"0fc82b3\" data-element_type=\"widget\" data-e-type=\"widget\" data-widget_type=\"image.default\">\n\t\t\t\t\t\t\t\t\t\t\t\t\t\t\t<img decoding=\"async\" src=\"https:\/\/leregardlibre.com\/wp-content\/uploads\/2024\/04\/icons8-emission-de-television-100.png\" title=\"\" alt=\"\" loading=\"lazy\" \/>\t\t\t\t\t\t\t\t\t\t\t\t\t\t\t<\/div>\n\t\t\t\t<div class=\"elementor-element elementor-element-5d5c2a4 elementor-widget elementor-widget-text-editor\" data-id=\"5d5c2a4\" data-element_type=\"widget\" data-e-type=\"widget\" data-widget_type=\"text-editor.default\">\n\t\t\t\t\t\t\t\t\t<p><a href=\"https:\/\/www.rts.ch\/play\/tv\/forum\/video\/le-grand-debat-les-medias-doivent-ils-se-droitiser?urn=urn:rts:video:14151756\" target=\"_blank\" rel=\"noreferrer noopener\">Grand d\u00e9bat \u2013 Les m\u00e9dias doivent-ils se droitiser?<\/a>, RTS La 1\u00e8re et RTS 2, \u00abForum\u00bb, juillet 2023<\/p>\t\t\t\t\t\t\t\t<\/div>\n\t\t\t\t\t<\/div>\n\t\t<\/div>\n\t\t\t\t<div class=\"elementor-column elementor-col-33 elementor-inner-column elementor-element elementor-element-b1d436a\" data-id=\"b1d436a\" data-element_type=\"column\" data-e-type=\"column\" data-settings=\"{&quot;background_background&quot;:&quot;classic&quot;}\">\n\t\t\t<div class=\"elementor-widget-wrap elementor-element-populated\">\n\t\t\t\t\t\t<div class=\"elementor-element elementor-element-7962270 elementor-widget elementor-widget-image\" data-id=\"7962270\" data-element_type=\"widget\" data-e-type=\"widget\" data-widget_type=\"image.default\">\n\t\t\t\t\t\t\t\t\t\t\t\t\t\t\t<img decoding=\"async\" src=\"https:\/\/leregardlibre.com\/wp-content\/uploads\/2024\/04\/icons8-emission-de-television-100.png\" title=\"\" alt=\"\" loading=\"lazy\" \/>\t\t\t\t\t\t\t\t\t\t\t\t\t\t\t<\/div>\n\t\t\t\t<div class=\"elementor-element elementor-element-9dc8ff1 elementor-widget elementor-widget-text-editor\" data-id=\"9dc8ff1\" data-element_type=\"widget\" data-e-type=\"widget\" data-widget_type=\"text-editor.default\">\n\t\t\t\t\t\t\t\t\t<p><a href=\"https:\/\/www.youtube.com\/watch?v=9v5n-D46WHs\"><em>Le Regard Libre<\/em>: le mensuel d\u2019un journaliste pas comme les autres!<\/a>, Cominmag Live, janvier 2022<\/p>\t\t\t\t\t\t\t\t<\/div>\n\t\t\t\t\t<\/div>\n\t\t<\/div>\n\t\t\t\t\t<\/div>\n\t\t<\/section>\n\t\t\t\t<section class=\"elementor-section elementor-inner-section elementor-element elementor-element-09887dd elementor-section-full_width elementor-section-content-middle elementor-section-height-default elementor-section-height-default\" data-id=\"09887dd\" data-element_type=\"section\" data-e-type=\"section\">\n\t\t\t\t\t\t<div class=\"elementor-container elementor-column-gap-default\">\n\t\t\t\t\t<div class=\"elementor-column elementor-col-33 elementor-inner-column elementor-element elementor-element-92fd38f\" data-id=\"92fd38f\" data-element_type=\"column\" data-e-type=\"column\" data-settings=\"{&quot;background_background&quot;:&quot;classic&quot;}\">\n\t\t\t<div class=\"elementor-widget-wrap elementor-element-populated\">\n\t\t\t\t\t\t<div class=\"elementor-element elementor-element-de705f8 elementor-widget elementor-widget-image\" data-id=\"de705f8\" data-element_type=\"widget\" data-e-type=\"widget\" data-widget_type=\"image.default\">\n\t\t\t\t\t\t\t\t\t\t\t\t\t\t\t<img decoding=\"async\" src=\"https:\/\/leregardlibre.com\/wp-content\/uploads\/2024\/04\/icons8-journal-100.png\" title=\"\" alt=\"\" loading=\"lazy\" \/>\t\t\t\t\t\t\t\t\t\t\t\t\t\t\t<\/div>\n\t\t\t\t<div class=\"elementor-element elementor-element-c8e51d4 elementor-widget elementor-widget-text-editor\" data-id=\"c8e51d4\" data-element_type=\"widget\" data-e-type=\"widget\" data-widget_type=\"text-editor.default\">\n\t\t\t\t\t\t\t\t\t<p><a href=\"https:\/\/www.rhonefm.ch\/actualites\/jonas-follonier-distingue-par-la-societe-academique-arts-sciences-lettres-de-paris\">Jonas Follonier, distingu\u00e9 par la Soci\u00e9t\u00e9 Acad\u00e9mique Arts-Sciences-Lettres de Paris<\/a>, Rh\u00f4ne FM, novembre 2021<\/p>\t\t\t\t\t\t\t\t<\/div>\n\t\t\t\t\t<\/div>\n\t\t<\/div>\n\t\t\t\t<div class=\"elementor-column elementor-col-33 elementor-inner-column elementor-element elementor-element-cf17529\" data-id=\"cf17529\" data-element_type=\"column\" data-e-type=\"column\" data-settings=\"{&quot;background_background&quot;:&quot;classic&quot;}\">\n\t\t\t<div class=\"elementor-widget-wrap elementor-element-populated\">\n\t\t\t\t\t\t<div class=\"elementor-element elementor-element-7613f84 elementor-widget elementor-widget-image\" data-id=\"7613f84\" data-element_type=\"widget\" data-e-type=\"widget\" data-widget_type=\"image.default\">\n\t\t\t\t\t\t\t\t\t\t\t\t\t\t\t<img decoding=\"async\" src=\"https:\/\/leregardlibre.com\/wp-content\/uploads\/2024\/04\/icons8-journal-100.png\" title=\"\" alt=\"\" loading=\"lazy\" \/>\t\t\t\t\t\t\t\t\t\t\t\t\t\t\t<\/div>\n\t\t\t\t<div class=\"elementor-element elementor-element-9743c3b elementor-widget elementor-widget-text-editor\" data-id=\"9743c3b\" data-element_type=\"widget\" data-e-type=\"widget\" data-widget_type=\"text-editor.default\">\n\t\t\t\t\t\t\t\t\t<p><a href=\"https:\/\/www.lenouvelliste.ch\/articles\/valais\/canton\/gianadda-couchepin-nantermod-des-valaisans-au-chevet-de-l-orthographe-1115474\">Gianadda, Couchepin, Nantermod: des Valaisans au chevet de l\u2019orthographe\u00bb<\/a>,\u00a0<em>Le Nouvelliste<\/em>, octobre 2021<\/p>\t\t\t\t\t\t\t\t<\/div>\n\t\t\t\t\t<\/div>\n\t\t<\/div>\n\t\t\t\t<div class=\"elementor-column elementor-col-33 elementor-inner-column elementor-element elementor-element-7258b7d\" data-id=\"7258b7d\" data-element_type=\"column\" data-e-type=\"column\" data-settings=\"{&quot;background_background&quot;:&quot;classic&quot;}\">\n\t\t\t<div class=\"elementor-widget-wrap elementor-element-populated\">\n\t\t\t\t\t\t<div class=\"elementor-element elementor-element-403ff63 elementor-widget elementor-widget-image\" data-id=\"403ff63\" data-element_type=\"widget\" data-e-type=\"widget\" data-widget_type=\"image.default\">\n\t\t\t\t\t\t\t\t\t\t\t\t\t\t\t<img decoding=\"async\" src=\"https:\/\/leregardlibre.com\/wp-content\/uploads\/2024\/04\/icons8-journal-100.png\" title=\"\" alt=\"\" loading=\"lazy\" \/>\t\t\t\t\t\t\t\t\t\t\t\t\t\t\t<\/div>\n\t\t\t\t<div class=\"elementor-element elementor-element-c658a76 elementor-widget elementor-widget-text-editor\" data-id=\"c658a76\" data-element_type=\"widget\" data-e-type=\"widget\" data-widget_type=\"text-editor.default\">\n\t\t\t\t\t\t\t\t\t<p><a href=\"https:\/\/www.unine.ch\/unine\/home\/alumni\/interviews\/jonas-follonier.html\">Six ans de \u00abplus-value de la r\u00e9flexion\u00bb!<\/a>, Universit\u00e9 de Neuch\u00e2tel, janvier 2020<\/p>\t\t\t\t\t\t\t\t<\/div>\n\t\t\t\t\t<\/div>\n\t\t<\/div>\n\t\t\t\t\t<\/div>\n\t\t<\/section>\n\t\t\t\t<section class=\"elementor-section elementor-inner-section elementor-element elementor-element-5d02360 elementor-section-full_width elementor-section-content-middle elementor-section-height-default elementor-section-height-default\" data-id=\"5d02360\" data-element_type=\"section\" data-e-type=\"section\">\n\t\t\t\t\t\t<div class=\"elementor-container elementor-column-gap-default\">\n\t\t\t\t\t<div class=\"elementor-column elementor-col-33 elementor-inner-column elementor-element elementor-element-d08d2c3\" data-id=\"d08d2c3\" data-element_type=\"column\" data-e-type=\"column\" data-settings=\"{&quot;background_background&quot;:&quot;classic&quot;}\">\n\t\t\t<div class=\"elementor-widget-wrap elementor-element-populated\">\n\t\t\t\t\t\t<div class=\"elementor-element elementor-element-3966136 elementor-widget elementor-widget-image\" data-id=\"3966136\" data-element_type=\"widget\" data-e-type=\"widget\" data-widget_type=\"image.default\">\n\t\t\t\t\t\t\t\t\t\t\t\t\t\t\t<img decoding=\"async\" src=\"https:\/\/leregardlibre.com\/wp-content\/uploads\/2024\/04\/icons8-journal-100.png\" title=\"\" alt=\"\" loading=\"lazy\" \/>\t\t\t\t\t\t\t\t\t\t\t\t\t\t\t<\/div>\n\t\t\t\t<div class=\"elementor-element elementor-element-612fd6a elementor-widget elementor-widget-text-editor\" data-id=\"612fd6a\" data-element_type=\"widget\" data-e-type=\"widget\" data-widget_type=\"text-editor.default\">\n\t\t\t\t\t\t\t\t\t<p><a href=\"https:\/\/www.arcinfo.ch\/articles\/regions\/neuchatel-et-littoral\/en-vogue-chez-les-etudiants-la-revue-mensuelle-le-regard-libre-celebre-ses-cinq-ans-904031\">En vogue chez les \u00e9tudiants, la revue mensuelle <em>Le Regard Libre<\/em> c\u00e9l\u00e8bre ses cinq ans<\/a>,\u00a0<em>ArcInfo<\/em>, janvier 2020. Extrait:<\/p>\t\t\t\t\t\t\t\t<\/div>\n\t\t\t\t<div class=\"elementor-element elementor-element-532cbce elementor-widget elementor-widget-text-editor\" data-id=\"532cbce\" data-element_type=\"widget\" data-e-type=\"widget\" data-widget_type=\"text-editor.default\">\n\t\t\t\t\t\t\t\t\t<p>\u00abSi la revue surfe sur l\u2019actualit\u00e9, elle ne s\u2019y accroche pas. Elle aime faire preuve de bon sens tout en sachant se montrer impertinente, voire parfois \u00e0 contre-courant.\u00bb<\/p>\t\t\t\t\t\t\t\t<\/div>\n\t\t\t\t\t<\/div>\n\t\t<\/div>\n\t\t\t\t<div class=\"elementor-column elementor-col-33 elementor-inner-column elementor-element elementor-element-2c9e729\" data-id=\"2c9e729\" data-element_type=\"column\" data-e-type=\"column\" data-settings=\"{&quot;background_background&quot;:&quot;classic&quot;}\">\n\t\t\t<div class=\"elementor-widget-wrap elementor-element-populated\">\n\t\t\t\t\t\t<div class=\"elementor-element elementor-element-8d458a4 elementor-widget elementor-widget-image\" data-id=\"8d458a4\" data-element_type=\"widget\" data-e-type=\"widget\" data-widget_type=\"image.default\">\n\t\t\t\t\t\t\t\t\t\t\t\t\t\t\t<img decoding=\"async\" src=\"https:\/\/leregardlibre.com\/wp-content\/uploads\/2024\/04\/icons8-journal-100.png\" title=\"\" alt=\"\" loading=\"lazy\" \/>\t\t\t\t\t\t\t\t\t\t\t\t\t\t\t<\/div>\n\t\t\t\t<div class=\"elementor-element elementor-element-0e52552 elementor-widget elementor-widget-text-editor\" data-id=\"0e52552\" data-element_type=\"widget\" data-e-type=\"widget\" data-widget_type=\"text-editor.default\">\n\t\t\t\t\t\t\t\t\t<p><em><a href=\"https:\/\/www.revuedesdeuxmondes.fr\/wp-content\/uploads\/2019\/04\/Les-revues-en-revue.pdf\">Le Regard Libre<\/a><\/em>,\u00a0<em>Revue des deux mondes<\/em>, \u00abLes revues en revue \u2013 Chaque mois les coups de c\u0153ur de la r\u00e9daction\u00bb, mai 2019. Extrait:<\/p>\t\t\t\t\t\t\t\t<\/div>\n\t\t\t\t<div class=\"elementor-element elementor-element-ecb5edb elementor-widget elementor-widget-text-editor\" data-id=\"ecb5edb\" data-element_type=\"widget\" data-e-type=\"widget\" data-widget_type=\"text-editor.default\">\n\t\t\t\t\t\t\t\t\t<p>\u00abLa\u00a0revue \u2013 68 pages de papier glac\u00e9 en couleur \u2013 rassemble une vingtaine de collaborateurs et d\u00e9fend un lib\u00e9ralisme intellectuel plac\u00e9 sous le signe du pluralisme et orient\u00e9 avant tout vers le d\u00e9bat d\u2019id\u00e9es. [\u2026] Une revue qui m\u00e9rite tr\u00e8s largement que le regard s\u2019y attarde.\u00bb<\/p>\t\t\t\t\t\t\t\t<\/div>\n\t\t\t\t\t<\/div>\n\t\t<\/div>\n\t\t\t\t<div class=\"elementor-column elementor-col-33 elementor-inner-column elementor-element elementor-element-0a3aed6\" data-id=\"0a3aed6\" data-element_type=\"column\" data-e-type=\"column\" data-settings=\"{&quot;background_background&quot;:&quot;classic&quot;}\">\n\t\t\t<div class=\"elementor-widget-wrap elementor-element-populated\">\n\t\t\t\t\t\t<div class=\"elementor-element elementor-element-e0d39d8 elementor-widget elementor-widget-image\" data-id=\"e0d39d8\" data-element_type=\"widget\" data-e-type=\"widget\" data-widget_type=\"image.default\">\n\t\t\t\t\t\t\t\t\t\t\t\t\t\t\t<img decoding=\"async\" src=\"https:\/\/leregardlibre.com\/wp-content\/uploads\/2024\/04\/icons8-journal-100.png\" title=\"\" alt=\"\" loading=\"lazy\" \/>\t\t\t\t\t\t\t\t\t\t\t\t\t\t\t<\/div>\n\t\t\t\t<div class=\"elementor-element elementor-element-7e27a72 elementor-widget elementor-widget-text-editor\" data-id=\"7e27a72\" data-element_type=\"widget\" data-e-type=\"widget\" data-widget_type=\"text-editor.default\">\n\t\t\t\t\t\t\t\t\t<p>\u00abA l\u2019occasion de la sortie de sa cinquanti\u00e8me \u00e9dition, la revue suisse romande <em>Le Regard Libre<\/em> franchit une \u00e9tape importante\u00bb, <em>Le Conf\u00e9d\u00e9r\u00e9<\/em>,\u200e mai 2019. Extrait:<\/p>\t\t\t\t\t\t\t\t<\/div>\n\t\t\t\t<div class=\"elementor-element elementor-element-61c7925 elementor-widget elementor-widget-text-editor\" data-id=\"61c7925\" data-element_type=\"widget\" data-e-type=\"widget\" data-widget_type=\"text-editor.default\">\n\t\t\t\t\t\t\t\t\t<p>\u00abG\u00e9n\u00e9raliste et pluraliste, la ligne \u00e9ditoriale de la revue se veut compl\u00e9mentaire aux approches traditionnelles des m\u00e9dias, en misant sur une plus-value importante: celle de la r\u00e9flexion.\u00bb<\/p>\t\t\t\t\t\t\t\t<\/div>\n\t\t\t\t\t<\/div>\n\t\t<\/div>\n\t\t\t\t\t<\/div>\n\t\t<\/section>\n\t\t\t\t\t<\/div>\n\t\t<\/div>\n\t\t\t\t\t<\/div>\n\t\t<\/section>\n\t\t\t\t<section class=\"elementor-section elementor-top-section elementor-element elementor-element-2e26578 elementor-section-boxed elementor-section-height-default elementor-section-height-default\" data-id=\"2e26578\" data-element_type=\"section\" data-e-type=\"section\">\n\t\t\t\t\t\t<div class=\"elementor-container elementor-column-gap-default\">\n\t\t\t\t\t<div class=\"elementor-column elementor-col-100 elementor-top-column elementor-element elementor-element-076779f\" data-id=\"076779f\" data-element_type=\"column\" data-e-type=\"column\">\n\t\t\t<div class=\"elementor-widget-wrap elementor-element-populated\">\n\t\t\t\t\t\t<div class=\"elementor-element elementor-element-13dd8d1 elementor-widget elementor-widget-text-editor\" data-id=\"13dd8d1\" data-element_type=\"widget\" data-e-type=\"widget\" data-widget_type=\"text-editor.default\">\n\t\t\t\t\t\t\t\t\t<h1>A lire aussi | <a href=\"http:\/\/\u00abCourageux\u00bb, \u00abs\u00e9rieux\u00bb\u2026 dix lecteurs d\u00e9crivent Le Regard Libre\" data-wplink-url-error=\"true\">\u00abCourageux\u00bb, \u00abs\u00e9rieux\u00bb\u2026 dix lecteurs d\u00e9crivent <em>Le Regard Libre<\/em><\/a><\/h1>\t\t\t\t\t\t\t\t<\/div>\n\t\t\t\t\t<\/div>\n\t\t<\/div>\n\t\t\t\t\t<\/div>\n\t\t<\/section>\n\t\t\t\t<\/div>","protected":false},"excerpt":{"rendered":"<p>Le Regard Libre disponible en anglais et en allemand, L\u2019Agefi, novembre 2025 D\u00e9bat \u2013 Licenciements massifs: la presse a-t-elle v\u00e9cu?, RTS 1, \u00abInfrarouge\u00bb, ao\u00fbt 2024 La centi\u00e8me \u00e9dition du\u00a0Regard Libre: Pascal D\u00e9caillet re\u00e7oit Jonas Follonier, L\u00e9man Bleu, \u00abGen\u00e8ve \u00e0 Chaud\u00bb, [&hellip;]<\/p>","protected":false},"author":1,"featured_media":531051,"parent":49867,"menu_order":0,"comment_status":"closed","ping_status":"closed","template":"","meta":{"_acf_changed":false,"footnotes":""},"class_list":["post-50194","page","type-page","status-publish","has-post-thumbnail","hentry"],"acf":[],"_links":{"self":[{"href":"https:\/\/leregardlibre.sandbox-novadev.ch\/en\/wp-json\/wp\/v2\/pages\/50194","targetHints":{"allow":["GET"]}}],"collection":[{"href":"https:\/\/leregardlibre.sandbox-novadev.ch\/en\/wp-json\/wp\/v2\/pages"}],"about":[{"href":"https:\/\/leregardlibre.sandbox-novadev.ch\/en\/wp-json\/wp\/v2\/types\/page"}],"author":[{"embeddable":true,"href":"https:\/\/leregardlibre.sandbox-novadev.ch\/en\/wp-json\/wp\/v2\/users\/1"}],"replies":[{"embeddable":true,"href":"https:\/\/leregardlibre.sandbox-novadev.ch\/en\/wp-json\/wp\/v2\/comments?post=50194"}],"version-history":[{"count":0,"href":"https:\/\/leregardlibre.sandbox-novadev.ch\/en\/wp-json\/wp\/v2\/pages\/50194\/revisions"}],"up":[{"embeddable":true,"href":"https:\/\/leregardlibre.sandbox-novadev.ch\/en\/wp-json\/wp\/v2\/pages\/49867"}],"wp:featuredmedia":[{"embeddable":true,"href":"https:\/\/leregardlibre.sandbox-novadev.ch\/en\/wp-json\/wp\/v2\/media\/531051"}],"wp:attachment":[{"href":"https:\/\/leregardlibre.sandbox-novadev.ch\/en\/wp-json\/wp\/v2\/media?parent=50194"}],"curies":[{"name":"wp","href":"https:\/\/api.w.org\/{rel}","templated":true}]}}