{"id":49939,"date":"2022-06-29T08:18:08","date_gmt":"2022-06-29T06:18:08","guid":{"rendered":"https:\/\/leregardlibre.com\/?page_id=49939"},"modified":"2022-06-29T08:18:08","modified_gmt":"2022-06-29T06:18:08","slug":"points-de-vente","status":"publish","type":"page","link":"https:\/\/leregardlibre.sandbox-novadev.ch\/en\/a-propos\/points-de-vente\/","title":{"rendered":"Nos points de vente"},"content":{"rendered":"<div data-elementor-type=\"wp-page\" data-elementor-id=\"49939\" class=\"elementor elementor-49939\">\n\t\t\t\t\t\t<section class=\"elementor-section elementor-top-section elementor-element elementor-element-2926a69 elementor-section-content-top elementor-section-height-min-height elementor-section-items-top elementor-section-boxed elementor-section-height-default\" data-id=\"2926a69\" data-element_type=\"section\" data-e-type=\"section\">\n\t\t\t\t\t\t<div class=\"elementor-container elementor-column-gap-default\">\n\t\t\t\t\t<div class=\"elementor-column elementor-col-50 elementor-top-column elementor-element elementor-element-8cd323a sellingContact\" data-id=\"8cd323a\" data-element_type=\"column\" data-e-type=\"column\" data-settings=\"{&quot;background_background&quot;:&quot;classic&quot;}\">\n\t\t\t<div class=\"elementor-widget-wrap elementor-element-populated\">\n\t\t\t\t\t\t<div class=\"elementor-element elementor-element-d8e0e25 elementor-widget elementor-widget-image\" data-id=\"d8e0e25\" data-element_type=\"widget\" data-e-type=\"widget\" data-widget_type=\"image.default\">\n\t\t\t\t\t\t\t\t\t\t\t\t\t\t\t<img decoding=\"async\" src=\"https:\/\/leregardlibre.com\/wp-content\/uploads\/2022\/06\/location-4.png\" title=\"\" alt=\"\" loading=\"lazy\" \/>\t\t\t\t\t\t\t\t\t\t\t\t\t\t\t<\/div>\n\t\t\t\t<div class=\"elementor-element elementor-element-d4dad48 elementor-widget elementor-widget-text-editor\" data-id=\"d4dad48\" data-element_type=\"widget\" data-e-type=\"widget\" data-widget_type=\"text-editor.default\">\n\t\t\t\t\t\t\t\t\t<p>Le\u00a0<em>Regard Libre<\/em>\u00a0est disponible \u00e0 la vente \u00e0 la pi\u00e8ce sous sa forme papier (magazine mensuel de 68 pages, 11 num\u00e9ros par an):<\/p><ul><li>Par\u00a0<a href=\"https:\/\/leregardlibre.com\/abonnement\/\"><strong>abonnement<\/strong><\/a>;<\/li><li>Sur notre\u00a0<a href=\"https:\/\/leregardlibre.com\/boutique\/\" data-type=\"page\" data-id=\"17624\"><strong>boutique en ligne<\/strong><\/a>;<\/li><li>Dans les <strong><a href=\"https:\/\/mobile.payot.ch\/NosMagasins.aspx\">librairies Payot<\/a><\/strong> (voir carte);<\/li><li>Bient\u00f4t \u00e0 Paris!<\/li><\/ul>\t\t\t\t\t\t\t\t<\/div>\n\t\t\t\t\t<\/div>\n\t\t<\/div>\n\t\t\t\t<div class=\"elementor-column elementor-col-50 elementor-top-column elementor-element elementor-element-3be1316\" data-id=\"3be1316\" data-element_type=\"column\" data-e-type=\"column\">\n\t\t\t<div class=\"elementor-widget-wrap\">\n\t\t\t\t\t\t\t<\/div>\n\t\t<\/div>\n\t\t\t\t\t<\/div>\n\t\t<\/section>\n\t\t\t\t<section class=\"elementor-section elementor-top-section elementor-element elementor-element-1d30dd21 elementor-hidden-mobile elementor-section-boxed elementor-section-height-default elementor-section-height-default\" data-id=\"1d30dd21\" data-element_type=\"section\" data-e-type=\"section\" data-settings=\"{&quot;background_background&quot;:&quot;classic&quot;}\">\n\t\t\t\t\t\t<div class=\"elementor-container elementor-column-gap-default\">\n\t\t\t\t\t<div class=\"elementor-column elementor-col-100 elementor-top-column elementor-element elementor-element-55c2af82\" data-id=\"55c2af82\" data-element_type=\"column\" data-e-type=\"column\">\n\t\t\t<div class=\"elementor-widget-wrap elementor-element-populated\">\n\t\t\t\t\t\t<div class=\"elementor-element elementor-element-690688d2 elementor-widget elementor-widget-heading\" data-id=\"690688d2\" data-element_type=\"widget\" data-e-type=\"widget\" data-widget_type=\"heading.default\">\n\t\t\t\t\t<h2 class=\"elementor-heading-title elementor-size-default\">Le Regard Libre,<\/h2>\t\t\t\t<\/div>\n\t\t\t\t<div class=\"elementor-element elementor-element-d6acde9 elementor-widget elementor-widget-heading\" data-id=\"d6acde9\" data-element_type=\"widget\" data-e-type=\"widget\" data-widget_type=\"heading.default\">\n\t\t\t\t\t<h2 class=\"elementor-heading-title elementor-size-default\">Premier mensuel suisse de d\u00e9bat<\/h2>\t\t\t\t<\/div>\n\t\t\t\t\t<\/div>\n\t\t<\/div>\n\t\t\t\t\t<\/div>\n\t\t<\/section>\n\t\t\t\t<\/div>","protected":false},"excerpt":{"rendered":"<p>Le\u00a0Regard Libre\u00a0est disponible \u00e0 la vente \u00e0 la pi\u00e8ce sous sa forme papier (magazine mensuel de 68 pages, 11 num\u00e9ros par an): Par\u00a0abonnement; Sur notre\u00a0boutique en ligne; Dans les librairies Payot (voir carte); Bient\u00f4t \u00e0 Paris! Le Regard Libre, Premier [&hellip;]<\/p>","protected":false},"author":1,"featured_media":531051,"parent":49867,"menu_order":0,"comment_status":"closed","ping_status":"closed","template":"","meta":{"_acf_changed":false,"footnotes":""},"class_list":["post-49939","page","type-page","status-publish","has-post-thumbnail","hentry"],"acf":[],"_links":{"self":[{"href":"https:\/\/leregardlibre.sandbox-novadev.ch\/en\/wp-json\/wp\/v2\/pages\/49939","targetHints":{"allow":["GET"]}}],"collection":[{"href":"https:\/\/leregardlibre.sandbox-novadev.ch\/en\/wp-json\/wp\/v2\/pages"}],"about":[{"href":"https:\/\/leregardlibre.sandbox-novadev.ch\/en\/wp-json\/wp\/v2\/types\/page"}],"author":[{"embeddable":true,"href":"https:\/\/leregardlibre.sandbox-novadev.ch\/en\/wp-json\/wp\/v2\/users\/1"}],"replies":[{"embeddable":true,"href":"https:\/\/leregardlibre.sandbox-novadev.ch\/en\/wp-json\/wp\/v2\/comments?post=49939"}],"version-history":[{"count":0,"href":"https:\/\/leregardlibre.sandbox-novadev.ch\/en\/wp-json\/wp\/v2\/pages\/49939\/revisions"}],"up":[{"embeddable":true,"href":"https:\/\/leregardlibre.sandbox-novadev.ch\/en\/wp-json\/wp\/v2\/pages\/49867"}],"wp:featuredmedia":[{"embeddable":true,"href":"https:\/\/leregardlibre.sandbox-novadev.ch\/en\/wp-json\/wp\/v2\/media\/531051"}],"wp:attachment":[{"href":"https:\/\/leregardlibre.sandbox-novadev.ch\/en\/wp-json\/wp\/v2\/media?parent=49939"}],"curies":[{"name":"wp","href":"https:\/\/api.w.org\/{rel}","templated":true}]}}