{"id":49867,"date":"2022-06-28T08:12:19","date_gmt":"2022-06-28T06:12:19","guid":{"rendered":"https:\/\/leregardlibre.com\/?page_id=49867"},"modified":"2022-06-28T08:12:19","modified_gmt":"2022-06-28T06:12:19","slug":"a-propos","status":"publish","type":"page","link":"https:\/\/leregardlibre.sandbox-novadev.ch\/en\/a-propos\/","title":{"rendered":"A propos"},"content":{"rendered":"<div data-elementor-type=\"wp-page\" data-elementor-id=\"49867\" class=\"elementor elementor-49867\">\n\t\t\t\t\t\t<section class=\"elementor-section elementor-top-section elementor-element elementor-element-72a51fa elementor-section-boxed elementor-section-height-default elementor-section-height-default\" data-id=\"72a51fa\" data-element_type=\"section\" data-e-type=\"section\">\n\t\t\t\t\t\t<div class=\"elementor-container elementor-column-gap-default\">\n\t\t\t\t\t<div class=\"elementor-column elementor-col-100 elementor-top-column elementor-element elementor-element-01ad100\" data-id=\"01ad100\" data-element_type=\"column\" data-e-type=\"column\">\n\t\t\t<div class=\"elementor-widget-wrap elementor-element-populated\">\n\t\t\t\t\t\t<div class=\"elementor-element elementor-element-a562184 elementor-widget elementor-widget-heading\" data-id=\"a562184\" data-element_type=\"widget\" data-e-type=\"widget\" data-widget_type=\"heading.default\">\n\t\t\t\t\t<h1 class=\"elementor-heading-title elementor-size-default\">A propos<\/h1>\t\t\t\t<\/div>\n\t\t\t\t\t<\/div>\n\t\t<\/div>\n\t\t\t\t\t<\/div>\n\t\t<\/section>\n\t\t\t\t<section class=\"elementor-section elementor-top-section elementor-element elementor-element-2926a69 elementor-section-content-top elementor-section-boxed elementor-section-height-default elementor-section-height-default\" data-id=\"2926a69\" data-element_type=\"section\" data-e-type=\"section\">\n\t\t\t\t\t\t<div class=\"elementor-container elementor-column-gap-default\">\n\t\t\t\t\t<div class=\"elementor-column elementor-col-50 elementor-top-column elementor-element elementor-element-3be1316\" data-id=\"3be1316\" data-element_type=\"column\" data-e-type=\"column\">\n\t\t\t<div class=\"elementor-widget-wrap elementor-element-populated\">\n\t\t\t\t\t\t<div class=\"elementor-element elementor-element-42fa946 elementor-widget elementor-widget-text-editor\" data-id=\"42fa946\" data-element_type=\"widget\" data-e-type=\"widget\" data-widget_type=\"text-editor.default\">\n\t\t\t\t\t\t\t\t\t<p style=\"margin-bottom: 17px; text-align: left; font-family: Cabin, sans-serif; font-weight: 400; color: #313131;\"><span style=\"font-weight: bolder;\">Vous aussi, vous constatez un manque dans le monde m\u00e9diatique, malgr\u00e9 la multitude des acteurs?<\/span>\u00a0Un mim\u00e9tisme des sujets abord\u00e9s et des points de vue exprim\u00e9s?<\/p><p style=\"margin-bottom: 17px; text-align: left; font-family: Cabin, sans-serif; font-weight: 400; color: #313131;\"><span style=\"font-weight: bolder;\">Il devait na\u00eetre sur la sc\u00e8ne journalistique et intellectuelle un m\u00e9dia de r\u00e9flexion,<\/span>\u00a0qui ne souhaite pas tant informer son lectorat que lui donner mati\u00e8re \u00e0 penser. Lui offrir des analyses, des d\u00e9bats, des \u00e9clairages sur des aspects peu relay\u00e9s de la r\u00e9alit\u00e9 et de la vie des id\u00e9es.<\/p><p style=\"margin-bottom: 17px; text-align: left; font-family: Cabin, sans-serif; font-weight: 400; color: #313131;\"><span style=\"font-weight: bolder; font-size: inherit;\">Ce m\u00e9dia, apparu en 2014, c\u2019est\u00a0<\/span><em style=\"font-weight: bolder; font-size: inherit;\">Le Regard Libre<\/em><span style=\"font-weight: bolder; font-size: inherit;\">.<\/span><\/p><p style=\"margin-bottom: 17px; text-align: left; font-family: Cabin, sans-serif; font-weight: 400; color: #313131;\"><span style=\"font-weight: bolder;\">Libre, parce qu\u2019ind\u00e9pendant.<\/span>\u00a0Ind\u00e9pendant d\u2019un quelconque grand groupe de presse, \u00e9diteur, m\u00e9c\u00e8ne ou annonceur, ind\u00e9pendant des mots \u00e0 la mode et des id\u00e9es toutes faites, ind\u00e9pendant des camps politiques ou confessionnels, ind\u00e9pendant des pressions morales de la soci\u00e9t\u00e9, ind\u00e9pendant du vacarme de l\u2019actualit\u00e9.<\/p><p style=\"margin-bottom: 17px; text-align: left; font-family: Cabin, sans-serif; font-weight: 400; color: #313131;\"><span style=\"font-weight: bolder;\">Ind\u00e9pendant aussi de la routine qu\u2019instille un salaire, car notre \u00e9quipe est 100% b\u00e9n\u00e9vole et s\u2019investit par conviction<\/span>, qu\u2019il s\u2019agisse de l\u2019\u00e9quipe r\u00e9dactionnelle ou des membres de l\u2019association Le Regard Libre, qui \u00e9dite le m\u00e9dia du m\u00eame nom.<\/p><p style=\"margin-bottom: 17px; text-align: left; font-family: Cabin, sans-serif; font-weight: 400; color: #313131;\"><span style=\"font-weight: bolder;\">Une constante nous guide: la n\u00e9cessit\u00e9 d\u2019un raisonnement ouvert et s\u00e9rieux.<\/span>\u00a0Avec nous, partez \u00e0 la d\u00e9couverte des id\u00e9es qui s\u2019affrontent, des observateurs qui donnent un sens \u00e0 ce qui nous entoure, des artistes qui subliment notre quotidien.<\/p><p style=\"margin-bottom: 17px; text-align: left;\"><em><a href=\"https:\/\/leregardlibre.com\/notre-manifeste\/\" rel=\"noopener\">Notre manifeste<\/a> |\u00a0<a href=\"https:\/\/leregardlibre.com\/notre-offre\/\" rel=\"noopener\">Notre offre<\/a> | <a href=\"https:\/\/leregardlibre.com\/equipe\" rel=\"noopener\">Notre \u00e9quipe<\/a><\/em><\/p><p style=\"margin-bottom: 17px; text-align: left;\"><strong style=\"color: inherit; font-family: inherit; font-size: inherit; text-align: inherit;\"><em>Le Regard Libre<\/em> est \u00e9galement pr\u00e9sent\u00e9 par<\/strong><strong>\u00a0<a href=\"https:\/\/leregardlibre.com\/societe\/medias\/le-regard-libre-lecteurs-temoignages\/\">nos lecteurs<\/a>.<\/strong><\/p>\t\t\t\t\t\t\t\t<\/div>\n\t\t\t\t\t<\/div>\n\t\t<\/div>\n\t\t\t\t<div class=\"elementor-column elementor-col-50 elementor-top-column elementor-element elementor-element-8cd323a\" data-id=\"8cd323a\" data-element_type=\"column\" data-e-type=\"column\" data-settings=\"{&quot;background_background&quot;:&quot;classic&quot;}\">\n\t\t\t<div class=\"elementor-widget-wrap elementor-element-populated\">\n\t\t\t\t\t\t<div class=\"elementor-element elementor-element-d5f0d70 elementor-widget elementor-widget-image\" data-id=\"d5f0d70\" data-element_type=\"widget\" data-e-type=\"widget\" data-widget_type=\"image.default\">\n\t\t\t\t\t\t\t\t\t\t\t\t\t\t\t<img decoding=\"async\" src=\"https:\/\/leregardlibre.com\/wp-content\/uploads\/2024\/12\/une-le-regard-libre-n112-e1734338862347.jpg\" title=\"\" alt=\"Une Le Regard Libre N\u00b0112\" loading=\"lazy\" \/>\t\t\t\t\t\t\t\t\t\t\t\t\t\t\t<\/div>\n\t\t\t\t\t<\/div>\n\t\t<\/div>\n\t\t\t\t\t<\/div>\n\t\t<\/section>\n\t\t\t\t<\/div>","protected":false},"excerpt":{"rendered":"<p>Accueil A propos Vous aussi, vous constatez un manque dans le monde m\u00e9diatique, malgr\u00e9 la multitude des acteurs?\u00a0Un mim\u00e9tisme des sujets abord\u00e9s et des points de vue exprim\u00e9s? Il devait na\u00eetre sur la sc\u00e8ne journalistique et intellectuelle un m\u00e9dia de [&hellip;]<\/p>","protected":false},"author":1,"featured_media":531051,"parent":0,"menu_order":0,"comment_status":"closed","ping_status":"closed","template":"page-fullwidth.php","meta":{"_acf_changed":false,"footnotes":""},"class_list":["post-49867","page","type-page","status-publish","has-post-thumbnail","hentry"],"acf":[],"_links":{"self":[{"href":"https:\/\/leregardlibre.sandbox-novadev.ch\/en\/wp-json\/wp\/v2\/pages\/49867","targetHints":{"allow":["GET"]}}],"collection":[{"href":"https:\/\/leregardlibre.sandbox-novadev.ch\/en\/wp-json\/wp\/v2\/pages"}],"about":[{"href":"https:\/\/leregardlibre.sandbox-novadev.ch\/en\/wp-json\/wp\/v2\/types\/page"}],"author":[{"embeddable":true,"href":"https:\/\/leregardlibre.sandbox-novadev.ch\/en\/wp-json\/wp\/v2\/users\/1"}],"replies":[{"embeddable":true,"href":"https:\/\/leregardlibre.sandbox-novadev.ch\/en\/wp-json\/wp\/v2\/comments?post=49867"}],"version-history":[{"count":0,"href":"https:\/\/leregardlibre.sandbox-novadev.ch\/en\/wp-json\/wp\/v2\/pages\/49867\/revisions"}],"wp:featuredmedia":[{"embeddable":true,"href":"https:\/\/leregardlibre.sandbox-novadev.ch\/en\/wp-json\/wp\/v2\/media\/531051"}],"wp:attachment":[{"href":"https:\/\/leregardlibre.sandbox-novadev.ch\/en\/wp-json\/wp\/v2\/media?parent=49867"}],"curies":[{"name":"wp","href":"https:\/\/api.w.org\/{rel}","templated":true}]}}