{"id":45975,"date":"2022-02-14T18:19:33","date_gmt":"2022-02-14T17:19:33","guid":{"rendered":"https:\/\/leregardlibre.com\/?page_id=45975"},"modified":"2022-02-14T18:19:33","modified_gmt":"2022-02-14T17:19:33","slug":"le-retour-roman-feuilleton-inedit-tous-les-episodes-parus","status":"publish","type":"page","link":"https:\/\/leregardlibre.sandbox-novadev.ch\/en\/le-retour-roman-feuilleton-inedit-tous-les-episodes-parus\/","title":{"rendered":"\u00abLe retour\u00bb (roman): tous les \u00e9pisodes parus"},"content":{"rendered":"<p class=\"has-drop-cap\"><strong>En 2022 et 2023, le jeune auteur suisse <a href=\"https:\/\/twitter.com\/LeRegardLibre\/status\/1481491234623471618\">Elliot Mazzella<\/a> a publi\u00e9 en exclusivit\u00e9 son roman <em>Le retour<\/em> dans les colonnes du <em>Regard Libre<\/em>, sous forme d\u2019\u00e9pisodes, selon la vieille tradition du roman-feuilleton. Voici tous les \u00e9pisodes d\u00e9j\u00e0 parus:<\/strong><\/p>\n\n\n\n<h6 class=\"wp-block-heading\"><a href=\"https:\/\/leregardlibre.sandbox-novadev.ch\/en\/litterature\/le-retour-episode-1\/\">Episode 1\/15<\/a><\/h6>\n\n\n\n<p><em>Apr\u00e8s des ann\u00e9es d\u2019absence, Joseph retourne dans son village natal.<\/em><\/p>\n\n\n\n<h6 class=\"wp-block-heading\"><a href=\"https:\/\/leregardlibre.sandbox-novadev.ch\/en\/litterature\/le-retour-episode-2\/\">Episode 2\/15<\/a><\/h6>\n\n\n\n<p><em>Apr\u00e8s des ann\u00e9es d\u2019absence, Joseph retourne dans son village natal. Son retour est attendu de tous et une grande f\u00eate sera donn\u00e9e en son honneur; du moins, c\u2019est ce qu\u2019il croit.<\/em><\/p>\n\n\n\n<h6 class=\"wp-block-heading\"><a href=\"https:\/\/leregardlibre.sandbox-novadev.ch\/en\/litterature\/le-retour-episode-3\/\">Episode 3\/15<\/a><\/h6>\n\n\n\n<p><em>Apr\u00e8s des ann\u00e9es d\u2019absence, Joseph rentre dans son village natal. Arriv\u00e9 aux portes de ce dernier, les choses ne se passent pas comme pr\u00e9vu: personne ne semble le reconna\u00eetre. Croyant \u00e0 une plaisanterie, Joseph accepte de se battre avec son ancien ami, Pierre. Le combat ne tarde pas \u00e0 tourner \u00e0 l\u2019avantage de ce dernier. Joseph perd connaissance et les hommes, au milieu de la nuit, le ram\u00e8nent au village. C\u2019est chez la veuve, Agathe, que l\u2019\u00e9tranger sera log\u00e9.<\/em><\/p>\n\n\n\n<h6 class=\"wp-block-heading\"><a href=\"https:\/\/leregardlibre.sandbox-novadev.ch\/en\/litterature\/le-retour-episode-4\/\">Episode 4\/15<\/a><\/h6>\n\n\n\n<p><em>Le retour de Joseph ne se passe pas comme pr\u00e9vu. Alors qu\u2019il s\u2019attendait \u00e0 \u00eatre re\u00e7u en v\u00e9ritable h\u00e9ros, le jeune homme est lynch\u00e9 au seuil de son village natal. Apr\u00e8s une br\u00e8ve d\u00e9lib\u00e9ration, les hommes d\u00e9cident de le loger chez Agathe, la veuve. Cette apparition soudaine semble remuer en elle d\u2019anciennes douleurs. Aussi Joseph apprend-il que son p\u00e8re, St\u00e9phane, \u00e9tait jadis aim\u00e9 par la veuve.<\/em><\/p>\n\n\n\n<h6 class=\"wp-block-heading\"><a href=\"https:\/\/leregardlibre.sandbox-novadev.ch\/en\/litterature\/le-retour-episode-5\/\">Episode 5\/15<\/a><\/h6>\n\n\n\n<p><em>A peine rentr\u00e9 dans son village natal o\u00f9 il pensait \u00eatre re\u00e7u en h\u00e9ros, Joseph loge chez la veuve Agathe en attendant que le village d\u00e9cide de son sort: faut-il le renvoyer d\u2019o\u00f9 il vient comme un \u00e9tranger ou lui laisser le temps de prouver qu\u2019il est bien le Joseph que tout le monde a connu au village? Le lendemain de son grand retour, Joseph est invit\u00e9 \u00e0 prendre part aux labeurs quotidiens. C\u2019est la premi\u00e8re \u00e9preuve.<\/em><\/p>\n\n\n\n<h6 class=\"wp-block-heading\"><a href=\"https:\/\/leregardlibre.sandbox-novadev.ch\/en\/litterature\/le-retour-episode-6\/\">Episode 6\/15<\/a><\/h6>\n\n\n\n<p><em>A peine rentr\u00e9 dans son village natal o\u00f9 il s\u2019attendait \u00e0 \u00eatre f\u00eat\u00e9 comme un h\u00e9ros, Joseph est soumis \u00e0 diverses \u00e9preuves. Apr\u00e8s sa premi\u00e8re journ\u00e9e de travail, celui qui semble \u00eatre le chef du village, Sim\u00e9on, lui confie qu\u2019il entretenait jadis une relation privil\u00e9gi\u00e9e avec son p\u00e8re, St\u00e9phane, gagnant ainsi sa confiance. Mais Joseph ne doit pas oublier qu\u2019au village, rien n\u2019est acquis.<\/em><\/p>\n\n\n\n<h6 class=\"wp-block-heading\"><a href=\"https:\/\/leregardlibre.sandbox-novadev.ch\/en\/litterature\/le-retour-roman-inedit-epsiode-7-15\/\">Episode 7\/15<\/a><\/h6>\n\n\n\n<p><em><em>Le retour de Joseph ne se passe pas comme pr\u00e9vu. Tant\u00f4t \u00e9tranger, tant\u00f4t membre de la communaut\u00e9, sa situation est on ne peut plus instable. Les t\u00e2ches collectives auxquelles il prend part prennent peu \u00e0 peu l\u2019allure d\u2019\u00e9preuves qui vont parfois jusqu\u2019\u00e0 mettre sa vie en danger. Apr\u00e8s un simulacre de chasse \u00e0 l\u2019homme, Joseph se voit confier la porcherie, o\u00f9, sans qu\u2019il le sache, une vieille connaissance l\u2019attend.<\/em><\/em><\/p>\n\n\n\n<h6 class=\"wp-block-heading\"><a href=\"https:\/\/leregardlibre.sandbox-novadev.ch\/en\/litterature\/le-retour-roman-inedit-episode-8\/\">Episode 8\/15<\/a><\/h6>\n\n\n\n<p><em>La situation de Joseph au sein du village est toujours aussi instable. Apr\u00e8s sa rencontre avec Pierre dans la porcherie du village, il est laiss\u00e9 pour mort. Pierre, convaincu d\u2019avoir commis un crime fratricide, prend la fuite. C\u2019est Sim\u00e9on qui ram\u00e8ne le corps apparemment sans vie de Joseph, alors m\u00eame que la veille, il avait ordonn\u00e9 \u00e0 ses hommes de le chasser comme un animal.<\/em><\/p>\n\n\n\n<h6 class=\"wp-block-heading\"><a href=\"https:\/\/leregardlibre.sandbox-novadev.ch\/en\/litterature\/le-retour-roman-inedit-episode-9\/\">Episode 9\/15<\/a><\/h6>\n\n\n\n<p><em>Apr\u00e8s l\u2019agression de Joseph, Pierre n\u2019est toujours pas rentr\u00e9 au village. Sim\u00e9on, qui a ramen\u00e9 chez lui le corps de l\u2019\u00e9tranger comme s\u2019il \u00e9tait son fils, semble inquiet. Joseph, quant \u00e0 lui, repose dans une chambre o\u00f9 Leila veille. Elle sait que son p\u00e8re a quelque chose \u00e0 voir avec la mort de son ancien amour.<\/em><\/p>\n\n\n\n<h6 class=\"wp-block-heading\"><a href=\"https:\/\/leregardlibre.sandbox-novadev.ch\/en\/litterature\/le-retour-roman-inedit-episode-10-elliot-mazzella\/\">Episode 10\/15<\/a><\/h6>\n\n\n\n<p><em>La tuaille a eu lieu, \u00e0 laquelle ni Pierre ni Joseph n\u2019ont assist\u00e9. Les fr\u00e8res ennemis de toujours se trouvent r\u00e9unis dans leur exil commun, loin du village. Sim\u00e9on, quant \u00e0 lui, pressent une catastrophe prochaine. Il y a quelque chose de trouble dans les affaires du village, et il ne le sait que trop bien\u2026<\/em><\/p>\n\n\n\n<h6 class=\"wp-block-heading\"><a href=\"https:\/\/leregardlibre.sandbox-novadev.ch\/en\/litterature\/le-retour-roman-inedit\/\">Episode 11\/15<\/a><a href=\"https:\/\/leregardlibre.sandbox-novadev.ch\/en\/litterature\/le-retour-roman-inedit-episode-8\/\"><\/a><\/h6>\n\n\n\n<p><em>Plong\u00e9 dans un sommeil fi\u00e9vreux, Joseph r\u00eave. Il parcourt aux c\u00f4t\u00e9s de son ancien ami, Pierre, une lande d\u00e9sol\u00e9e. Il se souvient de la solitude, d\u2019un pass\u00e9 qui est mort en lui. Les deux amis marchent jusqu\u2019\u00e0 la lisi\u00e8re de la for\u00eat o\u00f9 une femme les attend. C\u2019est Leila. Elle doit faire un choix, et c\u2019est Joseph qu\u2019elle choisit. Pierre s\u2019effondre\u2026<\/em><\/p>\n\n\n\n<p><strong><a href=\"https:\/\/leregardlibre.sandbox-novadev.ch\/en\/litterature\/le-retour-roman-inedit-episode-12\/\">Episode 12\/15<\/a><\/strong><\/p>\n\n\n\n<p><em>La convalescence de Joseph touche \u00e0 sa fin. Au fond de son lit, il a entendu une voix famili\u00e8re qui n\u2019\u00e9tait pas celle de la veille servante, Agathe. C\u2019est bien elle, c\u2019est Leila, son amour de jeunesse. Leur retrouvaille marque le commencement d\u2019un temps de paix et de r\u00e9conciliation. Joseph participe d\u00e9sormais \u00e0 la vie du village, il travaille, mange et rit avec ceux qui sont peut-\u00eatre devenus les siens.<\/em><\/p>\n\n\n\n<h6 class=\"wp-block-heading\"><a href=\"https:\/\/leregardlibre.sandbox-novadev.ch\/en\/litterature\/le-retour-roman-inedit-episode-13\/\">Episode 13\/15<\/a><\/h6>\n\n\n\n<p><em>La convalescence de Joseph touche \u00e0 sa fin. Au fond de son lit, il a entendu une voix famili\u00e8re qui n\u2019\u00e9tait pas celle de la veille servante, Agathe. C\u2019est bien elle, c\u2019est Leila, son amour de jeunesse. Leur retrouvaille marque le commencement d\u2019un temps de paix et de r\u00e9conciliation. Joseph participe d\u00e9sormais \u00e0 la vie du village, il travaille, mange et rit avec ceux qui sont peut-\u00eatre devenus les siens.<\/em><\/p>\n\n\n\n<h6 class=\"wp-block-heading\"><a href=\"https:\/\/leregardlibre.sandbox-novadev.ch\/en\/litterature\/le-retour-roman-inedit-episode-14\/\">Episode 14\/15<\/a><\/h6>\n\n\n\n<p><em>Joseph est bel et bien de retour parmi les siens. Tout lui r\u00e9ussit. Il travaille, il aime et est aim\u00e9. A la fin d\u2019un jour de r\u00e9colte, et apr\u00e8s une soir\u00e9e arros\u00e9e, Joseph s\u2019en retourne chez Agathe o\u00f9 une surprise l\u2019attend. C\u2019est Leila. Elle lui propose de quitter le village avec elle\u2026<\/em><\/p>\n\n\n\n<h6 class=\"wp-block-heading\"><a href=\"https:\/\/leregardlibre.sandbox-novadev.ch\/en\/litterature\/le-retour-roman-inedit-episode-15\/\">Episode 15\/15<\/a><\/h6>\n\n\n\n<p><em>Joseph s\u2019est lev\u00e9 de bon matin; c\u2019est qu\u2019il s\u2019appr\u00eate \u00e0 revoir des \u00eatres qui lui sont chers, ses grand-parents. En traversant le village, il rencontre quelques villageois nagu\u00e8re si hostiles \u00e0 son \u00e9gard. Tous lui t\u00e9moignent leur respect et leur sympathie et tous se rappellent de Marguerite et Aim\u00e9. Sa grand-m\u00e8re l\u2019accueille comme il aurait voulu \u00eatre accueilli par le village, au d\u00e9but. Ils parlent de mots et de livres.<\/em><\/p>","protected":false},"excerpt":{"rendered":"<p>En 2022 et 2023, le jeune auteur suisse Elliot Mazzella a publi\u00e9 en exclusivit\u00e9 son roman Le retour dans les colonnes du Regard Libre, sous forme d\u2019\u00e9pisodes, selon la vieille tradition du roman-feuilleton. Voici tous les \u00e9pisodes d\u00e9j\u00e0 parus: Episode [&hellip;]<\/p>","protected":false},"author":1,"featured_media":531051,"parent":0,"menu_order":0,"comment_status":"closed","ping_status":"closed","template":"","meta":{"_acf_changed":false,"footnotes":""},"class_list":["post-45975","page","type-page","status-publish","has-post-thumbnail","hentry"],"acf":[],"_links":{"self":[{"href":"https:\/\/leregardlibre.sandbox-novadev.ch\/en\/wp-json\/wp\/v2\/pages\/45975","targetHints":{"allow":["GET"]}}],"collection":[{"href":"https:\/\/leregardlibre.sandbox-novadev.ch\/en\/wp-json\/wp\/v2\/pages"}],"about":[{"href":"https:\/\/leregardlibre.sandbox-novadev.ch\/en\/wp-json\/wp\/v2\/types\/page"}],"author":[{"embeddable":true,"href":"https:\/\/leregardlibre.sandbox-novadev.ch\/en\/wp-json\/wp\/v2\/users\/1"}],"replies":[{"embeddable":true,"href":"https:\/\/leregardlibre.sandbox-novadev.ch\/en\/wp-json\/wp\/v2\/comments?post=45975"}],"version-history":[{"count":0,"href":"https:\/\/leregardlibre.sandbox-novadev.ch\/en\/wp-json\/wp\/v2\/pages\/45975\/revisions"}],"wp:featuredmedia":[{"embeddable":true,"href":"https:\/\/leregardlibre.sandbox-novadev.ch\/en\/wp-json\/wp\/v2\/media\/531051"}],"wp:attachment":[{"href":"https:\/\/leregardlibre.sandbox-novadev.ch\/en\/wp-json\/wp\/v2\/media?parent=45975"}],"curies":[{"name":"wp","href":"https:\/\/api.w.org\/{rel}","templated":true}]}}