{"id":1790,"date":"2016-05-29T19:28:37","date_gmt":"2016-05-29T18:28:37","guid":{"rendered":"http:\/\/leregardlibre.com\/?page_id=1790"},"modified":"2016-05-29T19:28:37","modified_gmt":"2016-05-29T18:28:37","slug":"annonces","status":"publish","type":"page","link":"https:\/\/leregardlibre.sandbox-novadev.ch\/en\/annonces\/","title":{"rendered":"Annonces \/ publicit\u00e9s \/ partenariats"},"content":{"rendered":"<p>Nous nous tenons \u00e0 votre disposition pour ins\u00e9rer l&rsquo;une de vos publicit\u00e9s ou annonces dans nos pages. Nous proposons \u00e9galement aux entreprises, fondations et autres organismes int\u00e9ress\u00e9s par une collaboration des projets \u00e9ditoriaux assurant une visibilit\u00e9 \u00e0 une th\u00e9matique et l\u2019ind\u00e9pendance de son traitement par notre r\u00e9daction.Nous nous mettons \u00e0 votre disposition pour ins\u00e9rer une de vos publicit\u00e9s ou annonces dans nos pages. Nous proposons \u00e9galement aux entreprises, fondations et autres organismes int\u00e9ress\u00e9s par une collaboration des projets \u00e9ditoriaux assurant une visibilit\u00e9 \u00e0 une th\u00e9matique aussi bien que l\u2019ind\u00e9pendance de son traitement par notre r\u00e9daction<\/p>\n\n\n\n<h3 class=\"wp-block-heading\" id=\"h-options-delais-conditions\">Options, d\u00e9lais, conditions:<\/h3>\n\n\n\n<div class=\"wp-block-file\"><a id=\"wp-block-file--media-3ad08c28-1017-4d70-9488-52f420873b15\" href=\"https:\/\/leregardlibre.sandbox-novadev.ch\/wp-content\/uploads\/2025\/12\/donnees-media-le-regard-libre.pdf\">Donne\u0301es me\u0301dia <em>Le Regard Libre<\/em><\/a><a href=\"https:\/\/leregardlibre.sandbox-novadev.ch\/wp-content\/uploads\/2025\/12\/donnees-media-le-regard-libre.pdf\" class=\"wp-block-file__button wp-element-button\" download aria-describedby=\"wp-block-file--media-3ad08c28-1017-4d70-9488-52f420873b15\">T\u00e9l\u00e9charger<\/a><\/div>","protected":false},"excerpt":{"rendered":"<p>Nous nous tenons \u00e0 votre disposition pour ins\u00e9rer l&rsquo;une de vos publicit\u00e9s ou annonces dans nos pages. Nous proposons \u00e9galement aux entreprises, fondations et autres organismes int\u00e9ress\u00e9s par une collaboration des projets \u00e9ditoriaux assurant une visibilit\u00e9 \u00e0 une th\u00e9matique et [&hellip;]<\/p>","protected":false},"author":1,"featured_media":531051,"parent":0,"menu_order":0,"comment_status":"closed","ping_status":"closed","template":"","meta":{"_acf_changed":false,"footnotes":""},"class_list":["post-1790","page","type-page","status-publish","has-post-thumbnail","hentry"],"acf":[],"_links":{"self":[{"href":"https:\/\/leregardlibre.sandbox-novadev.ch\/en\/wp-json\/wp\/v2\/pages\/1790","targetHints":{"allow":["GET"]}}],"collection":[{"href":"https:\/\/leregardlibre.sandbox-novadev.ch\/en\/wp-json\/wp\/v2\/pages"}],"about":[{"href":"https:\/\/leregardlibre.sandbox-novadev.ch\/en\/wp-json\/wp\/v2\/types\/page"}],"author":[{"embeddable":true,"href":"https:\/\/leregardlibre.sandbox-novadev.ch\/en\/wp-json\/wp\/v2\/users\/1"}],"replies":[{"embeddable":true,"href":"https:\/\/leregardlibre.sandbox-novadev.ch\/en\/wp-json\/wp\/v2\/comments?post=1790"}],"version-history":[{"count":0,"href":"https:\/\/leregardlibre.sandbox-novadev.ch\/en\/wp-json\/wp\/v2\/pages\/1790\/revisions"}],"wp:featuredmedia":[{"embeddable":true,"href":"https:\/\/leregardlibre.sandbox-novadev.ch\/en\/wp-json\/wp\/v2\/media\/531051"}],"wp:attachment":[{"href":"https:\/\/leregardlibre.sandbox-novadev.ch\/en\/wp-json\/wp\/v2\/media?parent=1790"}],"curies":[{"name":"wp","href":"https:\/\/api.w.org\/{rel}","templated":true}]}}