{"id":1044,"date":"2022-01-15T12:51:25","date_gmt":"2022-01-15T12:51:25","guid":{"rendered":"https:\/\/soledaddemo.pencidesign.net\/soledad-daily-news\/?page_id=1044"},"modified":"2026-02-26T15:05:37","modified_gmt":"2026-02-26T15:05:37","slug":"abonnement","status":"publish","type":"page","link":"https:\/\/leregardlibre.sandbox-novadev.ch\/en\/abonnement\/","title":{"rendered":"Abonnements"},"content":{"rendered":"<div data-elementor-type=\"wp-page\" data-elementor-id=\"1044\" class=\"elementor elementor-1044\">\n\t\t\t\t\t\t<section class=\"elementor-section elementor-top-section elementor-element elementor-element-8d92428 elementor-section-full_width elementor-section-height-default elementor-section-height-default\" data-id=\"8d92428\" data-element_type=\"section\" data-e-type=\"section\">\n\t\t\t\t\t\t<div class=\"elementor-container elementor-column-gap-default\">\n\t\t\t\t\t<div class=\"elementor-column elementor-col-100 elementor-top-column elementor-element elementor-element-c990324\" data-id=\"c990324\" data-element_type=\"column\" data-e-type=\"column\">\n\t\t\t<div class=\"elementor-widget-wrap elementor-element-populated\">\n\t\t\t\t\t\t<div class=\"elementor-element elementor-element-165e267 elementor-widget elementor-widget-heading\" data-id=\"165e267\" data-element_type=\"widget\" data-e-type=\"widget\" data-widget_type=\"heading.default\">\n\t\t\t\t\t<h3 class=\"elementor-heading-title elementor-size-default\">ABONNEMENTS<\/h3>\t\t\t\t<\/div>\n\t\t<div class=\"elementor-element elementor-element-09b7853 e-con-full e-flex e-con e-parent\" data-id=\"09b7853\" data-element_type=\"container\" data-e-type=\"container\">\n\t\t<div class=\"elementor-element elementor-element-fcf3328 e-con-full e-flex e-con e-child\" data-id=\"fcf3328\" data-element_type=\"container\" data-e-type=\"container\">\n\t\t\t\t<div class=\"elementor-element elementor-element-c32b2f1 elementor-widget elementor-widget-heading\" data-id=\"c32b2f1\" data-element_type=\"widget\" data-e-type=\"widget\" data-widget_type=\"heading.default\">\n\t\t\t\t\t<span class=\"elementor-heading-title elementor-size-default\">\u2713 Premier mois \u00e0 CHF 2.50<\/span>\t\t\t\t<\/div>\n\t\t\t\t<div class=\"elementor-element elementor-element-c919214 elementor-widget elementor-widget-image\" data-id=\"c919214\" data-element_type=\"widget\" data-e-type=\"widget\" data-widget_type=\"image.default\">\n\t\t\t\t\t\t\t\t\t\t\t\t\t\t\t<img fetchpriority=\"high\" decoding=\"async\" width=\"800\" height=\"602\" src=\"https:\/\/leregardlibre.sandbox-novadev.ch\/wp-content\/uploads\/2026\/02\/rl_abo-1.png\" class=\"attachment-large size-large wp-image-531372\" alt=\"\" srcset=\"https:\/\/leregardlibre.sandbox-novadev.ch\/wp-content\/uploads\/2026\/02\/rl_abo-1.png 800w, https:\/\/leregardlibre.sandbox-novadev.ch\/wp-content\/uploads\/2026\/02\/rl_abo-1-300x226.png 300w, https:\/\/leregardlibre.sandbox-novadev.ch\/wp-content\/uploads\/2026\/02\/rl_abo-1-768x578.png 768w, https:\/\/leregardlibre.sandbox-novadev.ch\/wp-content\/uploads\/2026\/02\/rl_abo-1-650x489.png 650w, https:\/\/leregardlibre.sandbox-novadev.ch\/wp-content\/uploads\/2026\/02\/rl_abo-1-600x452.png 600w\" sizes=\"(max-width: 800px) 100vw, 800px\" \/>\t\t\t\t\t\t\t\t\t\t\t\t\t\t\t<\/div>\n\t\t\t\t<div class=\"elementor-element elementor-element-ed35fad elementor-widget elementor-widget-heading\" data-id=\"ed35fad\" data-element_type=\"widget\" data-e-type=\"widget\" data-widget_type=\"heading.default\">\n\t\t\t\t\t<h4 class=\"elementor-heading-title elementor-size-default\">Abonnement num\u00e9rique<\/h4>\t\t\t\t<\/div>\n\t\t\t\t<div class=\"elementor-element elementor-element-67f31f3 elementor-widget elementor-widget-heading\" data-id=\"67f31f3\" data-element_type=\"widget\" data-e-type=\"widget\" data-widget_type=\"heading.default\">\n\t\t\t\t\t<p class=\"elementor-heading-title elementor-size-default\">Acc\u00e8s num\u00e9rique pour les personnes ayant 26 ans ou plus<\/p>\t\t\t\t<\/div>\n\t\t\t\t<div class=\"elementor-element elementor-element-059dffe elementor-widget elementor-widget-heading\" data-id=\"059dffe\" data-element_type=\"widget\" data-e-type=\"widget\" data-widget_type=\"heading.default\">\n\t\t\t\t\t<h2 class=\"elementor-heading-title elementor-size-default\">CHF 50.- \/ an<\/h2>\t\t\t\t<\/div>\n\t\t\t\t<div class=\"elementor-element elementor-element-fb78332 elementor-widget elementor-widget-heading\" data-id=\"fb78332\" data-element_type=\"widget\" data-e-type=\"widget\" data-widget_type=\"heading.default\">\n\t\t\t\t\t<p class=\"elementor-heading-title elementor-size-default\">Acc\u00e8s \u00e0 tous les articles du site pendant une ann\u00e9e ainsi qu'aux \u00e9ditions e-Paper<\/p>\t\t\t\t<\/div>\n\t\t\t\t<div class=\"elementor-element elementor-element-84208ce elementor-align-center elementor-widget elementor-widget-button\" data-id=\"84208ce\" data-element_type=\"widget\" data-e-type=\"widget\" data-widget_type=\"button.default\">\n\t\t\t\t\t\t\t\t\t\t<a class=\"elementor-button elementor-button-link elementor-size-sm\" href=\"\/en\/product\/abonnement-numerique-2\/?attribute_pa_frequence-de-renouvellement=annuelle\">\n\t\t\t\t\t\t<span class=\"elementor-button-content-wrapper\">\n\t\t\t\t\t\t\t\t\t<span class=\"elementor-button-text\">Souscrire maintenant<\/span>\n\t\t\t\t\t<\/span>\n\t\t\t\t\t<\/a>\n\t\t\t\t\t\t\t\t<\/div>\n\t\t\t\t<\/div>\n\t\t<div class=\"elementor-element elementor-element-0ed2478 e-con-full e-flex e-con e-child\" data-id=\"0ed2478\" data-element_type=\"container\" data-e-type=\"container\">\n\t\t\t\t<div class=\"elementor-element elementor-element-5b6876d elementor-widget elementor-widget-heading\" data-id=\"5b6876d\" data-element_type=\"widget\" data-e-type=\"widget\" data-widget_type=\"heading.default\">\n\t\t\t\t\t<span class=\"elementor-heading-title elementor-size-default\">\u2713 Premier mois \u00e0 CHF 2.50<\/span>\t\t\t\t<\/div>\n\t\t\t\t<div class=\"elementor-element elementor-element-4c3ac5f elementor-widget elementor-widget-image\" data-id=\"4c3ac5f\" data-element_type=\"widget\" data-e-type=\"widget\" data-widget_type=\"image.default\">\n\t\t\t\t\t\t\t\t\t\t\t\t\t\t\t<img decoding=\"async\" width=\"800\" height=\"602\" src=\"https:\/\/leregardlibre.sandbox-novadev.ch\/wp-content\/uploads\/2026\/02\/visuel-abonnement-rl-1.png\" class=\"attachment-large size-large wp-image-531383\" alt=\"\" srcset=\"https:\/\/leregardlibre.sandbox-novadev.ch\/wp-content\/uploads\/2026\/02\/visuel-abonnement-rl-1.png 800w, https:\/\/leregardlibre.sandbox-novadev.ch\/wp-content\/uploads\/2026\/02\/visuel-abonnement-rl-1-300x226.png 300w, https:\/\/leregardlibre.sandbox-novadev.ch\/wp-content\/uploads\/2026\/02\/visuel-abonnement-rl-1-768x578.png 768w, https:\/\/leregardlibre.sandbox-novadev.ch\/wp-content\/uploads\/2026\/02\/visuel-abonnement-rl-1-650x489.png 650w, https:\/\/leregardlibre.sandbox-novadev.ch\/wp-content\/uploads\/2026\/02\/visuel-abonnement-rl-1-600x452.png 600w\" sizes=\"(max-width: 800px) 100vw, 800px\" \/>\t\t\t\t\t\t\t\t\t\t\t\t\t\t\t<\/div>\n\t\t\t\t<div class=\"elementor-element elementor-element-7833e50 elementor-widget elementor-widget-heading\" data-id=\"7833e50\" data-element_type=\"widget\" data-e-type=\"widget\" data-widget_type=\"heading.default\">\n\t\t\t\t\t<h4 class=\"elementor-heading-title elementor-size-default\">Abonnement standard<\/h4>\t\t\t\t<\/div>\n\t\t\t\t<div class=\"elementor-element elementor-element-7626528 elementor-widget elementor-widget-heading\" data-id=\"7626528\" data-element_type=\"widget\" data-e-type=\"widget\" data-widget_type=\"heading.default\">\n\t\t\t\t\t<p class=\"elementor-heading-title elementor-size-default\">Pour la Suisse, l'UE et hors UE<\/p>\t\t\t\t<\/div>\n\t\t\t\t<div class=\"elementor-element elementor-element-613396a elementor-widget elementor-widget-heading\" data-id=\"613396a\" data-element_type=\"widget\" data-e-type=\"widget\" data-widget_type=\"heading.default\">\n\t\t\t\t\t<h2 class=\"elementor-heading-title elementor-size-default\">D\u00e8s CHF 100.- \/ an<\/h2>\t\t\t\t<\/div>\n\t\t\t\t<div class=\"elementor-element elementor-element-52c68ea elementor-widget elementor-widget-heading\" data-id=\"52c68ea\" data-element_type=\"widget\" data-e-type=\"widget\" data-widget_type=\"heading.default\">\n\t\t\t\t\t<p class=\"elementor-heading-title elementor-size-default\">Acc\u00e8s \u00e0 tous les articles du site pendant une ann\u00e9e et aux \u00e9ditions papier (10 num\u00e9ros) et e-Paper<\/p>\t\t\t\t<\/div>\n\t\t\t\t<div class=\"elementor-element elementor-element-de37f5d elementor-align-center elementor-widget elementor-widget-button\" data-id=\"de37f5d\" data-element_type=\"widget\" data-e-type=\"widget\" data-widget_type=\"button.default\">\n\t\t\t\t\t\t\t\t\t\t<a class=\"elementor-button elementor-button-link elementor-size-sm\" href=\"\/en\/product\/abonnement-standard\/?attribute_pa_frequence-de-renouvellement=annuelle\">\n\t\t\t\t\t\t<span class=\"elementor-button-content-wrapper\">\n\t\t\t\t\t\t\t\t\t<span class=\"elementor-button-text\">Souscrire maintenant<\/span>\n\t\t\t\t\t<\/span>\n\t\t\t\t\t<\/a>\n\t\t\t\t\t\t\t\t<\/div>\n\t\t\t\t<\/div>\n\t\t<div class=\"elementor-element elementor-element-7dd7fae e-con-full e-flex e-con e-child\" data-id=\"7dd7fae\" data-element_type=\"container\" data-e-type=\"container\">\n\t\t\t\t<div class=\"elementor-element elementor-element-e53fcb5 elementor-widget elementor-widget-heading\" data-id=\"e53fcb5\" data-element_type=\"widget\" data-e-type=\"widget\" data-widget_type=\"heading.default\">\n\t\t\t\t\t<span class=\"elementor-heading-title elementor-size-default\">\u2713 Petit prix pour les jeunes<\/span>\t\t\t\t<\/div>\n\t\t\t\t<div class=\"elementor-element elementor-element-95b6f1d elementor-widget elementor-widget-image\" data-id=\"95b6f1d\" data-element_type=\"widget\" data-e-type=\"widget\" data-widget_type=\"image.default\">\n\t\t\t\t\t\t\t\t\t\t\t\t\t\t\t<img fetchpriority=\"high\" decoding=\"async\" width=\"800\" height=\"602\" src=\"https:\/\/leregardlibre.sandbox-novadev.ch\/wp-content\/uploads\/2026\/02\/rl_abo-1.png\" class=\"attachment-large size-large wp-image-531372\" alt=\"\" srcset=\"https:\/\/leregardlibre.sandbox-novadev.ch\/wp-content\/uploads\/2026\/02\/rl_abo-1.png 800w, https:\/\/leregardlibre.sandbox-novadev.ch\/wp-content\/uploads\/2026\/02\/rl_abo-1-300x226.png 300w, https:\/\/leregardlibre.sandbox-novadev.ch\/wp-content\/uploads\/2026\/02\/rl_abo-1-768x578.png 768w, https:\/\/leregardlibre.sandbox-novadev.ch\/wp-content\/uploads\/2026\/02\/rl_abo-1-650x489.png 650w, https:\/\/leregardlibre.sandbox-novadev.ch\/wp-content\/uploads\/2026\/02\/rl_abo-1-600x452.png 600w\" sizes=\"(max-width: 800px) 100vw, 800px\" \/>\t\t\t\t\t\t\t\t\t\t\t\t\t\t\t<\/div>\n\t\t\t\t<div class=\"elementor-element elementor-element-4ce5b63 elementor-widget elementor-widget-heading\" data-id=\"4ce5b63\" data-element_type=\"widget\" data-e-type=\"widget\" data-widget_type=\"heading.default\">\n\t\t\t\t\t<h4 class=\"elementor-heading-title elementor-size-default\">Abonnement jeune<\/h4>\t\t\t\t<\/div>\n\t\t\t\t<div class=\"elementor-element elementor-element-ba6f27a elementor-widget elementor-widget-heading\" data-id=\"ba6f27a\" data-element_type=\"widget\" data-e-type=\"widget\" data-widget_type=\"heading.default\">\n\t\t\t\t\t<p class=\"elementor-heading-title elementor-size-default\">Pour les jeunes de 25 ans ou moins<\/p>\t\t\t\t<\/div>\n\t\t\t\t<div class=\"elementor-element elementor-element-19597e9 elementor-widget elementor-widget-heading\" data-id=\"19597e9\" data-element_type=\"widget\" data-e-type=\"widget\" data-widget_type=\"heading.default\">\n\t\t\t\t\t<h2 class=\"elementor-heading-title elementor-size-default\">CHF 25.- \/ an<\/h2>\t\t\t\t<\/div>\n\t\t\t\t<div class=\"elementor-element elementor-element-4d56799 elementor-widget elementor-widget-heading\" data-id=\"4d56799\" data-element_type=\"widget\" data-e-type=\"widget\" data-widget_type=\"heading.default\">\n\t\t\t\t\t<p class=\"elementor-heading-title elementor-size-default\">Acc\u00e8s \u00e0 tous les articles du site pendant une ann\u00e9e ainsi qu'aux \u00e9ditions e-Paper<\/p>\t\t\t\t<\/div>\n\t\t\t\t<div class=\"elementor-element elementor-element-965d60f elementor-align-center elementor-widget elementor-widget-button\" data-id=\"965d60f\" data-element_type=\"widget\" data-e-type=\"widget\" data-widget_type=\"button.default\">\n\t\t\t\t\t\t\t\t\t\t<a class=\"elementor-button elementor-button-link elementor-size-sm\" href=\"\/en\/product\/abonnement-jeune-2\/?attribute_pa_frequence-de-renouvellement=annuelle\">\n\t\t\t\t\t\t<span class=\"elementor-button-content-wrapper\">\n\t\t\t\t\t\t\t\t\t<span class=\"elementor-button-text\">Souscrire maintenant<\/span>\n\t\t\t\t\t<\/span>\n\t\t\t\t\t<\/a>\n\t\t\t\t\t\t\t\t<\/div>\n\t\t\t\t<\/div>\n\t\t\t\t<\/div>\n\t\t\t\t\t<\/div>\n\t\t<\/div>\n\t\t\t\t\t<\/div>\n\t\t<\/section>\n\t\t\t\t<section class=\"elementor-section elementor-top-section elementor-element elementor-element-9afcd94 elementor-hidden-desktop elementor-hidden-tablet elementor-hidden-mobile elementor-section-boxed elementor-section-height-default elementor-section-height-default\" data-id=\"9afcd94\" data-element_type=\"section\" data-e-type=\"section\">\n\t\t\t\t\t\t<div class=\"elementor-container elementor-column-gap-default\">\n\t\t\t\t\t<div class=\"elementor-column elementor-col-100 elementor-top-column elementor-element elementor-element-cb2c1b0\" data-id=\"cb2c1b0\" data-element_type=\"column\" data-e-type=\"column\">\n\t\t\t<div class=\"elementor-widget-wrap elementor-element-populated\">\n\t\t\t\t\t\t<div class=\"elementor-element elementor-element-21122e3 elementor-widget elementor-widget-heading\" data-id=\"21122e3\" data-element_type=\"widget\" data-e-type=\"widget\" data-widget_type=\"heading.default\">\n\t\t\t\t\t<h3 class=\"elementor-heading-title elementor-size-default\">Formules d'abonnement mensuels<\/h3>\t\t\t\t<\/div>\n\t\t\t\t\t<\/div>\n\t\t<\/div>\n\t\t\t\t\t<\/div>\n\t\t<\/section>\n\t\t\t\t<section class=\"elementor-section elementor-top-section elementor-element elementor-element-b889cf0 elementor-hidden-desktop elementor-hidden-tablet elementor-hidden-mobile elementor-section-boxed elementor-section-height-default elementor-section-height-default\" data-id=\"b889cf0\" data-element_type=\"section\" data-e-type=\"section\">\n\t\t\t\t\t\t<div class=\"elementor-container elementor-column-gap-default\">\n\t\t\t\t\t<div class=\"elementor-column elementor-col-33 elementor-top-column elementor-element elementor-element-32ece43\" data-id=\"32ece43\" data-element_type=\"column\" data-e-type=\"column\">\n\t\t\t<div class=\"elementor-widget-wrap\">\n\t\t\t\t\t\t\t<\/div>\n\t\t<\/div>\n\t\t\t\t<div class=\"elementor-column elementor-col-33 elementor-top-column elementor-element elementor-element-08fe8f6\" data-id=\"08fe8f6\" data-element_type=\"column\" data-e-type=\"column\">\n\t\t\t<div class=\"elementor-widget-wrap\">\n\t\t\t\t\t\t\t<\/div>\n\t\t<\/div>\n\t\t\t\t<div class=\"elementor-column elementor-col-33 elementor-top-column elementor-element elementor-element-5a0e8f1\" data-id=\"5a0e8f1\" data-element_type=\"column\" data-e-type=\"column\">\n\t\t\t<div class=\"elementor-widget-wrap\">\n\t\t\t\t\t\t\t<\/div>\n\t\t<\/div>\n\t\t\t\t\t<\/div>\n\t\t<\/section>\n\t\t\t\t<\/div>","protected":false},"excerpt":{"rendered":"<p>ABONNEMENTS \u2713 Premier mois \u00e0 CHF 2.50 Abonnement num\u00e9rique Acc\u00e8s num\u00e9rique pour les personnes ayant 26 ans ou plus CHF 50.- \/ an Acc\u00e8s \u00e0 tous les articles du site pendant une ann\u00e9e ainsi qu&rsquo;aux \u00e9ditions e-Paper Souscrire maintenant \u2713 [&hellip;]<\/p>","protected":false},"author":1,"featured_media":531051,"parent":0,"menu_order":0,"comment_status":"closed","ping_status":"closed","template":"","meta":{"_acf_changed":false,"footnotes":""},"class_list":["post-1044","page","type-page","status-publish","has-post-thumbnail","hentry"],"acf":[],"_links":{"self":[{"href":"https:\/\/leregardlibre.sandbox-novadev.ch\/en\/wp-json\/wp\/v2\/pages\/1044","targetHints":{"allow":["GET"]}}],"collection":[{"href":"https:\/\/leregardlibre.sandbox-novadev.ch\/en\/wp-json\/wp\/v2\/pages"}],"about":[{"href":"https:\/\/leregardlibre.sandbox-novadev.ch\/en\/wp-json\/wp\/v2\/types\/page"}],"author":[{"embeddable":true,"href":"https:\/\/leregardlibre.sandbox-novadev.ch\/en\/wp-json\/wp\/v2\/users\/1"}],"replies":[{"embeddable":true,"href":"https:\/\/leregardlibre.sandbox-novadev.ch\/en\/wp-json\/wp\/v2\/comments?post=1044"}],"version-history":[{"count":12,"href":"https:\/\/leregardlibre.sandbox-novadev.ch\/en\/wp-json\/wp\/v2\/pages\/1044\/revisions"}],"predecessor-version":[{"id":531386,"href":"https:\/\/leregardlibre.sandbox-novadev.ch\/en\/wp-json\/wp\/v2\/pages\/1044\/revisions\/531386"}],"wp:featuredmedia":[{"embeddable":true,"href":"https:\/\/leregardlibre.sandbox-novadev.ch\/en\/wp-json\/wp\/v2\/media\/531051"}],"wp:attachment":[{"href":"https:\/\/leregardlibre.sandbox-novadev.ch\/en\/wp-json\/wp\/v2\/media?parent=1044"}],"curies":[{"name":"wp","href":"https:\/\/api.w.org\/{rel}","templated":true}]}}